{"id":1415,"date":"2023-06-24T05:34:01","date_gmt":"2023-06-24T05:34:01","guid":{"rendered":"https:\/\/amsterdaminns.com\/attractions\/"},"modified":"2024-01-31T19:33:18","modified_gmt":"2024-01-31T19:33:18","slug":"attractions","status":"publish","type":"page","link":"https:\/\/amsterdaminns.com\/fr\/attractions\/","title":{"rendered":"Attractions"},"content":{"rendered":"\n<h2>\n\t\tAttractions\n\t<\/h2>\n\t<p>Pendant votre s\u00e9jour chez nous, assurez-vous de visiter certaines des attractions \u00e9tonnantes de notre belle province du Nouveau-Brunswick. Nous proposons \u00e9galement des forfaits incroyables pour votre plaisir!<\/p>\n<h2>\n\t\tMONCTON \n\t<\/h2>\n<h2>\n\t\tAREA\n\t<\/h2>\n\t<p>L&rsquo;Amsterdam Inn &amp; Suites est id\u00e9alement situ\u00e9 \u00e0 proximit\u00e9 de l&rsquo;autoroute transcanadienne, ce qui rend votre voyage vers tous les magasins, activit\u00e9s et attractions de Moncton un jeu d&rsquo;enfant.<\/p>\n\t\t\t\t\t<a href=\"javascript:void(0);\" id=\"fl-accordion--label-0\" tabindex=\"0\" aria-controls=\"fl-accordion--panel-0\">MONTAGNE MAGIQUE<\/a>\n\t\t\t\t\t\t\t\t\t\t\t<a href=\"#\" id=\"fl-accordion--icon-0\" tabindex=\"-1\" aria-controls=\"fl-accordion--panel-0\"><i>Expand<\/i><\/a>\n\t\t\t\t\t<p>Passez la journ\u00e9e avec votre famille et vos amis \u00e0 Magic Mountain.Faites l&rsquo;exp\u00e9rience d&rsquo;une vari\u00e9t\u00e9 de promenades offertes par le parc d&rsquo;attractions du Nouveau Brunswick \u00e0 quelques minutes de route.<\/p>\nMagic Mountain propose 4 principales dont:<br \/>\nUne Splash zone<br \/>\nUne Fun Zone<br \/>\nGolf Zone<br \/>\nTekZone\n\t\t\t\t\t<a href=\"javascript:void(0);\" id=\"fl-accordion--label-1\" tabindex=\"0\" aria-controls=\"fl-accordion--panel-1\">MAGNETIC HILL<\/a>\n\t\t\t\t\t\t\t\t\t\t\t<a href=\"#\" id=\"fl-accordion--icon-1\" tabindex=\"-1\" aria-controls=\"fl-accordion--panel-1\"><i>Expand<\/i><\/a>\n\t\t\t\t\t<p>Magnetic Hill offre une vari\u00e9t\u00e9 d&rsquo;exp\u00e9riences dont des ph\u00e9nom\u00e8nes naturels, des animaux, des attractions des parcs, des boutiques, une cave \u00e0 vin et plus encore!Magnetic Hill est une destination unique<\/p>\n\t\t\t\t\t<a href=\"javascript:void(0);\" id=\"fl-accordion--label-2\" tabindex=\"0\" aria-controls=\"fl-accordion--panel-2\"> CASINO NOUVEAU-BRUNSWICK<\/a>\n\t\t\t\t\t\t\t\t\t\t\t<a href=\"#\" id=\"fl-accordion--icon-2\" tabindex=\"-1\" aria-controls=\"fl-accordion--panel-2\"><i>Expand<\/i><\/a>\n\t\t\t\t\t<p>Le casino du New Brunswick est situ\u00e9 dans notre cour arri\u00e8re et offre une vari\u00e9t\u00e9 de bons restaurants et de divertissements. S\u00e9journez \u00e0 l&rsquo;h\u00f4tel Amsterdam Inn &amp; Suites \u00e0 Moncton et traversez notre cour arri\u00e8re jusqu&rsquo;au casino pour emprunter la route la plus rapide.<\/p>\n\t\t\t\t\t<a href=\"javascript:void(0);\" id=\"fl-accordion--label-3\" tabindex=\"0\" aria-controls=\"fl-accordion--panel-3\"> ZOO DE MAGNETIC HILL<\/a>\n\t\t\t\t\t\t\t\t\t\t\t<a href=\"#\" id=\"fl-accordion--icon-3\" tabindex=\"-1\" aria-controls=\"fl-accordion--panel-3\"><i>Expand<\/i><\/a>\n\t\t\t\t\tD\u00e9couvrez un monde de nature et d&rsquo;excitation \u00e0 seulement 4 minutes de route. Le zoo<br \/>\nde Magnetic Hill est rempli de plaisir pour tout le monde et offre une exp\u00e9rience<br \/>\nfamiliale exceptionnelle.\nNourritures quotidiennes :<br \/>\nPrimates: 12 h 30<br \/>\nTigres : 13 h 30<br \/>\nLoutres : 14 h 30\n\t\t\t\t\t<a href=\"javascript:void(0);\" id=\"fl-accordion--label-4\" tabindex=\"0\" aria-controls=\"fl-accordion--panel-4\">AEROPORT DE MONCTON<\/a>\n\t\t\t\t\t\t\t\t\t\t\t<a href=\"#\" id=\"fl-accordion--icon-4\" tabindex=\"-1\" aria-controls=\"fl-accordion--panel-4\"><i>Expand<\/i><\/a>\n\t\t\t\t\t<p>Vous planifiez de vous envoler depuis l&rsquo;aeroport de Moncton? Sejournez au Amsterdam Inn &amp; Suites une nuit pour obtenir le stationnement pour la totalite de votre sejour. Prenez un taxi de l&rsquo;Amsterdam a l&rsquo;aeroport et ne vous inquietez pas de payer pour le stationnement.<\/p>\n<h2>\n\t\tSAINT JOHN \/ QUISPAMSIS  \n\t<\/h2>\n<h2>\n\t\tAREA\n\t<\/h2>\n\t<p>Le Quality Inn &amp; Suites Amsterdam est id\u00e9alement situ\u00e9, vous offrant un acc\u00e8s facile \u00e0 l&rsquo;autoroute transcanadienne pour des voyages rapides au centre-ville de Saint John, \u00e0 l&rsquo;a\u00e9roport de Saint John, au d\u00e9but du sentier de la baie de Fundy, \u00e0 St. Martins et \u00e0 bien d&rsquo;autres endroits formidables. attractions.<\/p>\n\t\t\t\t\t<a href=\"javascript:void(0);\" id=\"fl-accordion--label-0\" tabindex=\"0\" aria-controls=\"fl-accordion--panel-0\">TIMPERTOP ADVENTURES<\/a>\n\t\t\t\t\t\t\t\t\t\t\t<a href=\"#\" id=\"fl-accordion--icon-0\" tabindex=\"-1\" aria-controls=\"fl-accordion--panel-0\"><i>Expand<\/i><\/a>\n\t\t\t\t\tSitue a 20 minutes de notre hotel de Quispamsis dans le beau parc Dominion a Saint-John, Aventures TimberTtop est l&rsquo;un des plus grands parcs d&rsquo;aventure aerienne au Canada, avec 12 parcours, compos\u00e9s de plus de 115 obstacles uniques d&rsquo;arbre-a-arbre, inspires de realisations<br \/>\ntrouvees partout dans le monde. Celles-ci incluent plus de 29 defis de zipline. Pour toute personne \u00e2gee de 5 \u00e0 85 ans.\n<p>Recipiendaire du Prix du Choix des voyageurs 2020 de TripAdvisor. Reservations a l&rsquo;avance requises.<\/p>\n\t\t\t\t\t<a href=\"javascript:void(0);\" id=\"fl-accordion--label-1\" tabindex=\"0\" aria-controls=\"fl-accordion--panel-1\">ROCKWOOD PARK<\/a>\n\t\t\t\t\t\t\t\t\t\t\t<a href=\"#\" id=\"fl-accordion--icon-1\" tabindex=\"-1\" aria-controls=\"fl-accordion--panel-1\"><i>Expand<\/i><\/a>\n\t\t\t\t\tProfitez d&rsquo;une journee d&rsquo;aventure a Rockwood Park avec plus de 55 sentiers. Le parc<br \/>\nRockwood est a 13 minutes du Quality Inn &amp; Suites Amsterdam et est un parc<br \/>\nd&rsquo;attractions naturel toutes saisons.\n<p>Les attractions comprennent :<\/p>\n. Camping Rockwood Park<br \/>\n. Inside Out Nature Centre<br \/>\n. Pavillon Hatheway\/Lily&rsquo;s Cafe<br \/>\n. Rockwood Stables<br \/>\n. Parcours de golf de Rockwood Park<br \/>\n. Britt&rsquo;s\n\t\t\t\t\t<a href=\"javascript:void(0);\" id=\"fl-accordion--label-2\" tabindex=\"0\" aria-controls=\"fl-accordion--panel-2\">COURS DE GOLF HAMPTON<\/a>\n\t\t\t\t\t\t\t\t\t\t\t<a href=\"#\" id=\"fl-accordion--icon-2\" tabindex=\"-1\" aria-controls=\"fl-accordion--panel-2\"><i>Expand<\/i><\/a>\n\t\t\t\t\t<p>Profitez d&rsquo;une journee de golf et de beaux paysages au Hampton Golf Club. Environ 14 minutes en voiture du Quality Inn &amp; Suites Amsterdam Quispamsis, NB. Profitez de nos forfaits de golf Sejourner et jouer pour les meilleurs tarifs!<\/p>\n\t\t\t\t\t<a href=\"javascript:void(0);\" id=\"fl-accordion--label-3\" tabindex=\"0\" aria-controls=\"fl-accordion--panel-3\">TD STATION<\/a>\n\t\t\t\t\t\t\t\t\t\t\t<a href=\"#\" id=\"fl-accordion--icon-3\" tabindex=\"-1\" aria-controls=\"fl-accordion--panel-3\"><i>Expand<\/i><\/a>\n\t\t\t\t\t<p>La TD Station se trouve a 14 minutes de route du Quality Inn &amp; Suites Amsterdam, a Quispamsis, au Nouveau-Brunswick. TD Station accueille les Sea Dogs de Saint John. Visitez TD Station pour un match de hockey, ou d&rsquo;autres \u00e9v\u00e9nements de divertissement<\/p>\n\t\t\t\t\t<a href=\"javascript:void(0);\" id=\"fl-accordion--label-4\" tabindex=\"0\" aria-controls=\"fl-accordion--panel-4\">IRVING NATURE PARK<\/a>\n\t\t\t\t\t\t\t\t\t\t\t<a href=\"#\" id=\"fl-accordion--icon-4\" tabindex=\"-1\" aria-controls=\"fl-accordion--panel-4\"><i>Expand<\/i><\/a>\n\t\t\t\t\t<p>Le Irving Nature Park a ete cree par JD Irving pour proteger un important secteur environnemental. Le parc de 600 acres abrite une variete d&rsquo;ecosystemes le long de la c\u00f4te sud du Nouveau-Brunswick. Le parc est ouvert a tous et offre une variete d&rsquo;activit\u00e9s et de beaux sites.<\/p>\n\t\t\t\t\t<a href=\"javascript:void(0);\" id=\"fl-accordion--label-5\" tabindex=\"0\" aria-controls=\"fl-accordion--panel-5\">AEROPORT DE SAINT JOHN<\/a>\n\t\t\t\t\t\t\t\t\t\t\t<a href=\"#\" id=\"fl-accordion--icon-5\" tabindex=\"-1\" aria-controls=\"fl-accordion--panel-5\"><i>Expand<\/i><\/a>\n\t\t\t\t\t<p>L&rsquo;aeroport de Saint John est a un petit 12 minutes en voiture de notre emplacement de Quispamsis, connu sous le nom de Saint John Airport Hotel. Profitez pleinement de notre forfait Stationnement et vol pour beneficier d&rsquo;un stationnement gratuit pour la totalite de votre sejour avec des navettes gratuites depuis et vers l&rsquo;aeroport.<\/p>\n<h2>\n\t\tSUSSEX \/ ST MARTIN&rsquo;S \/ <br \/> ALMA  \n\t<\/h2>\n<h2>\n\t\tAREA\n\t<\/h2>\n\t<p>Id\u00e9alement situ\u00e9 \u00e0 proximit\u00e9 de l&rsquo;autoroute transcanadienne et des commerces, activit\u00e9s et attractions locales, l&rsquo;Amsterdam Inn est pr\u00eat \u00e0 faire de votre exp\u00e9rience de voyage la meilleure \u00e0 ce jour.<\/p>\n\t\t\t\t\t<a href=\"javascript:void(0);\" id=\"fl-accordion--label-0\" tabindex=\"0\" aria-controls=\"fl-accordion--panel-0\">SUSSEX CRAFT DISTILLERY<\/a>\n\t\t\t\t\t\t\t\t\t\t\t<a href=\"#\" id=\"fl-accordion--icon-0\" tabindex=\"-1\" aria-controls=\"fl-accordion--panel-0\"><i>Expand<\/i><\/a>\n\t\t\t\t\t<p>Lors de votre visite \u00e0 Sussex, assurez-vous de vous arr\u00eater \u00e0 notre distillerie artisanale locale pour d\u00e9guster du rhum et des liqueurs. La distillerie artisanale est \u00e0 quelques minutes de notre propri\u00e9t\u00e9 Sussex Amsterdam Inn et elle vaut le d\u00e9tour. Profitez de la visite gratuite de la distillerie!<\/p>\n<p>Assurez-vous de go\u00fbter au Northern Comfort, le go\u00fbt de l&rsquo;\u00e9rable est purement canadien.<\/p>\n<p>Pour plus d&rsquo;informations, appelez au: 1-(506)433-2800<\/p>\n\t\t\t\t\t<a href=\"javascript:void(0);\" id=\"fl-accordion--label-1\" tabindex=\"0\" aria-controls=\"fl-accordion--panel-1\">GASTOLF OLD BAVARIAN RESTAURANT<\/a>\n\t\t\t\t\t\t\t\t\t\t\t<a href=\"#\" id=\"fl-accordion--icon-1\" tabindex=\"-1\" aria-controls=\"fl-accordion--panel-1\"><i>Expand<\/i><\/a>\n\t\t\t\t\t<p>Le vieux restaurant bavarois Gasthof, boucherie et ferme<\/p>\n<p>Le vieux restaurant bavarois Gasthof, boucherie et ferme est vraiment une exp\u00e9rience unique. La famille poss\u00e8de et exploite les activit\u00e9s de la ferme \u00e0 l&rsquo;assiette. Cette attraction authentique vous invite en p\u00e9riph\u00e9rie de Sussex, NB pour un repas de style allemand et une escapade. Profitez du paysage agr\u00e9able sur votre route!<\/p>\nHeures : vendredi, samedi et dimanche seulement. De 12 h \u00e0 22 h<br \/>\nR\u00e9servations : 1- (506)-433-4735<br \/>\nHeures d&rsquo;ouverture de la boucherie: vendredi 9h-17h\n<p>Comme vu sur &lt;&lt; You Gotta Eat here&gt;&gt; et &lt;&lt;Chopped Canada&gt;&gt;<\/p>\n\t\t\t\t\t<a href=\"javascript:void(0);\" id=\"fl-accordion--label-2\" tabindex=\"0\" aria-controls=\"fl-accordion--panel-2\">SENTTIER DAN LA NATURE SUSSEX<\/a>\n\t\t\t\t\t\t\t\t\t\t\t<a href=\"#\" id=\"fl-accordion--icon-2\" tabindex=\"-1\" aria-controls=\"fl-accordion--panel-2\"><i>Expand<\/i><\/a>\n\t\t\t\t\t<p>Explorez et appr\u00e9ciez notre sentier local dans la nature! Faites du v\u00e9lo, courez ou marchez sur le sentier pittoresque et gardez les yeux ouverts sur la faune du Nouveau Brunswick. Les sc\u00e8nes possibles sur les sentiers comprennent, cerfs, tortues, lapins, perdrix, serpents, et de nombreuses autres esp\u00e8ces.<\/p>\n<p>Renseignez-vous \u00e0 la r\u00e9ception<\/p>\n\t\t\t\t\t<a href=\"javascript:void(0);\" id=\"fl-accordion--label-3\" tabindex=\"0\" aria-controls=\"fl-accordion--panel-3\">PEINTURES MURALES DE SUSSEX<\/a>\n\t\t\t\t\t\t\t\t\t\t\t<a href=\"#\" id=\"fl-accordion--icon-3\" tabindex=\"-1\" aria-controls=\"fl-accordion--panel-3\"><i>Expand<\/i><\/a>\n\t\t\t\t\t<p>Sussex au Nouveau-Brunswick est la capitale des peintures murales de l&rsquo;Atlantique. Les peintures murales ont \u00e9t\u00e9 cr\u00e9\u00e9es par des artistes locaux dans toute la communaut\u00e9. Faites un tour en voiture, en v\u00e9lo ou marchez dans la ville de Sussex pour voir si vous pouvez trouver chaque peinture murale.<\/p>\n\t\t\t\t\t<a href=\"javascript:void(0);\" id=\"fl-accordion--label-4\" tabindex=\"0\" aria-controls=\"fl-accordion--panel-4\">POLEY MOUNTAIN<\/a>\n\t\t\t\t\t\t\t\t\t\t\t<a href=\"#\" id=\"fl-accordion--icon-4\" tabindex=\"-1\" aria-controls=\"fl-accordion--panel-4\"><i>Expand<\/i><\/a>\n\t\t\t\t\t<p>Poley Mountain Ski Hill est une destination id\u00e9ale pour les familles, les r\u00e9ceptions, les mariages et plus encore.<\/p>\n<p>Tout au long de la saison hivernale, profitez de notre forfait Ski et s\u00e9jour offert uniquement au Amsterdam Inn &amp; Suites.<\/p>\n<p>Planification d&rsquo;un mariage, d&rsquo;une r\u00e9ception ou d&rsquo;un \u00e9v\u00e9nement, appelez-nous pour faire des r\u00e9servations de groupe pour les invit\u00e9s de l&rsquo;ext\u00e9rieur de la ville.<\/p>\n\t\t\t\t\t<a href=\"javascript:void(0);\" id=\"fl-accordion--label-5\" tabindex=\"0\" aria-controls=\"fl-accordion--panel-5\">LES GROTTES MARINES DE ST. MARTIN ET LE SENTIER DE FUNDY<\/a>\n\t\t\t\t\t\t\t\t\t\t\t<a href=\"#\" id=\"fl-accordion--icon-5\" tabindex=\"-1\" aria-controls=\"fl-accordion--panel-5\"><i>Expand<\/i><\/a>\n\t\t\t\t\t<p>Une attraction qui vaut le d\u00e9tour! Visitez les grottes marines de St. Martin et le sentier Fundy pour une exp\u00e9rience compl\u00e8te en famille et entre amis. St. Martin est situ\u00e9 sur la baie de Fundy et abrite les mar\u00e9es les plus grandes au monde. Passez la journ\u00e9e \u00e0 marcher sur le fond de la mer et \u00e0 admirer les sites incroyables le long d sentier de Fundy.<\/p>\n<p>Astuce : Consultez le calendrier des mar\u00e9es pour les grottes de la mer St. Martins pour vous assurer que vous aurez une chance de marcher sur le plancher oc\u00e9anique.<\/p>\n<p>Vous pouvez demander l&rsquo;aide de la r\u00e9ception ou chercher en ligne!<\/p>\n\t\t\t\t\t<a href=\"javascript:void(0);\" id=\"fl-accordion--label-6\" tabindex=\"0\" aria-controls=\"fl-accordion--panel-6\">PARC NATIONAL FUNDY<\/a>\n\t\t\t\t\t\t\t\t\t\t\t<a href=\"#\" id=\"fl-accordion--icon-6\" tabindex=\"-1\" aria-controls=\"fl-accordion--panel-6\"><i>Expand<\/i><\/a>\n\t\t\t\t\t<p>Le parc national Fundy abrite certaines des plus grandes mar\u00e9es du monde le long de la baie de Fundy et offre une vari\u00e9t\u00e9 d&rsquo;activit\u00e9s et d&rsquo;aventures tout au long de l&rsquo;ann\u00e9e. S\u00e9journez \u00e0 l&rsquo;h\u00f4tel Amsterdam Inn &amp; Suites Sussex, au c\u0153ur des principales attractions du Nouveau-Brunswick, et ajoutez le parc national Fundy \u00e0 votre liste d&rsquo;excursions d&rsquo;une journ\u00e9e!<\/p>\n<h2>\n\t\tFREDERICTON \n\t<\/h2>\n<h2>\n\t\tAREA\n\t<\/h2>\n\t<p>Le Quality Inn &amp; Suites Amsterdam Fredericton est situ\u00e9 \u00e0 proximit\u00e9 de toutes les attractions importantes de Fredericton, au Nouveau-Brunswick, notamment les magasins, les brasseries artisanales, les restaurants, les mus\u00e9es et bien plus encore. Avec un acc\u00e8s rapide \u00e0 l&rsquo;autoroute transcanadienne, cette propri\u00e9t\u00e9 est parfaite pour tous les besoins de d\u00e9placement.<\/p>\n\t\t\t\t\t<a href=\"javascript:void(0);\" id=\"fl-accordion--label-0\" tabindex=\"0\" aria-controls=\"fl-accordion--panel-0\">GRIMROSS BREWING<\/a>\n\t\t\t\t\t\t\t\t\t\t\t<a href=\"#\" id=\"fl-accordion--icon-0\" tabindex=\"-1\" aria-controls=\"fl-accordion--panel-0\"><i>Expand<\/i><\/a>\n\t\t\t\t\t<p>Si vous etes a la recherche d&rsquo;une experience unique, rendez-vous a la brasserie Grimross a 4 minutes en voiture. Appelez aujourd&rsquo;hui pour plus d&rsquo;informations. 1-(506)-454-4810<\/p>\n\t\t\t\t\t<a href=\"javascript:void(0);\" id=\"fl-accordion--label-1\" tabindex=\"0\" aria-controls=\"fl-accordion--panel-1\">H\u00d4TEL DE VILLE<\/a>\n\t\t\t\t\t\t\t\t\t\t\t<a href=\"#\" id=\"fl-accordion--icon-1\" tabindex=\"-1\" aria-controls=\"fl-accordion--panel-1\"><i>Expand<\/i><\/a>\n\t\t\t\t\t<p>En tant que capitale du Nouveau-Brunswick, l&rsquo;hotel de ville de Fredericton est une attraction unique. Marchez au centre-ville de Fredericton et decouvrez une communaute remplie d&rsquo;art, de culture et de patrimoine.<\/p>\n\t\t\t\t\t<a href=\"javascript:void(0);\" id=\"fl-accordion--label-2\" tabindex=\"0\" aria-controls=\"fl-accordion--panel-2\">TREEGO MACTAQUAC<\/a>\n\t\t\t\t\t\t\t\t\t\t\t<a href=\"#\" id=\"fl-accordion--icon-2\" tabindex=\"-1\" aria-controls=\"fl-accordion--panel-2\"><i>Expand<\/i><\/a>\n\t\t\t\t\t<p>TreeGo Mactaquac ouvre ses portes le 1er mai et ferme le 31 octobre. TreeGo propose une aventure aerienne avec divers cours pour une experience passionnante<\/p>\n\t\t\t\t\t<a href=\"javascript:void(0);\" id=\"fl-accordion--label-3\" tabindex=\"0\" aria-controls=\"fl-accordion--panel-3\">KINGS LANDING<\/a>\n\t\t\t\t\t\t\t\t\t\t\t<a href=\"#\" id=\"fl-accordion--icon-3\" tabindex=\"-1\" aria-controls=\"fl-accordion--panel-3\"><i>Expand<\/i><\/a>\n\t\t\t\t\t<p>Remontez le temps a Kings Landing et vivez l&rsquo;experience du patrimoine canadien en explorant les installations anciennes et en decouvrant comment les gens vivaient au 19e siecle. Ayez une interaction et apprenez l&rsquo;histoire qui s&rsquo;etend sur 150 ans. Avec plus de 70 000 artefacts, l&rsquo;une des plus grandes collections au Canada Atlantique, Kings Landing est hautement recommande.<\/p>\n\n","protected":false},"excerpt":{"rendered":"<p>Attractions Pendant votre s\u00e9jour chez nous, assurez-vous de visiter certaines des attractions \u00e9tonnantes de notre belle province du Nouveau-Brunswick. Nous proposons \u00e9galement des forfaits incroyables pour votre plaisir! MONCTON AREA L&rsquo;Amsterdam Inn &amp; Suites est id\u00e9alement situ\u00e9 \u00e0 proximit\u00e9 de l&rsquo;autoroute transcanadienne, ce qui rend votre voyage vers tous les magasins, activit\u00e9s et attractions de&hellip;<\/p>\n","protected":false},"author":1,"featured_media":0,"parent":0,"menu_order":0,"comment_status":"closed","ping_status":"closed","template":"","meta":{"_acf_changed":false,"footnotes":""},"class_list":["post-1415","page","type-page","status-publish","hentry"],"acf":[],"yoast_head":"<!-- This site is optimized with the Yoast SEO plugin v27.4 - https:\/\/yoast.com\/product\/yoast-seo-wordpress\/ -->\n<title>Attractions - Amsterdam Inn<\/title>\n<meta name=\"robots\" content=\"index, follow, max-snippet:-1, max-image-preview:large, max-video-preview:-1\" \/>\n<link rel=\"canonical\" href=\"https:\/\/amsterdaminns.com\/attractions\/\" \/>\n<meta property=\"og:locale\" content=\"fr_FR\" \/>\n<meta property=\"og:type\" content=\"article\" \/>\n<meta property=\"og:title\" content=\"Attractions - Amsterdam Inn\" \/>\n<meta property=\"og:description\" content=\"Attractions Pendant votre s\u00e9jour chez nous, assurez-vous de visiter certaines des attractions \u00e9tonnantes de notre belle province du Nouveau-Brunswick. Nous proposons \u00e9galement des forfaits incroyables pour votre plaisir! MONCTON AREA L&rsquo;Amsterdam Inn &amp; Suites est id\u00e9alement situ\u00e9 \u00e0 proximit\u00e9 de l&rsquo;autoroute transcanadienne, ce qui rend votre voyage vers tous les magasins, activit\u00e9s et attractions de&hellip;\" \/>\n<meta property=\"og:url\" content=\"https:\/\/amsterdaminns.com\/attractions\/\" \/>\n<meta property=\"og:site_name\" content=\"Amsterdam Inn\" \/>\n<meta property=\"article:modified_time\" content=\"2024-01-31T19:33:18+00:00\" \/>\n<meta name=\"twitter:card\" content=\"summary_large_image\" \/>\n<meta name=\"twitter:label1\" content=\"Dur\u00e9e de lecture estim\u00e9e\" \/>\n\t<meta name=\"twitter:data1\" content=\"7 minutes\" \/>\n<script type=\"application\/ld+json\" class=\"yoast-schema-graph\">{\"@context\":\"https:\\\/\\\/schema.org\",\"@graph\":[{\"@type\":\"WebPage\",\"@id\":\"https:\\\/\\\/amsterdaminns.com\\\/attractions\\\/\",\"url\":\"https:\\\/\\\/amsterdaminns.com\\\/attractions\\\/\",\"name\":\"Attractions - Amsterdam Inn\",\"isPartOf\":{\"@id\":\"https:\\\/\\\/amsterdaminns.com\\\/#website\"},\"datePublished\":\"2023-06-24T05:34:01+00:00\",\"dateModified\":\"2024-01-31T19:33:18+00:00\",\"breadcrumb\":{\"@id\":\"https:\\\/\\\/amsterdaminns.com\\\/attractions\\\/#breadcrumb\"},\"inLanguage\":\"fr-FR\",\"potentialAction\":[{\"@type\":\"ReadAction\",\"target\":[\"https:\\\/\\\/amsterdaminns.com\\\/attractions\\\/\"]}]},{\"@type\":\"BreadcrumbList\",\"@id\":\"https:\\\/\\\/amsterdaminns.com\\\/attractions\\\/#breadcrumb\",\"itemListElement\":[{\"@type\":\"ListItem\",\"position\":1,\"name\":\"Home\",\"item\":\"https:\\\/\\\/amsterdaminns.com\\\/fr\\\/\"},{\"@type\":\"ListItem\",\"position\":2,\"name\":\"Attractions\"}]},{\"@type\":\"WebSite\",\"@id\":\"https:\\\/\\\/amsterdaminns.com\\\/#website\",\"url\":\"https:\\\/\\\/amsterdaminns.com\\\/\",\"name\":\"Amsterdam Inn\",\"description\":\"\",\"potentialAction\":[{\"@type\":\"SearchAction\",\"target\":{\"@type\":\"EntryPoint\",\"urlTemplate\":\"https:\\\/\\\/amsterdaminns.com\\\/?s={search_term_string}\"},\"query-input\":{\"@type\":\"PropertyValueSpecification\",\"valueRequired\":true,\"valueName\":\"search_term_string\"}}],\"inLanguage\":\"fr-FR\"}]}<\/script>\n<!-- \/ Yoast SEO plugin. -->","yoast_head_json":{"title":"Attractions - Amsterdam Inn","robots":{"index":"index","follow":"follow","max-snippet":"max-snippet:-1","max-image-preview":"max-image-preview:large","max-video-preview":"max-video-preview:-1"},"canonical":"https:\/\/amsterdaminns.com\/attractions\/","og_locale":"fr_FR","og_type":"article","og_title":"Attractions - Amsterdam Inn","og_description":"Attractions Pendant votre s\u00e9jour chez nous, assurez-vous de visiter certaines des attractions \u00e9tonnantes de notre belle province du Nouveau-Brunswick. Nous proposons \u00e9galement des forfaits incroyables pour votre plaisir! MONCTON AREA L&rsquo;Amsterdam Inn &amp; Suites est id\u00e9alement situ\u00e9 \u00e0 proximit\u00e9 de l&rsquo;autoroute transcanadienne, ce qui rend votre voyage vers tous les magasins, activit\u00e9s et attractions de&hellip;","og_url":"https:\/\/amsterdaminns.com\/attractions\/","og_site_name":"Amsterdam Inn","article_modified_time":"2024-01-31T19:33:18+00:00","twitter_card":"summary_large_image","twitter_misc":{"Dur\u00e9e de lecture estim\u00e9e":"7 minutes"},"schema":{"@context":"https:\/\/schema.org","@graph":[{"@type":"WebPage","@id":"https:\/\/amsterdaminns.com\/attractions\/","url":"https:\/\/amsterdaminns.com\/attractions\/","name":"Attractions - Amsterdam Inn","isPartOf":{"@id":"https:\/\/amsterdaminns.com\/#website"},"datePublished":"2023-06-24T05:34:01+00:00","dateModified":"2024-01-31T19:33:18+00:00","breadcrumb":{"@id":"https:\/\/amsterdaminns.com\/attractions\/#breadcrumb"},"inLanguage":"fr-FR","potentialAction":[{"@type":"ReadAction","target":["https:\/\/amsterdaminns.com\/attractions\/"]}]},{"@type":"BreadcrumbList","@id":"https:\/\/amsterdaminns.com\/attractions\/#breadcrumb","itemListElement":[{"@type":"ListItem","position":1,"name":"Home","item":"https:\/\/amsterdaminns.com\/fr\/"},{"@type":"ListItem","position":2,"name":"Attractions"}]},{"@type":"WebSite","@id":"https:\/\/amsterdaminns.com\/#website","url":"https:\/\/amsterdaminns.com\/","name":"Amsterdam Inn","description":"","potentialAction":[{"@type":"SearchAction","target":{"@type":"EntryPoint","urlTemplate":"https:\/\/amsterdaminns.com\/?s={search_term_string}"},"query-input":{"@type":"PropertyValueSpecification","valueRequired":true,"valueName":"search_term_string"}}],"inLanguage":"fr-FR"}]}},"_links":{"self":[{"href":"https:\/\/amsterdaminns.com\/fr\/wp-json\/wp\/v2\/pages\/1415","targetHints":{"allow":["GET"]}}],"collection":[{"href":"https:\/\/amsterdaminns.com\/fr\/wp-json\/wp\/v2\/pages"}],"about":[{"href":"https:\/\/amsterdaminns.com\/fr\/wp-json\/wp\/v2\/types\/page"}],"author":[{"embeddable":true,"href":"https:\/\/amsterdaminns.com\/fr\/wp-json\/wp\/v2\/users\/1"}],"replies":[{"embeddable":true,"href":"https:\/\/amsterdaminns.com\/fr\/wp-json\/wp\/v2\/comments?post=1415"}],"version-history":[{"count":4,"href":"https:\/\/amsterdaminns.com\/fr\/wp-json\/wp\/v2\/pages\/1415\/revisions"}],"predecessor-version":[{"id":2730,"href":"https:\/\/amsterdaminns.com\/fr\/wp-json\/wp\/v2\/pages\/1415\/revisions\/2730"}],"wp:attachment":[{"href":"https:\/\/amsterdaminns.com\/fr\/wp-json\/wp\/v2\/media?parent=1415"}],"curies":[{"name":"wp","href":"https:\/\/api.w.org\/{rel}","templated":true}]}}