{"id":1417,"date":"2023-08-01T16:19:26","date_gmt":"2023-08-01T16:19:26","guid":{"rendered":"https:\/\/amsterdaminns.com\/catering\/"},"modified":"2024-02-01T17:09:54","modified_gmt":"2024-02-01T17:09:54","slug":"services-de-traiteur","status":"publish","type":"page","link":"https:\/\/amsterdaminns.com\/fr\/services-de-traiteur\/","title":{"rendered":"SERVICES DE TRAITEUR"},"content":{"rendered":"\n<h2>\n\t\tRESTAURATION\n\t<\/h2>\n<h2>\n\t\tCr\u00e9er des moments m\u00e9morables  <br \/> gr\u00e2ce \u00e0 des exp\u00e9riences gastronomiques!\n\t<\/h2>\n<h2>\n\t\tlieu polyvalent et des services de traiteur exceptionnels\n\t<\/h2>\n\t<p>Le restaurant Exit 153 est l\u00e0 pour vous aider \u00e0 cr\u00e9er des exp\u00e9riences inoubliables. Nous sommes tr\u00e8s fiers d&rsquo;offrir un lieu polyvalent et des services de traiteur exceptionnels pour transformer votre occasion sp\u00e9ciale en un souvenir inoubliable.<\/p>\n<p>Nous croyons qu&rsquo;une nourriture exceptionnelle est un ingr\u00e9dient essentiel \u00e0 la r\u00e9ussite d&rsquo;un \u00e9v\u00e9nement. Notre \u00e9quipe culinaire travaillera en \u00e9troite collaboration avec vous pour concevoir un menu qui s&rsquo;harmonise parfaitement avec votre \u00e9v\u00e9nement.<\/p>\n<p>Nous sommes fiers de nous occuper de tous les d\u00e9tails, \u00e0 partir de l&rsquo;installation jusqu&rsquo;au service, afin que vous puissiez vous d\u00e9tendre et savourer le moment.<\/p>\n<p>Faites l&rsquo;exp\u00e9rience de nos services de traiteur exceptionnels, actuellement offerts exclusivement \u00e0 notre emplacement de Florenceville-Bristol.<\/p>\n<h2>\n\t\t VOUS AVEZ UN \u00c9V\u00c9NEMENT QUI N\u00c9CESSITE LES SERVICES DE TRAITEUR?\n\t<\/h2>\n\t<p>Travaillez avec nous pour cr\u00e9er un menu app\u00e9tissant, parfait pour votre occasion sp\u00e9ciale. Veuillez remplir le formulaire ci-dessous et un repr\u00e9sentant d&rsquo;Amsterdam Inn &amp; Suites vous contactera d\u00e8s que possible.<\/p>\n\t\t\t<a href=\"https:\/\/amsterdaminns.com\/wp-content\/uploads\/2023\/08\/Catering-by-Exit-153-1-1-2-1-merged.pdf\" target=\"_blank\" rel=\"noopener\">\n\t\t\t\t\t\t\tEXEMPLE DE MENU PDF\n\t\t\t\t\t<\/a>\n<h2>\n\t\tATTEINDRE\n\t<\/h2>\n    <iframe\n      id=\"JotFormIFrame-240083609454456\"\n      title=\"Amsterdam - Catering French\"\n      onload=\"window.parent.scrollTo(0,0)\"\n      allowtransparency=\"true\"\n      allowfullscreen=\"true\"\n      allow=\"geolocation; microphone; camera\"\n      src=\"https:\/\/form.jotform.com\/240083609454456\"\n      frameborder=\"0\"\n      scrolling=\"no\">\n    <\/iframe>\n\n","protected":false},"excerpt":{"rendered":"<p>RESTAURATION Cr\u00e9er des moments m\u00e9morables gr\u00e2ce \u00e0 des exp\u00e9riences gastronomiques! lieu polyvalent et des services de traiteur exceptionnels Le restaurant Exit 153 est l\u00e0 pour vous aider \u00e0 cr\u00e9er des exp\u00e9riences inoubliables. Nous sommes tr\u00e8s fiers d&rsquo;offrir un lieu polyvalent et des services de traiteur exceptionnels pour transformer votre occasion sp\u00e9ciale en un souvenir inoubliable.&hellip;<\/p>\n","protected":false},"author":1,"featured_media":0,"parent":0,"menu_order":0,"comment_status":"closed","ping_status":"closed","template":"","meta":{"_acf_changed":false,"footnotes":""},"class_list":["post-1417","page","type-page","status-publish","hentry"],"acf":[],"yoast_head":"<!-- This site is optimized with the Yoast SEO plugin v27.4 - https:\/\/yoast.com\/product\/yoast-seo-wordpress\/ -->\n<title>SERVICES DE TRAITEUR - Amsterdam Inn<\/title>\n<meta name=\"robots\" content=\"index, follow, max-snippet:-1, max-image-preview:large, max-video-preview:-1\" \/>\n<link rel=\"canonical\" href=\"https:\/\/amsterdaminns.com\/catering\/\" \/>\n<meta property=\"og:locale\" content=\"fr_FR\" \/>\n<meta property=\"og:type\" content=\"article\" \/>\n<meta property=\"og:title\" content=\"SERVICES DE TRAITEUR - Amsterdam Inn\" \/>\n<meta property=\"og:description\" content=\"RESTAURATION Cr\u00e9er des moments m\u00e9morables gr\u00e2ce \u00e0 des exp\u00e9riences gastronomiques! lieu polyvalent et des services de traiteur exceptionnels Le restaurant Exit 153 est l\u00e0 pour vous aider \u00e0 cr\u00e9er des exp\u00e9riences inoubliables. Nous sommes tr\u00e8s fiers d&rsquo;offrir un lieu polyvalent et des services de traiteur exceptionnels pour transformer votre occasion sp\u00e9ciale en un souvenir inoubliable.&hellip;\" \/>\n<meta property=\"og:url\" content=\"https:\/\/amsterdaminns.com\/catering\/\" \/>\n<meta property=\"og:site_name\" content=\"Amsterdam Inn\" \/>\n<meta property=\"article:modified_time\" content=\"2024-02-01T17:09:54+00:00\" \/>\n<meta name=\"twitter:card\" content=\"summary_large_image\" \/>\n<meta name=\"twitter:label1\" content=\"Dur\u00e9e de lecture estim\u00e9e\" \/>\n\t<meta name=\"twitter:data1\" content=\"1 minute\" \/>\n<script type=\"application\/ld+json\" class=\"yoast-schema-graph\">{\"@context\":\"https:\\\/\\\/schema.org\",\"@graph\":[{\"@type\":\"WebPage\",\"@id\":\"https:\\\/\\\/amsterdaminns.com\\\/catering\\\/\",\"url\":\"https:\\\/\\\/amsterdaminns.com\\\/catering\\\/\",\"name\":\"SERVICES DE TRAITEUR - Amsterdam Inn\",\"isPartOf\":{\"@id\":\"https:\\\/\\\/amsterdaminns.com\\\/#website\"},\"datePublished\":\"2023-08-01T16:19:26+00:00\",\"dateModified\":\"2024-02-01T17:09:54+00:00\",\"breadcrumb\":{\"@id\":\"https:\\\/\\\/amsterdaminns.com\\\/catering\\\/#breadcrumb\"},\"inLanguage\":\"fr-FR\",\"potentialAction\":[{\"@type\":\"ReadAction\",\"target\":[\"https:\\\/\\\/amsterdaminns.com\\\/catering\\\/\"]}]},{\"@type\":\"BreadcrumbList\",\"@id\":\"https:\\\/\\\/amsterdaminns.com\\\/catering\\\/#breadcrumb\",\"itemListElement\":[{\"@type\":\"ListItem\",\"position\":1,\"name\":\"Home\",\"item\":\"https:\\\/\\\/amsterdaminns.com\\\/fr\\\/\"},{\"@type\":\"ListItem\",\"position\":2,\"name\":\"SERVICES DE TRAITEUR\"}]},{\"@type\":\"WebSite\",\"@id\":\"https:\\\/\\\/amsterdaminns.com\\\/#website\",\"url\":\"https:\\\/\\\/amsterdaminns.com\\\/\",\"name\":\"Amsterdam Inn\",\"description\":\"\",\"potentialAction\":[{\"@type\":\"SearchAction\",\"target\":{\"@type\":\"EntryPoint\",\"urlTemplate\":\"https:\\\/\\\/amsterdaminns.com\\\/?s={search_term_string}\"},\"query-input\":{\"@type\":\"PropertyValueSpecification\",\"valueRequired\":true,\"valueName\":\"search_term_string\"}}],\"inLanguage\":\"fr-FR\"}]}<\/script>\n<!-- \/ Yoast SEO plugin. -->","yoast_head_json":{"title":"SERVICES DE TRAITEUR - Amsterdam Inn","robots":{"index":"index","follow":"follow","max-snippet":"max-snippet:-1","max-image-preview":"max-image-preview:large","max-video-preview":"max-video-preview:-1"},"canonical":"https:\/\/amsterdaminns.com\/catering\/","og_locale":"fr_FR","og_type":"article","og_title":"SERVICES DE TRAITEUR - Amsterdam Inn","og_description":"RESTAURATION Cr\u00e9er des moments m\u00e9morables gr\u00e2ce \u00e0 des exp\u00e9riences gastronomiques! lieu polyvalent et des services de traiteur exceptionnels Le restaurant Exit 153 est l\u00e0 pour vous aider \u00e0 cr\u00e9er des exp\u00e9riences inoubliables. Nous sommes tr\u00e8s fiers d&rsquo;offrir un lieu polyvalent et des services de traiteur exceptionnels pour transformer votre occasion sp\u00e9ciale en un souvenir inoubliable.&hellip;","og_url":"https:\/\/amsterdaminns.com\/catering\/","og_site_name":"Amsterdam Inn","article_modified_time":"2024-02-01T17:09:54+00:00","twitter_card":"summary_large_image","twitter_misc":{"Dur\u00e9e de lecture estim\u00e9e":"1 minute"},"schema":{"@context":"https:\/\/schema.org","@graph":[{"@type":"WebPage","@id":"https:\/\/amsterdaminns.com\/catering\/","url":"https:\/\/amsterdaminns.com\/catering\/","name":"SERVICES DE TRAITEUR - Amsterdam Inn","isPartOf":{"@id":"https:\/\/amsterdaminns.com\/#website"},"datePublished":"2023-08-01T16:19:26+00:00","dateModified":"2024-02-01T17:09:54+00:00","breadcrumb":{"@id":"https:\/\/amsterdaminns.com\/catering\/#breadcrumb"},"inLanguage":"fr-FR","potentialAction":[{"@type":"ReadAction","target":["https:\/\/amsterdaminns.com\/catering\/"]}]},{"@type":"BreadcrumbList","@id":"https:\/\/amsterdaminns.com\/catering\/#breadcrumb","itemListElement":[{"@type":"ListItem","position":1,"name":"Home","item":"https:\/\/amsterdaminns.com\/fr\/"},{"@type":"ListItem","position":2,"name":"SERVICES DE TRAITEUR"}]},{"@type":"WebSite","@id":"https:\/\/amsterdaminns.com\/#website","url":"https:\/\/amsterdaminns.com\/","name":"Amsterdam Inn","description":"","potentialAction":[{"@type":"SearchAction","target":{"@type":"EntryPoint","urlTemplate":"https:\/\/amsterdaminns.com\/?s={search_term_string}"},"query-input":{"@type":"PropertyValueSpecification","valueRequired":true,"valueName":"search_term_string"}}],"inLanguage":"fr-FR"}]}},"_links":{"self":[{"href":"https:\/\/amsterdaminns.com\/fr\/wp-json\/wp\/v2\/pages\/1417","targetHints":{"allow":["GET"]}}],"collection":[{"href":"https:\/\/amsterdaminns.com\/fr\/wp-json\/wp\/v2\/pages"}],"about":[{"href":"https:\/\/amsterdaminns.com\/fr\/wp-json\/wp\/v2\/types\/page"}],"author":[{"embeddable":true,"href":"https:\/\/amsterdaminns.com\/fr\/wp-json\/wp\/v2\/users\/1"}],"replies":[{"embeddable":true,"href":"https:\/\/amsterdaminns.com\/fr\/wp-json\/wp\/v2\/comments?post=1417"}],"version-history":[{"count":8,"href":"https:\/\/amsterdaminns.com\/fr\/wp-json\/wp\/v2\/pages\/1417\/revisions"}],"predecessor-version":[{"id":2753,"href":"https:\/\/amsterdaminns.com\/fr\/wp-json\/wp\/v2\/pages\/1417\/revisions\/2753"}],"wp:attachment":[{"href":"https:\/\/amsterdaminns.com\/fr\/wp-json\/wp\/v2\/media?parent=1417"}],"curies":[{"name":"wp","href":"https:\/\/api.w.org\/{rel}","templated":true}]}}