{"id":1419,"date":"2023-06-24T08:28:06","date_gmt":"2023-06-24T08:28:06","guid":{"rendered":"https:\/\/amsterdaminns.com\/conferences-meetings\/"},"modified":"2025-02-27T17:44:27","modified_gmt":"2025-02-27T17:44:27","slug":"conferences-et-reunions","status":"publish","type":"page","link":"https:\/\/amsterdaminns.com\/fr\/conferences-et-reunions\/","title":{"rendered":"CONF\u00c9RENCES ET R\u00c9UNIONS"},"content":{"rendered":"\n<h2>\n\t\tVENUES\n\t<\/h2>\n<h1>\n\t\tR\u00e9unions et <br \/> \u00e9v\u00e9nements corporatifs\n\t<\/h1>\n\tPlanifiez votre prochaine conf\u00e9rence ou r\u00e9union avec un \u00e9tablissement Amsterdam Inn.<br \/>\nCombin\u00e9s, nous offrons une vari\u00e9t\u00e9 d&rsquo;espaces de diffusion, grands et petits, dans toute la<br \/>\nprovince du Nouveau-Brunswick, qui sauront certainement r\u00e9pondre \u00e0 vos besoins.<br \/>\nAppelez-nous dans l&rsquo;une de nos propri\u00e9t\u00e9s pour plus de d\u00e9tails.\n<h2>\n\t\t\u00c0 PROPOS DE NOS LIEUX\n\t<\/h2>\n\t\t\t<a href=\"https:\/\/amsterdaminns.com\/fr\/services-de-traiteur\/\" target=\"_self\">\n\t\t\t\t\t\t\tSERVICES DE TRAITEUR\n\t\t\t\t\t<\/a>\n\t\t\t<a href=\"https:\/\/amsterdaminns.com\/wp-content\/uploads\/2024\/01\/Conference-and-Meetings-and-Special-Events-Venue-Configurations.pdf\" target=\"_blank\" rel=\"noopener\">\n\t\t\t\t\t\t\tCONFIGURATIONS\n\t\t\t\t\t<\/a>\n\t\t\t<a href=\"https:\/\/amsterdaminns.com\/fr\/nous-contacter\/\" target=\"_self\">\n\t\t\t\t\t\t\tNOUS CONTACTER\n\t\t\t\t\t<\/a>\n\t<p>Le personnel de l&rsquo;Amsterdam Inn &amp; Suites est l\u00e0 pour vous aider \u00e0 chaque \u00e9tape de votre conf\u00e9rence ou congr\u00e8s. Nous pouvons vous sugg\u00e9rer un plan d&rsquo;\u00e9tage qui garantit \u00e0 votre public une vue parfaite de votre \u00e9v\u00e9nement afin qu&rsquo;il reste engag\u00e9. De l&rsquo;Internet haut d\u00e9bit aux \u00e9crans blancs, nous pouvons vous fournir la technologie et l&rsquo;\u00e9quipement audio-vid\u00e9o n\u00e9cessaires pour offrir une pr\u00e9sentation \u00e0 fort impact. Et nous pouvons cr\u00e9er un menu personnalis\u00e9 dont vos invit\u00e9s se souviendront certainement avec l&rsquo;aide de notre \u00e9quipe de service alimentaire hautement talentueuse.<\/p>\n<ul>\t<li>\n\t\t\t<h3> R\u00e9servez t\u00f4t pour b\u00e9n\u00e9ficier d&#039;un tarif pr\u00e9f\u00e9rentiel<\/h3>\t\t\n\t<\/li>\n\t\t<li>\n\t\t\t<h3> Des options en mati\u00e8re de services de traiteur sont disponibles<\/h3>\t\t\n\t<\/li>\n\t\t<li>\n\t\t\t<h3> Nos installations et services exceptionnels et prim\u00e9s vous permettront de cr\u00e9er un lieu \u00e9l\u00e9gant pour votre \u00e9v\u00e9nement<\/h3>\t\t\n\t<\/li>\n\t\t<li>\n\t\t\t<h3> Notre personnel est l\u00e0 pour vous aider \u00e0 planifier et \u00e0 vous satisfaire tout au long de votre exp\u00e9rience chez Amsterdam Inn &amp; Suites<\/h3>\t\t\n\t<\/li>\n\t<\/ul>\n\t\t\t<a href=\"https:\/\/amsterdaminns.com\/fr\/nous-contacter\/\" target=\"_self\">\n\t\t\t\t\t\t\t CONTACTER POUR PLUS D&rsquo;INFORMATIONS\n\t\t\t\t\t<\/a>\n<h2>\n\t\tTOLL FREE: 1-(800)-468-2828\n\t<\/h2>\n                            <h2>SUSSEX      <\/h2> \n                            <p>Vous passez par le Nouveau-Brunswick, au Canada, et vous cherchez un h\u00f4tel moderne, abordable et dot\u00e9 d&rsquo;une vari\u00e9t\u00e9 d&rsquo;installations ? R\u00e9servez directement aupr\u00e8s du Amsterdam Inn &#038; Suites pour obtenir le meilleur prix, c&rsquo;est garanti!<\/p>  \n                        <h3>1-506-432-5050<\/h3>\n                                <img decoding=\"async\" src=\"https:\/\/amsterdaminns.com\/wp-content\/uploads\/2023\/07\/Sussex-Conference-1-scaled.jpg\" alt=\"\"\/>\n                            <h2>MONCTON  <\/h2> \n                            <p>Amsterdam Inn &#038; Suites est id\u00e9alement situ\u00e9 pr\u00e8s de l&rsquo;autoroute transcanadienne, ce qui facilite votre d\u00e9placement vers les magasins, activit\u00e9s et attractions de Moncton.<\/p>  \n                        <h3>1-506- 383-5050<\/h3>\n                                <img decoding=\"async\" src=\"https:\/\/amsterdaminns.com\/wp-content\/uploads\/2023\/07\/Moncton-Conference-3-scaled.jpg\" alt=\"\"\/>\n                            <h2>FLORENCEVILLE<\/h2> \n                            Rendez-nous visite dans la capitale mondiale de la frite. L&rsquo;Amsterdam Inn &#038; Suites est id\u00e9alement situ\u00e9 pour un acc\u00e8s facile \u00e0 l&rsquo;autoroute transcanadienne et un acc\u00e8s rapide au centre-ville de Florenceville-Bristol. D\u00e9couvrez l&rsquo;histoire, l&rsquo;art, la culture, les restaurants et les attractions locales offertes par les belles communaut\u00e9s lors de votre s\u00e9jour \u00e0 Amsterdam Inns.\n  \n                        <h3>1-506-595-9550<\/h3>\n                                <img decoding=\"async\" src=\"https:\/\/amsterdaminns.com\/wp-content\/uploads\/2023\/07\/Florenceville-Banquet-4.jpg\" alt=\"\"\/>\n                            <h2>FREDERICTON<\/h2> \n                            Le Quality Inn &#038; Suites Amsterdam Fredericton est situ\u00e9 \u00e0 proximit\u00e9 de toutes les attractions importantes de Fredericton (N.-B.) y compris les magasins, brasseries artisanales, restaurants, mus\u00e9es et plus encore. Avec un acc\u00e8s rapide \u00e0 l&rsquo;autoroute transcanadienne, cette propri\u00e9t\u00e9 est parfaite et r\u00e9pondra \u00e0 tous les besoins de voyage.\n  \n                        <h3>1-506-474-5050<\/h3>\n                                <img decoding=\"async\" src=\"https:\/\/amsterdaminns.com\/wp-content\/uploads\/2024\/01\/Photo-1-NFP6997-HDR-1-scaled.jpg\" alt=\"\"\/>\n <h2>\n\t\tSERVICES DE TRAITEUR\n\t<\/h2>\n\t<p><strong>Faites l&rsquo;exp\u00e9rience de services de traiteur offerts par notre propre restaurant Exit 153, pr\u00e9sentement propos\u00e9s exclusivement dans notre \u00e9tablissement de Florenceville-Bristol<\/strong><\/p>\n\t\t\t<a href=\"https:\/\/amsterdaminns.com\/fr\/services-de-traiteur\/\" target=\"_self\">\n\t\t\t\t\t\t\tPOUR EN SAVOIR PLUS\n\t\t\t\t\t<\/a>\n<h2>\n\t\tVOIR DISPOSITION\n\t<\/h2>\n\t\t\t<a href=\"https:\/\/amsterdaminns.com\/wp-content\/uploads\/2024\/01\/Conference-and-Meetings-and-Special-Events-Venue-Configurations.pdf\" target=\"_blank\" rel=\"noopener\">\n\t\t\t\t\t\t\tCONFIGURATIONS\n\t\t\t\t\t<\/a>\n\n","protected":false},"excerpt":{"rendered":"<p>VENUES R\u00e9unions et \u00e9v\u00e9nements corporatifs Planifiez votre prochaine conf\u00e9rence ou r\u00e9union avec un \u00e9tablissement Amsterdam Inn. Combin\u00e9s, nous offrons une vari\u00e9t\u00e9 d&rsquo;espaces de diffusion, grands et petits, dans toute la province du Nouveau-Brunswick, qui sauront certainement r\u00e9pondre \u00e0 vos besoins. Appelez-nous dans l&rsquo;une de nos propri\u00e9t\u00e9s pour plus de d\u00e9tails. \u00c0 PROPOS DE NOS LIEUX&hellip;<\/p>\n","protected":false},"author":1,"featured_media":0,"parent":0,"menu_order":0,"comment_status":"closed","ping_status":"closed","template":"","meta":{"_acf_changed":false,"footnotes":""},"class_list":["post-1419","page","type-page","status-publish","hentry"],"acf":[],"yoast_head":"<!-- This site is optimized with the Yoast SEO plugin v27.4 - https:\/\/yoast.com\/product\/yoast-seo-wordpress\/ -->\n<title>CONF\u00c9RENCES ET R\u00c9UNIONS - Amsterdam Inn<\/title>\n<meta name=\"robots\" content=\"index, follow, max-snippet:-1, max-image-preview:large, max-video-preview:-1\" \/>\n<link rel=\"canonical\" href=\"https:\/\/amsterdaminns.com\/fr\/conferences-et-reunions\/\" \/>\n<meta property=\"og:locale\" content=\"fr_FR\" \/>\n<meta property=\"og:type\" content=\"article\" \/>\n<meta property=\"og:title\" content=\"CONF\u00c9RENCES ET R\u00c9UNIONS - Amsterdam Inn\" \/>\n<meta property=\"og:description\" content=\"VENUES R\u00e9unions et \u00e9v\u00e9nements corporatifs Planifiez votre prochaine conf\u00e9rence ou r\u00e9union avec un \u00e9tablissement Amsterdam Inn. Combin\u00e9s, nous offrons une vari\u00e9t\u00e9 d&rsquo;espaces de diffusion, grands et petits, dans toute la province du Nouveau-Brunswick, qui sauront certainement r\u00e9pondre \u00e0 vos besoins. Appelez-nous dans l&rsquo;une de nos propri\u00e9t\u00e9s pour plus de d\u00e9tails. \u00c0 PROPOS DE NOS LIEUX&hellip;\" \/>\n<meta property=\"og:url\" content=\"https:\/\/amsterdaminns.com\/fr\/conferences-et-reunions\/\" \/>\n<meta property=\"og:site_name\" content=\"Amsterdam Inn\" \/>\n<meta property=\"article:modified_time\" content=\"2025-02-27T17:44:27+00:00\" \/>\n<meta property=\"og:image\" content=\"https:\/\/amsterdaminns.com\/wp-content\/uploads\/2023\/07\/Sussex-Conference-1-scaled.jpg\" \/>\n<meta name=\"twitter:card\" content=\"summary_large_image\" \/>\n<meta name=\"twitter:label1\" content=\"Dur\u00e9e de lecture estim\u00e9e\" \/>\n\t<meta name=\"twitter:data1\" content=\"2 minutes\" \/>\n<script type=\"application\/ld+json\" class=\"yoast-schema-graph\">{\"@context\":\"https:\\\/\\\/schema.org\",\"@graph\":[{\"@type\":\"WebPage\",\"@id\":\"https:\\\/\\\/amsterdaminns.com\\\/fr\\\/conferences-et-reunions\\\/\",\"url\":\"https:\\\/\\\/amsterdaminns.com\\\/fr\\\/conferences-et-reunions\\\/\",\"name\":\"CONF\u00c9RENCES ET R\u00c9UNIONS - Amsterdam Inn\",\"isPartOf\":{\"@id\":\"https:\\\/\\\/amsterdaminns.com\\\/#website\"},\"primaryImageOfPage\":{\"@id\":\"https:\\\/\\\/amsterdaminns.com\\\/fr\\\/conferences-et-reunions\\\/#primaryimage\"},\"image\":{\"@id\":\"https:\\\/\\\/amsterdaminns.com\\\/fr\\\/conferences-et-reunions\\\/#primaryimage\"},\"thumbnailUrl\":\"https:\\\/\\\/amsterdaminns.com\\\/wp-content\\\/uploads\\\/2023\\\/07\\\/Sussex-Conference-1-scaled.jpg\",\"datePublished\":\"2023-06-24T08:28:06+00:00\",\"dateModified\":\"2025-02-27T17:44:27+00:00\",\"breadcrumb\":{\"@id\":\"https:\\\/\\\/amsterdaminns.com\\\/fr\\\/conferences-et-reunions\\\/#breadcrumb\"},\"inLanguage\":\"fr-FR\",\"potentialAction\":[{\"@type\":\"ReadAction\",\"target\":[\"https:\\\/\\\/amsterdaminns.com\\\/fr\\\/conferences-et-reunions\\\/\"]}]},{\"@type\":\"ImageObject\",\"inLanguage\":\"fr-FR\",\"@id\":\"https:\\\/\\\/amsterdaminns.com\\\/fr\\\/conferences-et-reunions\\\/#primaryimage\",\"url\":\"https:\\\/\\\/amsterdaminns.com\\\/wp-content\\\/uploads\\\/2023\\\/07\\\/Sussex-Conference-1-scaled.jpg\",\"contentUrl\":\"https:\\\/\\\/amsterdaminns.com\\\/wp-content\\\/uploads\\\/2023\\\/07\\\/Sussex-Conference-1-scaled.jpg\"},{\"@type\":\"BreadcrumbList\",\"@id\":\"https:\\\/\\\/amsterdaminns.com\\\/fr\\\/conferences-et-reunions\\\/#breadcrumb\",\"itemListElement\":[{\"@type\":\"ListItem\",\"position\":1,\"name\":\"Home\",\"item\":\"https:\\\/\\\/amsterdaminns.com\\\/fr\\\/\"},{\"@type\":\"ListItem\",\"position\":2,\"name\":\"CONF\u00c9RENCES ET R\u00c9UNIONS\"}]},{\"@type\":\"WebSite\",\"@id\":\"https:\\\/\\\/amsterdaminns.com\\\/#website\",\"url\":\"https:\\\/\\\/amsterdaminns.com\\\/\",\"name\":\"Amsterdam Inn\",\"description\":\"\",\"potentialAction\":[{\"@type\":\"SearchAction\",\"target\":{\"@type\":\"EntryPoint\",\"urlTemplate\":\"https:\\\/\\\/amsterdaminns.com\\\/?s={search_term_string}\"},\"query-input\":{\"@type\":\"PropertyValueSpecification\",\"valueRequired\":true,\"valueName\":\"search_term_string\"}}],\"inLanguage\":\"fr-FR\"}]}<\/script>\n<!-- \/ Yoast SEO plugin. -->","yoast_head_json":{"title":"CONF\u00c9RENCES ET R\u00c9UNIONS - Amsterdam Inn","robots":{"index":"index","follow":"follow","max-snippet":"max-snippet:-1","max-image-preview":"max-image-preview:large","max-video-preview":"max-video-preview:-1"},"canonical":"https:\/\/amsterdaminns.com\/fr\/conferences-et-reunions\/","og_locale":"fr_FR","og_type":"article","og_title":"CONF\u00c9RENCES ET R\u00c9UNIONS - Amsterdam Inn","og_description":"VENUES R\u00e9unions et \u00e9v\u00e9nements corporatifs Planifiez votre prochaine conf\u00e9rence ou r\u00e9union avec un \u00e9tablissement Amsterdam Inn. Combin\u00e9s, nous offrons une vari\u00e9t\u00e9 d&rsquo;espaces de diffusion, grands et petits, dans toute la province du Nouveau-Brunswick, qui sauront certainement r\u00e9pondre \u00e0 vos besoins. Appelez-nous dans l&rsquo;une de nos propri\u00e9t\u00e9s pour plus de d\u00e9tails. \u00c0 PROPOS DE NOS LIEUX&hellip;","og_url":"https:\/\/amsterdaminns.com\/fr\/conferences-et-reunions\/","og_site_name":"Amsterdam Inn","article_modified_time":"2025-02-27T17:44:27+00:00","og_image":[{"url":"https:\/\/amsterdaminns.com\/wp-content\/uploads\/2023\/07\/Sussex-Conference-1-scaled.jpg","type":"","width":"","height":""}],"twitter_card":"summary_large_image","twitter_misc":{"Dur\u00e9e de lecture estim\u00e9e":"2 minutes"},"schema":{"@context":"https:\/\/schema.org","@graph":[{"@type":"WebPage","@id":"https:\/\/amsterdaminns.com\/fr\/conferences-et-reunions\/","url":"https:\/\/amsterdaminns.com\/fr\/conferences-et-reunions\/","name":"CONF\u00c9RENCES ET R\u00c9UNIONS - Amsterdam Inn","isPartOf":{"@id":"https:\/\/amsterdaminns.com\/#website"},"primaryImageOfPage":{"@id":"https:\/\/amsterdaminns.com\/fr\/conferences-et-reunions\/#primaryimage"},"image":{"@id":"https:\/\/amsterdaminns.com\/fr\/conferences-et-reunions\/#primaryimage"},"thumbnailUrl":"https:\/\/amsterdaminns.com\/wp-content\/uploads\/2023\/07\/Sussex-Conference-1-scaled.jpg","datePublished":"2023-06-24T08:28:06+00:00","dateModified":"2025-02-27T17:44:27+00:00","breadcrumb":{"@id":"https:\/\/amsterdaminns.com\/fr\/conferences-et-reunions\/#breadcrumb"},"inLanguage":"fr-FR","potentialAction":[{"@type":"ReadAction","target":["https:\/\/amsterdaminns.com\/fr\/conferences-et-reunions\/"]}]},{"@type":"ImageObject","inLanguage":"fr-FR","@id":"https:\/\/amsterdaminns.com\/fr\/conferences-et-reunions\/#primaryimage","url":"https:\/\/amsterdaminns.com\/wp-content\/uploads\/2023\/07\/Sussex-Conference-1-scaled.jpg","contentUrl":"https:\/\/amsterdaminns.com\/wp-content\/uploads\/2023\/07\/Sussex-Conference-1-scaled.jpg"},{"@type":"BreadcrumbList","@id":"https:\/\/amsterdaminns.com\/fr\/conferences-et-reunions\/#breadcrumb","itemListElement":[{"@type":"ListItem","position":1,"name":"Home","item":"https:\/\/amsterdaminns.com\/fr\/"},{"@type":"ListItem","position":2,"name":"CONF\u00c9RENCES ET R\u00c9UNIONS"}]},{"@type":"WebSite","@id":"https:\/\/amsterdaminns.com\/#website","url":"https:\/\/amsterdaminns.com\/","name":"Amsterdam Inn","description":"","potentialAction":[{"@type":"SearchAction","target":{"@type":"EntryPoint","urlTemplate":"https:\/\/amsterdaminns.com\/?s={search_term_string}"},"query-input":{"@type":"PropertyValueSpecification","valueRequired":true,"valueName":"search_term_string"}}],"inLanguage":"fr-FR"}]}},"_links":{"self":[{"href":"https:\/\/amsterdaminns.com\/fr\/wp-json\/wp\/v2\/pages\/1419","targetHints":{"allow":["GET"]}}],"collection":[{"href":"https:\/\/amsterdaminns.com\/fr\/wp-json\/wp\/v2\/pages"}],"about":[{"href":"https:\/\/amsterdaminns.com\/fr\/wp-json\/wp\/v2\/types\/page"}],"author":[{"embeddable":true,"href":"https:\/\/amsterdaminns.com\/fr\/wp-json\/wp\/v2\/users\/1"}],"replies":[{"embeddable":true,"href":"https:\/\/amsterdaminns.com\/fr\/wp-json\/wp\/v2\/comments?post=1419"}],"version-history":[{"count":24,"href":"https:\/\/amsterdaminns.com\/fr\/wp-json\/wp\/v2\/pages\/1419\/revisions"}],"predecessor-version":[{"id":3074,"href":"https:\/\/amsterdaminns.com\/fr\/wp-json\/wp\/v2\/pages\/1419\/revisions\/3074"}],"wp:attachment":[{"href":"https:\/\/amsterdaminns.com\/fr\/wp-json\/wp\/v2\/media?parent=1419"}],"curies":[{"name":"wp","href":"https:\/\/api.w.org\/{rel}","templated":true}]}}