{"id":1421,"date":"2023-07-19T04:02:44","date_gmt":"2023-07-19T04:02:44","guid":{"rendered":"https:\/\/amsterdaminns.com\/contact-us\/"},"modified":"2025-04-28T15:24:31","modified_gmt":"2025-04-28T15:24:31","slug":"nous-contacter","status":"publish","type":"page","link":"https:\/\/amsterdaminns.com\/fr\/nous-contacter\/","title":{"rendered":"NOUS CONTACTER"},"content":{"rendered":"\n<h2>\n\t\tContactez-Nous\n\t<\/h2>\n\t<p>Vous avez des questions sur les suites spacieuses et modernes du Amsterdam Inn &amp; Suites ou sur nos quatre emplacements pratiques ? <strong>Nous sommes l\u00e0 pour vous aider.<\/strong><\/p>\n\t<p>Appelez, envoyez un courriel ou remplissez le formulaire figurant \u00e0 la droite et planifiez un s\u00e9jour avec vos amis au Amsterdam Inn &amp; Suites.<\/p>\n\t\t\t<a href=\"#\" target=\"_self\">\n\t\t\t\t\t\t\tSUSSEX\n\t\t\t\t\t<\/a>\n\t\t\t<a href=\"#\" target=\"_self\">\n\t\t\t\t\t\t\tMONCTON\n\t\t\t\t\t<\/a>\n\t\t\t<a href=\"#\" target=\"_self\">\n\t\t\t\t\t\t\tFREDERICTON\n\t\t\t\t\t<\/a>\n\t\t\t<a href=\"#\" target=\"_self\">\n\t\t\t\t\t\t\tFLORENCEVILLE-BRISTOL\n\t\t\t\t\t<\/a>\n<h2>\n\t\tSUSSEX\n\t<\/h2>\n<h2>\n\t\t143 Main Street, Sussex, NB, E4E 1S8\n\t<\/h2>\n<h2>\n\t\t<a href=\"tel:5064325050%20\" title=\"506-432-5050 \" target=\"_self\">\n\t\t506-432-5050 \n\t\t<\/a>\n\t<\/h2>\n<h2>\n\t\t<a href=\"tel:5064325069\" title=\"506-432-5069\" target=\"_self\">\n\t\t506-432-5069\n\t\t<\/a>\n\t<\/h2>\n<h2>\n\t\t<a href=\"mailto:sussex.mgr@amsterdaminns.com\" title=\"sussex.mgr@amsterdaminns.com\" target=\"_self\">\n\t\tsussex.mgr@amsterdaminns.com\n\t\t<\/a>\n\t<\/h2>\n<h2>\n\t\tMONCTON\n\t<\/h2>\n<h2>\n\t\t2550 Mountain Rd Moncton, NB E1G 1B4\n\t<\/h2>\n<h2>\n\t\t<a href=\"tel:5063835050\" title=\"506-383-5050\" target=\"_self\">\n\t\t506-383-5050\n\t\t<\/a>\n\t<\/h2>\n<h2>\n\t\t<a href=\"tel:5063831438\" title=\"506-383-1438\" target=\"_self\">\n\t\t506-383-1438\n\t\t<\/a>\n\t<\/h2>\n<h2>\n\t\t<a href=\"mailto:moncton.mgr@amsterdaminns.com\" title=\"moncton.mgr@amsterdaminns.com\" target=\"_self\">\n\t\tmoncton.mgr@amsterdaminns.com\n\t\t<\/a>\n\t<\/h2>\n<h2>\n\t\tFREDERICTON\n\t<\/h2>\n<h2>\n\t\t559 Bishop Dr Fredericton, NB E3C 2M6\n\t<\/h2>\n<h2>\n\t\t<a href=\"tel:5064745050\" title=\"506-474-5050\" target=\"_self\">\n\t\t506-474-5050\n\t\t<\/a>\n\t<\/h2>\n<h2>\n\t\t<a href=\"tel:5064745054\" title=\"506-474-5054\" target=\"_self\">\n\t\t506-474-5054\n\t\t<\/a>\n\t<\/h2>\n<h2>\n\t\t<a href=\"tel:fredericton.mgr@amsterdaminns.com\" title=\"fredericton.mgr@amsterdaminns.com\" target=\"_self\">\n\t\tfredericton.mgr@amsterdaminns.com\n\t\t<\/a>\n\t<\/h2>\n<h2>\n\t\tFLORENCEVILLE-BRISTOL\n\t<\/h2>\n<h2>\n\t\t143 Main Street, Sussex, NB, E4E 1S8\n\t<\/h2>\n<h2>\n\t\t506-432-5050 \n\t<\/h2>\n<h2>\n\t\t506-432-5069\n\t<\/h2>\n<h2>\n\t\tflorenceville.mgr@amsterdaminns.com\n\t<\/h2>\n\n","protected":false},"excerpt":{"rendered":"<p>Contactez-Nous Vous avez des questions sur les suites spacieuses et modernes du Amsterdam Inn &amp; Suites ou sur nos quatre emplacements pratiques ? Nous sommes l\u00e0 pour vous aider. Appelez, envoyez un courriel ou remplissez le formulaire figurant \u00e0 la droite et planifiez un s\u00e9jour avec vos amis au Amsterdam Inn &amp; Suites. SUSSEX MONCTON&hellip;<\/p>\n","protected":false},"author":1,"featured_media":0,"parent":0,"menu_order":0,"comment_status":"closed","ping_status":"closed","template":"","meta":{"_acf_changed":false,"footnotes":""},"class_list":["post-1421","page","type-page","status-publish","hentry"],"acf":[],"yoast_head":"<!-- This site is optimized with the Yoast SEO plugin v27.4 - https:\/\/yoast.com\/product\/yoast-seo-wordpress\/ -->\n<title>NOUS CONTACTER - Amsterdam Inn<\/title>\n<meta name=\"robots\" content=\"index, follow, max-snippet:-1, max-image-preview:large, max-video-preview:-1\" \/>\n<link rel=\"canonical\" href=\"https:\/\/amsterdaminns.com\/fr\/nous-contacter\/\" \/>\n<meta property=\"og:locale\" content=\"fr_FR\" \/>\n<meta property=\"og:type\" content=\"article\" \/>\n<meta property=\"og:title\" content=\"NOUS CONTACTER - Amsterdam Inn\" \/>\n<meta property=\"og:description\" content=\"Contactez-Nous Vous avez des questions sur les suites spacieuses et modernes du Amsterdam Inn &amp; Suites ou sur nos quatre emplacements pratiques ? Nous sommes l\u00e0 pour vous aider. Appelez, envoyez un courriel ou remplissez le formulaire figurant \u00e0 la droite et planifiez un s\u00e9jour avec vos amis au Amsterdam Inn &amp; Suites. SUSSEX MONCTON&hellip;\" \/>\n<meta property=\"og:url\" content=\"https:\/\/amsterdaminns.com\/fr\/nous-contacter\/\" \/>\n<meta property=\"og:site_name\" content=\"Amsterdam Inn\" \/>\n<meta property=\"article:modified_time\" content=\"2025-04-28T15:24:31+00:00\" \/>\n<meta name=\"twitter:card\" content=\"summary_large_image\" \/>\n<meta name=\"twitter:label1\" content=\"Dur\u00e9e de lecture estim\u00e9e\" \/>\n\t<meta name=\"twitter:data1\" content=\"1 minute\" \/>\n<script type=\"application\/ld+json\" class=\"yoast-schema-graph\">{\"@context\":\"https:\\\/\\\/schema.org\",\"@graph\":[{\"@type\":\"WebPage\",\"@id\":\"https:\\\/\\\/amsterdaminns.com\\\/fr\\\/nous-contacter\\\/\",\"url\":\"https:\\\/\\\/amsterdaminns.com\\\/fr\\\/nous-contacter\\\/\",\"name\":\"NOUS CONTACTER - Amsterdam Inn\",\"isPartOf\":{\"@id\":\"https:\\\/\\\/amsterdaminns.com\\\/#website\"},\"datePublished\":\"2023-07-19T04:02:44+00:00\",\"dateModified\":\"2025-04-28T15:24:31+00:00\",\"breadcrumb\":{\"@id\":\"https:\\\/\\\/amsterdaminns.com\\\/fr\\\/nous-contacter\\\/#breadcrumb\"},\"inLanguage\":\"fr-FR\",\"potentialAction\":[{\"@type\":\"ReadAction\",\"target\":[\"https:\\\/\\\/amsterdaminns.com\\\/fr\\\/nous-contacter\\\/\"]}]},{\"@type\":\"BreadcrumbList\",\"@id\":\"https:\\\/\\\/amsterdaminns.com\\\/fr\\\/nous-contacter\\\/#breadcrumb\",\"itemListElement\":[{\"@type\":\"ListItem\",\"position\":1,\"name\":\"Home\",\"item\":\"https:\\\/\\\/amsterdaminns.com\\\/fr\\\/\"},{\"@type\":\"ListItem\",\"position\":2,\"name\":\"NOUS CONTACTER\"}]},{\"@type\":\"WebSite\",\"@id\":\"https:\\\/\\\/amsterdaminns.com\\\/#website\",\"url\":\"https:\\\/\\\/amsterdaminns.com\\\/\",\"name\":\"Amsterdam Inn\",\"description\":\"\",\"potentialAction\":[{\"@type\":\"SearchAction\",\"target\":{\"@type\":\"EntryPoint\",\"urlTemplate\":\"https:\\\/\\\/amsterdaminns.com\\\/?s={search_term_string}\"},\"query-input\":{\"@type\":\"PropertyValueSpecification\",\"valueRequired\":true,\"valueName\":\"search_term_string\"}}],\"inLanguage\":\"fr-FR\"}]}<\/script>\n<!-- \/ Yoast SEO plugin. -->","yoast_head_json":{"title":"NOUS CONTACTER - Amsterdam Inn","robots":{"index":"index","follow":"follow","max-snippet":"max-snippet:-1","max-image-preview":"max-image-preview:large","max-video-preview":"max-video-preview:-1"},"canonical":"https:\/\/amsterdaminns.com\/fr\/nous-contacter\/","og_locale":"fr_FR","og_type":"article","og_title":"NOUS CONTACTER - Amsterdam Inn","og_description":"Contactez-Nous Vous avez des questions sur les suites spacieuses et modernes du Amsterdam Inn &amp; Suites ou sur nos quatre emplacements pratiques ? Nous sommes l\u00e0 pour vous aider. Appelez, envoyez un courriel ou remplissez le formulaire figurant \u00e0 la droite et planifiez un s\u00e9jour avec vos amis au Amsterdam Inn &amp; Suites. SUSSEX MONCTON&hellip;","og_url":"https:\/\/amsterdaminns.com\/fr\/nous-contacter\/","og_site_name":"Amsterdam Inn","article_modified_time":"2025-04-28T15:24:31+00:00","twitter_card":"summary_large_image","twitter_misc":{"Dur\u00e9e de lecture estim\u00e9e":"1 minute"},"schema":{"@context":"https:\/\/schema.org","@graph":[{"@type":"WebPage","@id":"https:\/\/amsterdaminns.com\/fr\/nous-contacter\/","url":"https:\/\/amsterdaminns.com\/fr\/nous-contacter\/","name":"NOUS CONTACTER - Amsterdam Inn","isPartOf":{"@id":"https:\/\/amsterdaminns.com\/#website"},"datePublished":"2023-07-19T04:02:44+00:00","dateModified":"2025-04-28T15:24:31+00:00","breadcrumb":{"@id":"https:\/\/amsterdaminns.com\/fr\/nous-contacter\/#breadcrumb"},"inLanguage":"fr-FR","potentialAction":[{"@type":"ReadAction","target":["https:\/\/amsterdaminns.com\/fr\/nous-contacter\/"]}]},{"@type":"BreadcrumbList","@id":"https:\/\/amsterdaminns.com\/fr\/nous-contacter\/#breadcrumb","itemListElement":[{"@type":"ListItem","position":1,"name":"Home","item":"https:\/\/amsterdaminns.com\/fr\/"},{"@type":"ListItem","position":2,"name":"NOUS CONTACTER"}]},{"@type":"WebSite","@id":"https:\/\/amsterdaminns.com\/#website","url":"https:\/\/amsterdaminns.com\/","name":"Amsterdam Inn","description":"","potentialAction":[{"@type":"SearchAction","target":{"@type":"EntryPoint","urlTemplate":"https:\/\/amsterdaminns.com\/?s={search_term_string}"},"query-input":{"@type":"PropertyValueSpecification","valueRequired":true,"valueName":"search_term_string"}}],"inLanguage":"fr-FR"}]}},"_links":{"self":[{"href":"https:\/\/amsterdaminns.com\/fr\/wp-json\/wp\/v2\/pages\/1421","targetHints":{"allow":["GET"]}}],"collection":[{"href":"https:\/\/amsterdaminns.com\/fr\/wp-json\/wp\/v2\/pages"}],"about":[{"href":"https:\/\/amsterdaminns.com\/fr\/wp-json\/wp\/v2\/types\/page"}],"author":[{"embeddable":true,"href":"https:\/\/amsterdaminns.com\/fr\/wp-json\/wp\/v2\/users\/1"}],"replies":[{"embeddable":true,"href":"https:\/\/amsterdaminns.com\/fr\/wp-json\/wp\/v2\/comments?post=1421"}],"version-history":[{"count":10,"href":"https:\/\/amsterdaminns.com\/fr\/wp-json\/wp\/v2\/pages\/1421\/revisions"}],"predecessor-version":[{"id":3146,"href":"https:\/\/amsterdaminns.com\/fr\/wp-json\/wp\/v2\/pages\/1421\/revisions\/3146"}],"wp:attachment":[{"href":"https:\/\/amsterdaminns.com\/fr\/wp-json\/wp\/v2\/media?parent=1421"}],"curies":[{"name":"wp","href":"https:\/\/api.w.org\/{rel}","templated":true}]}}