{"id":1423,"date":"2023-06-24T03:05:24","date_gmt":"2023-06-24T03:05:24","guid":{"rendered":"https:\/\/amsterdaminns.com\/corporate-responsibility\/"},"modified":"2024-02-24T13:57:07","modified_gmt":"2024-02-24T13:57:07","slug":"corporate-responsibility","status":"publish","type":"page","link":"https:\/\/amsterdaminns.com\/fr\/corporate-responsibility\/","title":{"rendered":"Responsabilit\u00e9 entrepreneuriale"},"content":{"rendered":"\n<h2>\n\t\tResponsabilit\u00e9 entrepreneuriale\n\t<\/h2>\n<h2>\n\t\tDonner en retour est dans nos g\u00e8nes.\n\t<\/h2>\n\t<p>Chez Amsterdam Inn &amp; Suites, notre engagement en mati\u00e8re de responsabilit\u00e9 entrepreneuriale n&rsquo;est pas seulement une pratique commerciale. Il s&rsquo;agit plut\u00f4t d&rsquo;une tradition familiale pris\u00e9e qui est enracin\u00e9e dans un soutien actif \u00e0 la communaut\u00e9. Notre parcours, depuis nos modestes d\u00e9buts jusqu&rsquo;aux sommets de notre succ\u00e8s actuel, est intimement li\u00e9 \u00e0 l&rsquo;aide inestimable accord\u00e9 et \u00e0 l&rsquo;engagement manifest\u00e9 par les communaut\u00e9s au sein desquelles nous avons le privil\u00e8ge d&rsquo;\u00e9voluer<\/p>\n<p>C&rsquo;est l&rsquo;une des principales raisons pour lesquelles la responsabilit\u00e9 entrepreneuriale est profond\u00e9ment ancr\u00e9e dans notre famille et dans l&rsquo;ADN de notre entreprise. Nous croyons en l&rsquo;importance de pr\u00e9server cette valeur tout en posant des gestes responsables. Que ce soit en parrainant des activit\u00e9s locales, en d\u00e9fendant des causes ou en adoptant des pratiques respectueuses de l&rsquo;environnement, nous appliquons notre \u00e9thique familiale \u00e0 nos activit\u00e9s. S\u00e9journez chez nous pour faire l&rsquo;exp\u00e9rience d&rsquo;une hospitalit\u00e9 responsable, ancr\u00e9e dans la tradition et vou\u00e9e \u00e0 un avenir durable.<\/p>\n\t\t\t<a href=\"#Commentpouvonsnousaider\" target=\"_self\" rel=\"noopener\">\n\t\t\t\t\t\t\tComment pouvons nous aider?\n\t\t\t\t\t<\/a>\n\t\t\t\t<img decoding=\"async\" src=\"https:\/\/amsterdaminns.com\/wp-content\/uploads\/2024\/01\/AdobeStock_187908670.jpeg\" alt=\"Handshake.\" itemprop=\"image\" height=\"1280\" width=\"1920\" title=\"Handshake.\" onerror=\"this.style.display='none'\"  \/>\n                            <h2>NOS VALEURS<\/h2> \n                        <h3>HONN\u00caTET\u00c9<\/h3>\n                        <p>Nous sommes honn\u00eates, sinc\u00e8res et transparents dans toutes nos interactions et communications.<\/p>                \n                            <h2>NOS VALEURS<\/h2> \n                        <h3>INT\u00c9GRIT\u00c9<\/h3>\n                         Nous appliquons syst\u00e9matiquement des normes de conduite \u00e9lev\u00e9es et agissons de mani\u00e8re \u00e9thique, en veillant \u00e0 ce que nos actions refl\u00e8tent nos valeurs et nos engagements. We care a lot. Our work ethic is top notch and we work to ensure you have a great visit when you stay with us.\n                \n                            <h2>NOS VALEURS<\/h2> \n                        <h3>PROFESSIONNALISME<\/h3>\n                        Nous appliquons des normes \u00e9lev\u00e9es en mati\u00e8re de comportement, de conduite et de comp\u00e9tence sur les lieux de travail.\n                \n                            <h2>NOS VALEURS<\/h2> \n                        <h3>CONFIDENTIALIT\u00c9<\/h3>\n                        <p>Nous respectons et prot\u00e9geons les informations sensibles et personnelles de nos clients, de nos co\u00e9quipiers et de notre entreprise.<\/p>                \n                            <h2>NOS VALEURS<\/h2> \n                        <h3>COMPASSION<\/h3>\n                        <p>Nous accordons priorit\u00e9 \u00e0 l&rsquo;instauration d&rsquo;un environnement favorable et inclusif o\u00f9 clients et coll\u00e8gues se sentent valoris\u00e9s, respect\u00e9s et soutenus.<\/p>                \n                            <h2>NOS VALEURS<\/h2> \n                        <h3>RESPONSABILIT\u00c9<\/h3>\n                        <p>Nous assumons la responsabilit\u00e9 de nos actions, de nos d\u00e9cisions et de nos r\u00e9sultats.<\/p>                \n                            <h2>NOS VALEURS<\/h2> \n                        <h3>RESPONSABILIT\u00c9<\/h3>\n                        <p>Nous nous acquittons de nos devoirs et obligations envers l&rsquo;organisation, nos coll\u00e8gues et nos invit\u00e9s.<\/p>                \n <h2>\n\t\tINITIATIVES ECOLOGIQUES\n\t<\/h2>\n\t<p>Notre objectif consiste \u00e0 \u00e9voluer de mani\u00e8re responsable et \u00e0 cro\u00eetre de mani\u00e8re durable au moyen d&rsquo;initiatives visant \u00e0 minimiser notre empreinte \u00e9cologique Notre engagement face \u00e0 l&rsquo;\u00e9cologie se traduit par la mise en place d&rsquo;une s\u00e9rie d&rsquo;initiatives ayant un impact positif sur notre environnement. Nous avons int\u00e9gr\u00e9 des pratiques respectueuses de l&rsquo;environnement dans nos activit\u00e9s, qu&rsquo;il s&rsquo;agisse de proc\u00e9d\u00e9s efficaces sur le plan \u00e9nerg\u00e9tique et sur celui de la consommation d&rsquo;eau, ou encore de programmes de r\u00e9duction des d\u00e9chets et de recyclage.<\/p>\n\nL&rsquo;une des initiatives phares de notre organisation est l&rsquo;installation dans toutes nos propri\u00e9t\u00e9s de bornes de recharge pour v\u00e9hicules \u00e9lectriques. Pour une somme modique, vous pouvez recharger votre v\u00e9hicule pendant que vous vous reposez dans notre h\u00f4tel. La commodit\u00e9 de nos clients est notre engagement sur le plan du d\u00e9veloppement durable.\n<p>Au fur et \u00e0 mesure que nous d\u00e9veloppons nos activit\u00e9s h\u00f4teli\u00e8res, nous sommes fiers d&rsquo;avoir recours \u00e0 entrepreneurs et des mat\u00e9riaux de construction durables qui m\u00e9nagent la plan\u00e8te. \u00c9tant un pionnier en mati\u00e8re d&rsquo;h\u00f4tellerie \u00e9cologique, nous ne construisons pas uniquement des structures, mais nous jetons aussi les bases d&rsquo;un avenir plus vert. La r\u00e9duction de l&rsquo;impact carbone de nos constructions s&rsquo;inscrit en ligne droite dans notre objectif de croissance durable. Ainsi, nous fa\u00e7onnons des espaces qui non seulement offrent du confort, mais qui minimisent \u00e9galement notre empreinte environnementale.<\/p>\n\t\t\t\t<img decoding=\"async\" src=\"https:\/\/amsterdaminns.com\/wp-content\/uploads\/2024\/01\/AdobeStock_200229495.jpeg\" alt=\"Electric vehicle charging station for home with EV car.\" itemprop=\"image\" height=\"1280\" width=\"1920\" title=\"Electric vehicle charging station\" onerror=\"this.style.display='none'\"  \/>\n\t\t\t\t<img decoding=\"async\" src=\"https:\/\/amsterdaminns.com\/wp-content\/uploads\/2024\/01\/AdobeStock_342782317.jpeg\" alt=\"Group of people working in charitable foundation. Happy volunteer looking at donation box on a sunny day. Happy volunteer separating donations stuffs. Volunteers sort donations during food drive\" itemprop=\"image\" height=\"1280\" width=\"1920\" title=\"Group of people working in charitable foundation. Happy volunteer looking at donation box on a sunny day. Happy volunteer separating donations stuffs. Volunteers sort donations during food drive\" onerror=\"this.style.display='none'\"  \/>\n                            <h2> INITIATIVES DE <br \/>SOUTIEN COMMUNAUTAIRE<\/h2> \n                        <h3>\u0152UVRES CARITATIVES LOCALES<\/h3>\n                        <p>\u2028Chez Amsterdam Inn &#038; Suites, notre hospitalit\u00e9 distingu\u00e9e s&rsquo;\u00e9tend non seulement \u00e0 nos clients mais \u00e9galement aux communaut\u00e9s dans lesquelles nous op\u00e9rons. Nous croyons que le v\u00e9ritable succ\u00e8s se mesure en apportant une contribution significative \u00e0 la communaut\u00e9 dans laquelle nous sommes fiers d&rsquo;\u00eatre chez nous. Par cons\u00e9quent, redonner \u00e0 la communaut\u00e9 est la pierre angulaire de notre identit\u00e9. Notre implication active refl\u00e8te nos liens \u00e9troits avec la communaut\u00e9 que nous servons. Qu&rsquo;il s&rsquo;agisse de sponsoriser des causes, de participer \u00e0 des \u00e9v\u00e9nements locaux ou de nouer des partenariats avec des entreprises voisines, c&rsquo;est un geste sinc\u00e8re de solidarit\u00e9. Nous sommes fiers de travailler main dans la main pour b\u00e2tir les communaut\u00e9s qui nous entourent.<\/p>                \n <h2>\n\t\tComment pouvons nous aider?\n\t<\/h2>\n\t<p>Nous sommes toujours \u00e0 la recherche de nouvelles causes \u00e0 soutenir et de moyens de redonner. Si vous avez une histoire \u00e0 raconter sur une bonne cause, veuillez remplir le formulaire ci-dessous pour nous envoyer un message.<\/p>\n\t <iframe\n      id=\"JotFormIFrame-240085101530440\"\n      title=\"Amsterdam Corporate Responsibility French\"\n      allowtransparency=\"true\"\n      allowfullscreen=\"true\"\n      allow=\"geolocation; microphone; camera\"\n      src=\"https:\/\/form.jotform.com\/240085101530440\"\n      frameborder=\"0\"\n      scrolling=\"no\">\n    <\/iframe>\n\n","protected":false},"excerpt":{"rendered":"<p>Responsabilit\u00e9 entrepreneuriale Donner en retour est dans nos g\u00e8nes. Chez Amsterdam Inn &amp; Suites, notre engagement en mati\u00e8re de responsabilit\u00e9 entrepreneuriale n&rsquo;est pas seulement une pratique commerciale. Il s&rsquo;agit plut\u00f4t d&rsquo;une tradition familiale pris\u00e9e qui est enracin\u00e9e dans un soutien actif \u00e0 la communaut\u00e9. Notre parcours, depuis nos modestes d\u00e9buts jusqu&rsquo;aux sommets de notre succ\u00e8s&hellip;<\/p>\n","protected":false},"author":1,"featured_media":0,"parent":0,"menu_order":0,"comment_status":"closed","ping_status":"closed","template":"","meta":{"_acf_changed":false,"footnotes":""},"class_list":["post-1423","page","type-page","status-publish","hentry"],"acf":[],"yoast_head":"<!-- This site is optimized with the Yoast SEO plugin v27.4 - https:\/\/yoast.com\/product\/yoast-seo-wordpress\/ -->\n<title>Responsabilit\u00e9 entrepreneuriale - Amsterdam Inn<\/title>\n<meta name=\"robots\" content=\"index, follow, max-snippet:-1, max-image-preview:large, max-video-preview:-1\" \/>\n<link rel=\"canonical\" href=\"https:\/\/amsterdaminns.com\/fr\/corporate-responsibility\/\" \/>\n<meta property=\"og:locale\" content=\"fr_FR\" \/>\n<meta property=\"og:type\" content=\"article\" \/>\n<meta property=\"og:title\" content=\"Responsabilit\u00e9 entrepreneuriale - Amsterdam Inn\" \/>\n<meta property=\"og:description\" content=\"Responsabilit\u00e9 entrepreneuriale Donner en retour est dans nos g\u00e8nes. Chez Amsterdam Inn &amp; Suites, notre engagement en mati\u00e8re de responsabilit\u00e9 entrepreneuriale n&rsquo;est pas seulement une pratique commerciale. Il s&rsquo;agit plut\u00f4t d&rsquo;une tradition familiale pris\u00e9e qui est enracin\u00e9e dans un soutien actif \u00e0 la communaut\u00e9. Notre parcours, depuis nos modestes d\u00e9buts jusqu&rsquo;aux sommets de notre succ\u00e8s&hellip;\" \/>\n<meta property=\"og:url\" content=\"https:\/\/amsterdaminns.com\/fr\/corporate-responsibility\/\" \/>\n<meta property=\"og:site_name\" content=\"Amsterdam Inn\" \/>\n<meta property=\"article:modified_time\" content=\"2024-02-24T13:57:07+00:00\" \/>\n<meta property=\"og:image\" content=\"https:\/\/amsterdaminns.com\/wp-content\/uploads\/2024\/01\/AdobeStock_187908670.jpeg\" \/>\n<meta name=\"twitter:card\" content=\"summary_large_image\" \/>\n<meta name=\"twitter:label1\" content=\"Dur\u00e9e de lecture estim\u00e9e\" \/>\n\t<meta name=\"twitter:data1\" content=\"4 minutes\" \/>\n<script type=\"application\/ld+json\" class=\"yoast-schema-graph\">{\"@context\":\"https:\\\/\\\/schema.org\",\"@graph\":[{\"@type\":\"WebPage\",\"@id\":\"https:\\\/\\\/amsterdaminns.com\\\/fr\\\/corporate-responsibility\\\/\",\"url\":\"https:\\\/\\\/amsterdaminns.com\\\/fr\\\/corporate-responsibility\\\/\",\"name\":\"Responsabilit\u00e9 entrepreneuriale - Amsterdam Inn\",\"isPartOf\":{\"@id\":\"https:\\\/\\\/amsterdaminns.com\\\/#website\"},\"primaryImageOfPage\":{\"@id\":\"https:\\\/\\\/amsterdaminns.com\\\/fr\\\/corporate-responsibility\\\/#primaryimage\"},\"image\":{\"@id\":\"https:\\\/\\\/amsterdaminns.com\\\/fr\\\/corporate-responsibility\\\/#primaryimage\"},\"thumbnailUrl\":\"https:\\\/\\\/amsterdaminns.com\\\/wp-content\\\/uploads\\\/2024\\\/01\\\/AdobeStock_187908670.jpeg\",\"datePublished\":\"2023-06-24T03:05:24+00:00\",\"dateModified\":\"2024-02-24T13:57:07+00:00\",\"breadcrumb\":{\"@id\":\"https:\\\/\\\/amsterdaminns.com\\\/fr\\\/corporate-responsibility\\\/#breadcrumb\"},\"inLanguage\":\"fr-FR\",\"potentialAction\":[{\"@type\":\"ReadAction\",\"target\":[\"https:\\\/\\\/amsterdaminns.com\\\/fr\\\/corporate-responsibility\\\/\"]}]},{\"@type\":\"ImageObject\",\"inLanguage\":\"fr-FR\",\"@id\":\"https:\\\/\\\/amsterdaminns.com\\\/fr\\\/corporate-responsibility\\\/#primaryimage\",\"url\":\"https:\\\/\\\/amsterdaminns.com\\\/wp-content\\\/uploads\\\/2024\\\/01\\\/AdobeStock_187908670.jpeg\",\"contentUrl\":\"https:\\\/\\\/amsterdaminns.com\\\/wp-content\\\/uploads\\\/2024\\\/01\\\/AdobeStock_187908670.jpeg\"},{\"@type\":\"BreadcrumbList\",\"@id\":\"https:\\\/\\\/amsterdaminns.com\\\/fr\\\/corporate-responsibility\\\/#breadcrumb\",\"itemListElement\":[{\"@type\":\"ListItem\",\"position\":1,\"name\":\"Home\",\"item\":\"https:\\\/\\\/amsterdaminns.com\\\/fr\\\/\"},{\"@type\":\"ListItem\",\"position\":2,\"name\":\"Responsabilit\u00e9 entrepreneuriale\"}]},{\"@type\":\"WebSite\",\"@id\":\"https:\\\/\\\/amsterdaminns.com\\\/#website\",\"url\":\"https:\\\/\\\/amsterdaminns.com\\\/\",\"name\":\"Amsterdam Inn\",\"description\":\"\",\"potentialAction\":[{\"@type\":\"SearchAction\",\"target\":{\"@type\":\"EntryPoint\",\"urlTemplate\":\"https:\\\/\\\/amsterdaminns.com\\\/?s={search_term_string}\"},\"query-input\":{\"@type\":\"PropertyValueSpecification\",\"valueRequired\":true,\"valueName\":\"search_term_string\"}}],\"inLanguage\":\"fr-FR\"}]}<\/script>\n<!-- \/ Yoast SEO plugin. -->","yoast_head_json":{"title":"Responsabilit\u00e9 entrepreneuriale - Amsterdam Inn","robots":{"index":"index","follow":"follow","max-snippet":"max-snippet:-1","max-image-preview":"max-image-preview:large","max-video-preview":"max-video-preview:-1"},"canonical":"https:\/\/amsterdaminns.com\/fr\/corporate-responsibility\/","og_locale":"fr_FR","og_type":"article","og_title":"Responsabilit\u00e9 entrepreneuriale - Amsterdam Inn","og_description":"Responsabilit\u00e9 entrepreneuriale Donner en retour est dans nos g\u00e8nes. Chez Amsterdam Inn &amp; Suites, notre engagement en mati\u00e8re de responsabilit\u00e9 entrepreneuriale n&rsquo;est pas seulement une pratique commerciale. Il s&rsquo;agit plut\u00f4t d&rsquo;une tradition familiale pris\u00e9e qui est enracin\u00e9e dans un soutien actif \u00e0 la communaut\u00e9. Notre parcours, depuis nos modestes d\u00e9buts jusqu&rsquo;aux sommets de notre succ\u00e8s&hellip;","og_url":"https:\/\/amsterdaminns.com\/fr\/corporate-responsibility\/","og_site_name":"Amsterdam Inn","article_modified_time":"2024-02-24T13:57:07+00:00","og_image":[{"url":"https:\/\/amsterdaminns.com\/wp-content\/uploads\/2024\/01\/AdobeStock_187908670.jpeg","type":"","width":"","height":""}],"twitter_card":"summary_large_image","twitter_misc":{"Dur\u00e9e de lecture estim\u00e9e":"4 minutes"},"schema":{"@context":"https:\/\/schema.org","@graph":[{"@type":"WebPage","@id":"https:\/\/amsterdaminns.com\/fr\/corporate-responsibility\/","url":"https:\/\/amsterdaminns.com\/fr\/corporate-responsibility\/","name":"Responsabilit\u00e9 entrepreneuriale - Amsterdam Inn","isPartOf":{"@id":"https:\/\/amsterdaminns.com\/#website"},"primaryImageOfPage":{"@id":"https:\/\/amsterdaminns.com\/fr\/corporate-responsibility\/#primaryimage"},"image":{"@id":"https:\/\/amsterdaminns.com\/fr\/corporate-responsibility\/#primaryimage"},"thumbnailUrl":"https:\/\/amsterdaminns.com\/wp-content\/uploads\/2024\/01\/AdobeStock_187908670.jpeg","datePublished":"2023-06-24T03:05:24+00:00","dateModified":"2024-02-24T13:57:07+00:00","breadcrumb":{"@id":"https:\/\/amsterdaminns.com\/fr\/corporate-responsibility\/#breadcrumb"},"inLanguage":"fr-FR","potentialAction":[{"@type":"ReadAction","target":["https:\/\/amsterdaminns.com\/fr\/corporate-responsibility\/"]}]},{"@type":"ImageObject","inLanguage":"fr-FR","@id":"https:\/\/amsterdaminns.com\/fr\/corporate-responsibility\/#primaryimage","url":"https:\/\/amsterdaminns.com\/wp-content\/uploads\/2024\/01\/AdobeStock_187908670.jpeg","contentUrl":"https:\/\/amsterdaminns.com\/wp-content\/uploads\/2024\/01\/AdobeStock_187908670.jpeg"},{"@type":"BreadcrumbList","@id":"https:\/\/amsterdaminns.com\/fr\/corporate-responsibility\/#breadcrumb","itemListElement":[{"@type":"ListItem","position":1,"name":"Home","item":"https:\/\/amsterdaminns.com\/fr\/"},{"@type":"ListItem","position":2,"name":"Responsabilit\u00e9 entrepreneuriale"}]},{"@type":"WebSite","@id":"https:\/\/amsterdaminns.com\/#website","url":"https:\/\/amsterdaminns.com\/","name":"Amsterdam Inn","description":"","potentialAction":[{"@type":"SearchAction","target":{"@type":"EntryPoint","urlTemplate":"https:\/\/amsterdaminns.com\/?s={search_term_string}"},"query-input":{"@type":"PropertyValueSpecification","valueRequired":true,"valueName":"search_term_string"}}],"inLanguage":"fr-FR"}]}},"_links":{"self":[{"href":"https:\/\/amsterdaminns.com\/fr\/wp-json\/wp\/v2\/pages\/1423","targetHints":{"allow":["GET"]}}],"collection":[{"href":"https:\/\/amsterdaminns.com\/fr\/wp-json\/wp\/v2\/pages"}],"about":[{"href":"https:\/\/amsterdaminns.com\/fr\/wp-json\/wp\/v2\/types\/page"}],"author":[{"embeddable":true,"href":"https:\/\/amsterdaminns.com\/fr\/wp-json\/wp\/v2\/users\/1"}],"replies":[{"embeddable":true,"href":"https:\/\/amsterdaminns.com\/fr\/wp-json\/wp\/v2\/comments?post=1423"}],"version-history":[{"count":21,"href":"https:\/\/amsterdaminns.com\/fr\/wp-json\/wp\/v2\/pages\/1423\/revisions"}],"predecessor-version":[{"id":2937,"href":"https:\/\/amsterdaminns.com\/fr\/wp-json\/wp\/v2\/pages\/1423\/revisions\/2937"}],"wp:attachment":[{"href":"https:\/\/amsterdaminns.com\/fr\/wp-json\/wp\/v2\/media?parent=1423"}],"curies":[{"name":"wp","href":"https:\/\/api.w.org\/{rel}","templated":true}]}}