{"id":1425,"date":"2023-07-19T03:50:55","date_gmt":"2023-07-19T03:50:55","guid":{"rendered":"https:\/\/amsterdaminns.com\/pet-policy\/"},"modified":"2023-12-22T18:14:01","modified_gmt":"2023-12-22T18:14:01","slug":"politique-concernant-les-animaux-de-compagnie","status":"publish","type":"page","link":"https:\/\/amsterdaminns.com\/fr\/politique-concernant-les-animaux-de-compagnie\/","title":{"rendered":"POLITIQUE CONCERNANT LES ANIMAUX DE COMPAGNIE"},"content":{"rendered":"\n<h2>\n\t\tAMSTERDAM INN &#038; SUITES\n\t<\/h2>\n<h2>\n\t\tPolitique concernant les animaux de compagnie\n\t<\/h2>\n<h2>\n\t\tNous acceptons les animaux domestiques !\n\t<\/h2>\n\t<p>Chez Amsterdam Inn &amp; Suites, nous sommes ravis d&rsquo;\u00eatre une destination accueillante pour les animaux de compagnie ! Nous comprenons que vos amis \u00e0 fourrure sont une partie importante de votre famille, c&rsquo;est la raison pour laquelle nous les accueillons \u00e0 bras ouverts. Veuillez vous assurer de ce qui suit :<\/p>\n<ul>\n<li>Nombre d&rsquo;animaux de compagnie : Vous pouvez emmener un maximum de deux animaux de compagnie par chambre.<\/li>\n<li>Limite de taille : le poids de chaque animal ne doit pas d\u00e9passer 20,4 kilos (45 livres).<\/li>\n<li>Animaux exotiques : bien que nous adorions tous les animaux, nous vous demandons de ne pas amener d&rsquo;animaux exotiques.<\/li>\n<li>Frais pour animaux de compagnie : Pour le confort de tous nos clients, des frais de 25 $ canadiens par animal, par nuit, plus les taxes applicables, sont exig\u00e9s.<\/li>\n<\/ul>\n<p>Veuillez garder \u00e0 l&rsquo;esprit que le nombre de chambres pour animaux est limit\u00e9. Veuillez donc contacter directement nos \u00e9tablissements pour vous assurer qu&rsquo;une chambre pour animaux est r\u00e9serv\u00e9e pour vous.<\/p>\n<p>Nous avons h\u00e2te de vous accueillir, vous et vos animaux, chez Amsterdam Inn &amp; Suites !<\/p>\n\t\t\t\t<img decoding=\"async\" src=\"https:\/\/amsterdaminns.com\/wp-content\/uploads\/2023\/07\/Mask-Group-1.png\" alt=\"Mask Group 1\" itemprop=\"image\" height=\"470\" width=\"664\" title=\"Mask Group 1\" onerror=\"this.style.display='none'\"  \/>\n\n","protected":false},"excerpt":{"rendered":"<p>AMSTERDAM INN &#038; SUITES Politique concernant les animaux de compagnie Nous acceptons les animaux domestiques ! Chez Amsterdam Inn &amp; Suites, nous sommes ravis d&rsquo;\u00eatre une destination accueillante pour les animaux de compagnie ! Nous comprenons que vos amis \u00e0 fourrure sont une partie importante de votre famille, c&rsquo;est la raison pour laquelle nous les&hellip;<\/p>\n","protected":false},"author":1,"featured_media":0,"parent":0,"menu_order":0,"comment_status":"closed","ping_status":"closed","template":"","meta":{"_acf_changed":false,"footnotes":""},"class_list":["post-1425","page","type-page","status-publish","hentry"],"acf":[],"yoast_head":"<!-- This site is optimized with the Yoast SEO plugin v27.4 - https:\/\/yoast.com\/product\/yoast-seo-wordpress\/ -->\n<title>POLITIQUE CONCERNANT LES ANIMAUX DE COMPAGNIE - Amsterdam Inn<\/title>\n<meta name=\"robots\" content=\"index, follow, max-snippet:-1, max-image-preview:large, max-video-preview:-1\" \/>\n<link rel=\"canonical\" href=\"https:\/\/amsterdaminns.com\/pet-policy\/\" \/>\n<meta property=\"og:locale\" content=\"fr_FR\" \/>\n<meta property=\"og:type\" content=\"article\" \/>\n<meta property=\"og:title\" content=\"POLITIQUE CONCERNANT LES ANIMAUX DE COMPAGNIE - Amsterdam Inn\" \/>\n<meta property=\"og:description\" content=\"AMSTERDAM INN &#038; SUITES Politique concernant les animaux de compagnie Nous acceptons les animaux domestiques ! Chez Amsterdam Inn &amp; Suites, nous sommes ravis d&rsquo;\u00eatre une destination accueillante pour les animaux de compagnie ! Nous comprenons que vos amis \u00e0 fourrure sont une partie importante de votre famille, c&rsquo;est la raison pour laquelle nous les&hellip;\" \/>\n<meta property=\"og:url\" content=\"https:\/\/amsterdaminns.com\/pet-policy\/\" \/>\n<meta property=\"og:site_name\" content=\"Amsterdam Inn\" \/>\n<meta property=\"article:modified_time\" content=\"2023-12-22T18:14:01+00:00\" \/>\n<meta property=\"og:image\" content=\"https:\/\/amsterdaminns.com\/wp-content\/uploads\/2023\/07\/Mask-Group-1.png\" \/>\n<meta name=\"twitter:card\" content=\"summary_large_image\" \/>\n<meta name=\"twitter:label1\" content=\"Dur\u00e9e de lecture estim\u00e9e\" \/>\n\t<meta name=\"twitter:data1\" content=\"1 minute\" \/>\n<script type=\"application\/ld+json\" class=\"yoast-schema-graph\">{\"@context\":\"https:\\\/\\\/schema.org\",\"@graph\":[{\"@type\":\"WebPage\",\"@id\":\"https:\\\/\\\/amsterdaminns.com\\\/pet-policy\\\/\",\"url\":\"https:\\\/\\\/amsterdaminns.com\\\/pet-policy\\\/\",\"name\":\"POLITIQUE CONCERNANT LES ANIMAUX DE COMPAGNIE - Amsterdam Inn\",\"isPartOf\":{\"@id\":\"https:\\\/\\\/amsterdaminns.com\\\/#website\"},\"primaryImageOfPage\":{\"@id\":\"https:\\\/\\\/amsterdaminns.com\\\/pet-policy\\\/#primaryimage\"},\"image\":{\"@id\":\"https:\\\/\\\/amsterdaminns.com\\\/pet-policy\\\/#primaryimage\"},\"thumbnailUrl\":\"https:\\\/\\\/amsterdaminns.com\\\/wp-content\\\/uploads\\\/2023\\\/07\\\/Mask-Group-1.png\",\"datePublished\":\"2023-07-19T03:50:55+00:00\",\"dateModified\":\"2023-12-22T18:14:01+00:00\",\"breadcrumb\":{\"@id\":\"https:\\\/\\\/amsterdaminns.com\\\/pet-policy\\\/#breadcrumb\"},\"inLanguage\":\"fr-FR\",\"potentialAction\":[{\"@type\":\"ReadAction\",\"target\":[\"https:\\\/\\\/amsterdaminns.com\\\/pet-policy\\\/\"]}]},{\"@type\":\"ImageObject\",\"inLanguage\":\"fr-FR\",\"@id\":\"https:\\\/\\\/amsterdaminns.com\\\/pet-policy\\\/#primaryimage\",\"url\":\"https:\\\/\\\/amsterdaminns.com\\\/wp-content\\\/uploads\\\/2023\\\/07\\\/Mask-Group-1.png\",\"contentUrl\":\"https:\\\/\\\/amsterdaminns.com\\\/wp-content\\\/uploads\\\/2023\\\/07\\\/Mask-Group-1.png\"},{\"@type\":\"BreadcrumbList\",\"@id\":\"https:\\\/\\\/amsterdaminns.com\\\/pet-policy\\\/#breadcrumb\",\"itemListElement\":[{\"@type\":\"ListItem\",\"position\":1,\"name\":\"Home\",\"item\":\"https:\\\/\\\/amsterdaminns.com\\\/fr\\\/\"},{\"@type\":\"ListItem\",\"position\":2,\"name\":\"POLITIQUE CONCERNANT LES ANIMAUX DE COMPAGNIE\"}]},{\"@type\":\"WebSite\",\"@id\":\"https:\\\/\\\/amsterdaminns.com\\\/#website\",\"url\":\"https:\\\/\\\/amsterdaminns.com\\\/\",\"name\":\"Amsterdam Inn\",\"description\":\"\",\"potentialAction\":[{\"@type\":\"SearchAction\",\"target\":{\"@type\":\"EntryPoint\",\"urlTemplate\":\"https:\\\/\\\/amsterdaminns.com\\\/?s={search_term_string}\"},\"query-input\":{\"@type\":\"PropertyValueSpecification\",\"valueRequired\":true,\"valueName\":\"search_term_string\"}}],\"inLanguage\":\"fr-FR\"}]}<\/script>\n<!-- \/ Yoast SEO plugin. -->","yoast_head_json":{"title":"POLITIQUE CONCERNANT LES ANIMAUX DE COMPAGNIE - Amsterdam Inn","robots":{"index":"index","follow":"follow","max-snippet":"max-snippet:-1","max-image-preview":"max-image-preview:large","max-video-preview":"max-video-preview:-1"},"canonical":"https:\/\/amsterdaminns.com\/pet-policy\/","og_locale":"fr_FR","og_type":"article","og_title":"POLITIQUE CONCERNANT LES ANIMAUX DE COMPAGNIE - Amsterdam Inn","og_description":"AMSTERDAM INN &#038; SUITES Politique concernant les animaux de compagnie Nous acceptons les animaux domestiques ! Chez Amsterdam Inn &amp; Suites, nous sommes ravis d&rsquo;\u00eatre une destination accueillante pour les animaux de compagnie ! Nous comprenons que vos amis \u00e0 fourrure sont une partie importante de votre famille, c&rsquo;est la raison pour laquelle nous les&hellip;","og_url":"https:\/\/amsterdaminns.com\/pet-policy\/","og_site_name":"Amsterdam Inn","article_modified_time":"2023-12-22T18:14:01+00:00","og_image":[{"url":"https:\/\/amsterdaminns.com\/wp-content\/uploads\/2023\/07\/Mask-Group-1.png","type":"","width":"","height":""}],"twitter_card":"summary_large_image","twitter_misc":{"Dur\u00e9e de lecture estim\u00e9e":"1 minute"},"schema":{"@context":"https:\/\/schema.org","@graph":[{"@type":"WebPage","@id":"https:\/\/amsterdaminns.com\/pet-policy\/","url":"https:\/\/amsterdaminns.com\/pet-policy\/","name":"POLITIQUE CONCERNANT LES ANIMAUX DE COMPAGNIE - Amsterdam Inn","isPartOf":{"@id":"https:\/\/amsterdaminns.com\/#website"},"primaryImageOfPage":{"@id":"https:\/\/amsterdaminns.com\/pet-policy\/#primaryimage"},"image":{"@id":"https:\/\/amsterdaminns.com\/pet-policy\/#primaryimage"},"thumbnailUrl":"https:\/\/amsterdaminns.com\/wp-content\/uploads\/2023\/07\/Mask-Group-1.png","datePublished":"2023-07-19T03:50:55+00:00","dateModified":"2023-12-22T18:14:01+00:00","breadcrumb":{"@id":"https:\/\/amsterdaminns.com\/pet-policy\/#breadcrumb"},"inLanguage":"fr-FR","potentialAction":[{"@type":"ReadAction","target":["https:\/\/amsterdaminns.com\/pet-policy\/"]}]},{"@type":"ImageObject","inLanguage":"fr-FR","@id":"https:\/\/amsterdaminns.com\/pet-policy\/#primaryimage","url":"https:\/\/amsterdaminns.com\/wp-content\/uploads\/2023\/07\/Mask-Group-1.png","contentUrl":"https:\/\/amsterdaminns.com\/wp-content\/uploads\/2023\/07\/Mask-Group-1.png"},{"@type":"BreadcrumbList","@id":"https:\/\/amsterdaminns.com\/pet-policy\/#breadcrumb","itemListElement":[{"@type":"ListItem","position":1,"name":"Home","item":"https:\/\/amsterdaminns.com\/fr\/"},{"@type":"ListItem","position":2,"name":"POLITIQUE CONCERNANT LES ANIMAUX DE COMPAGNIE"}]},{"@type":"WebSite","@id":"https:\/\/amsterdaminns.com\/#website","url":"https:\/\/amsterdaminns.com\/","name":"Amsterdam Inn","description":"","potentialAction":[{"@type":"SearchAction","target":{"@type":"EntryPoint","urlTemplate":"https:\/\/amsterdaminns.com\/?s={search_term_string}"},"query-input":{"@type":"PropertyValueSpecification","valueRequired":true,"valueName":"search_term_string"}}],"inLanguage":"fr-FR"}]}},"_links":{"self":[{"href":"https:\/\/amsterdaminns.com\/fr\/wp-json\/wp\/v2\/pages\/1425","targetHints":{"allow":["GET"]}}],"collection":[{"href":"https:\/\/amsterdaminns.com\/fr\/wp-json\/wp\/v2\/pages"}],"about":[{"href":"https:\/\/amsterdaminns.com\/fr\/wp-json\/wp\/v2\/types\/page"}],"author":[{"embeddable":true,"href":"https:\/\/amsterdaminns.com\/fr\/wp-json\/wp\/v2\/users\/1"}],"replies":[{"embeddable":true,"href":"https:\/\/amsterdaminns.com\/fr\/wp-json\/wp\/v2\/comments?post=1425"}],"version-history":[{"count":3,"href":"https:\/\/amsterdaminns.com\/fr\/wp-json\/wp\/v2\/pages\/1425\/revisions"}],"predecessor-version":[{"id":1818,"href":"https:\/\/amsterdaminns.com\/fr\/wp-json\/wp\/v2\/pages\/1425\/revisions\/1818"}],"wp:attachment":[{"href":"https:\/\/amsterdaminns.com\/fr\/wp-json\/wp\/v2\/media?parent=1425"}],"curies":[{"name":"wp","href":"https:\/\/api.w.org\/{rel}","templated":true}]}}