{"id":1426,"date":"2023-06-05T06:55:39","date_gmt":"2023-06-05T06:55:39","guid":{"rendered":"https:\/\/amsterdaminns.com\/rewards\/"},"modified":"2025-12-01T17:22:19","modified_gmt":"2025-12-01T17:22:19","slug":"rewards","status":"publish","type":"page","link":"https:\/\/amsterdaminns.com\/fr\/rewards\/","title":{"rendered":"R\u00c9COMPENSES"},"content":{"rendered":"\n<h2>\n\t\t\tGAGNEZ AVEC CHAQUE S\u00c9JOUR\t<\/h2>\n<h2>\n\t\t\tAmsterdam Inn Rewards\t<\/h2>\n\t<p>Inscrivez-vous maintenant et obtenez 20 $ de rabais applicable \u00e0 votre prochain s\u00e9jour.<\/p>\n\t<ul>\n<li>R\u00e9servez directement pour gagner des dollars sur chaque s\u00e9jour!<\/li>\n<li>\u00c9changez vos points sur n&rsquo;importe quelle propri\u00e9t\u00e9 affili\u00e9e \u00e0 Amsterdam Inn<\/li>\n<li>Obtenez des points lorsque vous r\u00e9servez directement avec l&rsquo;h\u00f4tel en ligne ou en appelant<\/li>\n<li>Les dollars gagn\u00e9s ou \u00e9chang\u00e9s ne sont pas valides avec les r\u00e9servations de tiers. c&rsquo;est-\u00e0-dire expedia, hotels.com, trivago etc.<\/li>\n<li>Non valide avec d&rsquo;autres programmes de fid\u00e9lit\u00e9.<\/li>\n<\/ul>\n\t\t\t<a href=\"https:\/\/amsterdaminns.ackroo.net\/fr\/sessions\" target=\"_self\">\n\t\t\t\t\t\t\tV\u00e9rifiez le solde\n\t\t\t\t\t<\/a>\n<h2>\n\t\t\tInscrivez-vous ici\t<\/h2>\n\t\t\t\t<img decoding=\"async\" src=\"https:\/\/amsterdaminns.com\/wp-content\/uploads\/2025\/12\/mask-group-1-1-1.png\" alt=\"mask-group-1 (1)\" itemprop=\"image\" height=\"470\" width=\"664\" title=\"mask-group-1 (1)\" onerror=\"this.style.display='none'\" loading=\"lazy\" \/>\n\n","protected":false},"excerpt":{"rendered":"<p>GAGNEZ AVEC CHAQUE S\u00c9JOUR Amsterdam Inn Rewards Inscrivez-vous maintenant et obtenez 20 $ de rabais applicable \u00e0 votre prochain s\u00e9jour. R\u00e9servez directement pour gagner des dollars sur chaque s\u00e9jour! \u00c9changez vos points sur n&rsquo;importe quelle propri\u00e9t\u00e9 affili\u00e9e \u00e0 Amsterdam Inn Obtenez des points lorsque vous r\u00e9servez directement avec l&rsquo;h\u00f4tel en ligne ou en appelant Les&hellip;<\/p>\n","protected":false},"author":1,"featured_media":0,"parent":0,"menu_order":0,"comment_status":"closed","ping_status":"closed","template":"","meta":{"_acf_changed":false,"footnotes":""},"class_list":["post-1426","page","type-page","status-publish","hentry"],"acf":[],"yoast_head":"<!-- This site is optimized with the Yoast SEO plugin v27.4 - https:\/\/yoast.com\/product\/yoast-seo-wordpress\/ -->\n<title>R\u00c9COMPENSES - Amsterdam Inn<\/title>\n<meta name=\"robots\" content=\"index, follow, max-snippet:-1, max-image-preview:large, max-video-preview:-1\" \/>\n<link rel=\"canonical\" href=\"https:\/\/amsterdaminns.com\/fr\/rewards\/\" \/>\n<meta property=\"og:locale\" content=\"fr_FR\" \/>\n<meta property=\"og:type\" content=\"article\" \/>\n<meta property=\"og:title\" content=\"R\u00c9COMPENSES - Amsterdam Inn\" \/>\n<meta property=\"og:description\" content=\"GAGNEZ AVEC CHAQUE S\u00c9JOUR Amsterdam Inn Rewards Inscrivez-vous maintenant et obtenez 20 $ de rabais applicable \u00e0 votre prochain s\u00e9jour. R\u00e9servez directement pour gagner des dollars sur chaque s\u00e9jour! \u00c9changez vos points sur n&rsquo;importe quelle propri\u00e9t\u00e9 affili\u00e9e \u00e0 Amsterdam Inn Obtenez des points lorsque vous r\u00e9servez directement avec l&rsquo;h\u00f4tel en ligne ou en appelant Les&hellip;\" \/>\n<meta property=\"og:url\" content=\"https:\/\/amsterdaminns.com\/fr\/rewards\/\" \/>\n<meta property=\"og:site_name\" content=\"Amsterdam Inn\" \/>\n<meta property=\"article:modified_time\" content=\"2025-12-01T17:22:19+00:00\" \/>\n<meta property=\"og:image\" content=\"https:\/\/amsterdaminns.com\/wp-content\/uploads\/2025\/12\/mask-group-1-1-1.png\" \/>\n<meta name=\"twitter:card\" content=\"summary_large_image\" \/>\n<meta name=\"twitter:label1\" content=\"Dur\u00e9e de lecture estim\u00e9e\" \/>\n\t<meta name=\"twitter:data1\" content=\"1 minute\" \/>\n<script type=\"application\/ld+json\" class=\"yoast-schema-graph\">{\"@context\":\"https:\\\/\\\/schema.org\",\"@graph\":[{\"@type\":\"WebPage\",\"@id\":\"https:\\\/\\\/amsterdaminns.com\\\/fr\\\/rewards\\\/\",\"url\":\"https:\\\/\\\/amsterdaminns.com\\\/fr\\\/rewards\\\/\",\"name\":\"R\u00c9COMPENSES - Amsterdam Inn\",\"isPartOf\":{\"@id\":\"https:\\\/\\\/amsterdaminns.com\\\/#website\"},\"primaryImageOfPage\":{\"@id\":\"https:\\\/\\\/amsterdaminns.com\\\/fr\\\/rewards\\\/#primaryimage\"},\"image\":{\"@id\":\"https:\\\/\\\/amsterdaminns.com\\\/fr\\\/rewards\\\/#primaryimage\"},\"thumbnailUrl\":\"https:\\\/\\\/amsterdaminns.com\\\/wp-content\\\/uploads\\\/2025\\\/12\\\/mask-group-1-1-1.png\",\"datePublished\":\"2023-06-05T06:55:39+00:00\",\"dateModified\":\"2025-12-01T17:22:19+00:00\",\"breadcrumb\":{\"@id\":\"https:\\\/\\\/amsterdaminns.com\\\/fr\\\/rewards\\\/#breadcrumb\"},\"inLanguage\":\"fr-FR\",\"potentialAction\":[{\"@type\":\"ReadAction\",\"target\":[\"https:\\\/\\\/amsterdaminns.com\\\/fr\\\/rewards\\\/\"]}]},{\"@type\":\"ImageObject\",\"inLanguage\":\"fr-FR\",\"@id\":\"https:\\\/\\\/amsterdaminns.com\\\/fr\\\/rewards\\\/#primaryimage\",\"url\":\"https:\\\/\\\/amsterdaminns.com\\\/wp-content\\\/uploads\\\/2025\\\/12\\\/mask-group-1-1-1.png\",\"contentUrl\":\"https:\\\/\\\/amsterdaminns.com\\\/wp-content\\\/uploads\\\/2025\\\/12\\\/mask-group-1-1-1.png\"},{\"@type\":\"BreadcrumbList\",\"@id\":\"https:\\\/\\\/amsterdaminns.com\\\/fr\\\/rewards\\\/#breadcrumb\",\"itemListElement\":[{\"@type\":\"ListItem\",\"position\":1,\"name\":\"Home\",\"item\":\"https:\\\/\\\/amsterdaminns.com\\\/fr\\\/\"},{\"@type\":\"ListItem\",\"position\":2,\"name\":\"R\u00c9COMPENSES\"}]},{\"@type\":\"WebSite\",\"@id\":\"https:\\\/\\\/amsterdaminns.com\\\/#website\",\"url\":\"https:\\\/\\\/amsterdaminns.com\\\/\",\"name\":\"Amsterdam Inn\",\"description\":\"\",\"potentialAction\":[{\"@type\":\"SearchAction\",\"target\":{\"@type\":\"EntryPoint\",\"urlTemplate\":\"https:\\\/\\\/amsterdaminns.com\\\/?s={search_term_string}\"},\"query-input\":{\"@type\":\"PropertyValueSpecification\",\"valueRequired\":true,\"valueName\":\"search_term_string\"}}],\"inLanguage\":\"fr-FR\"}]}<\/script>\n<!-- \/ Yoast SEO plugin. -->","yoast_head_json":{"title":"R\u00c9COMPENSES - Amsterdam Inn","robots":{"index":"index","follow":"follow","max-snippet":"max-snippet:-1","max-image-preview":"max-image-preview:large","max-video-preview":"max-video-preview:-1"},"canonical":"https:\/\/amsterdaminns.com\/fr\/rewards\/","og_locale":"fr_FR","og_type":"article","og_title":"R\u00c9COMPENSES - Amsterdam Inn","og_description":"GAGNEZ AVEC CHAQUE S\u00c9JOUR Amsterdam Inn Rewards Inscrivez-vous maintenant et obtenez 20 $ de rabais applicable \u00e0 votre prochain s\u00e9jour. R\u00e9servez directement pour gagner des dollars sur chaque s\u00e9jour! \u00c9changez vos points sur n&rsquo;importe quelle propri\u00e9t\u00e9 affili\u00e9e \u00e0 Amsterdam Inn Obtenez des points lorsque vous r\u00e9servez directement avec l&rsquo;h\u00f4tel en ligne ou en appelant Les&hellip;","og_url":"https:\/\/amsterdaminns.com\/fr\/rewards\/","og_site_name":"Amsterdam Inn","article_modified_time":"2025-12-01T17:22:19+00:00","og_image":[{"url":"https:\/\/amsterdaminns.com\/wp-content\/uploads\/2025\/12\/mask-group-1-1-1.png","type":"","width":"","height":""}],"twitter_card":"summary_large_image","twitter_misc":{"Dur\u00e9e de lecture estim\u00e9e":"1 minute"},"schema":{"@context":"https:\/\/schema.org","@graph":[{"@type":"WebPage","@id":"https:\/\/amsterdaminns.com\/fr\/rewards\/","url":"https:\/\/amsterdaminns.com\/fr\/rewards\/","name":"R\u00c9COMPENSES - Amsterdam Inn","isPartOf":{"@id":"https:\/\/amsterdaminns.com\/#website"},"primaryImageOfPage":{"@id":"https:\/\/amsterdaminns.com\/fr\/rewards\/#primaryimage"},"image":{"@id":"https:\/\/amsterdaminns.com\/fr\/rewards\/#primaryimage"},"thumbnailUrl":"https:\/\/amsterdaminns.com\/wp-content\/uploads\/2025\/12\/mask-group-1-1-1.png","datePublished":"2023-06-05T06:55:39+00:00","dateModified":"2025-12-01T17:22:19+00:00","breadcrumb":{"@id":"https:\/\/amsterdaminns.com\/fr\/rewards\/#breadcrumb"},"inLanguage":"fr-FR","potentialAction":[{"@type":"ReadAction","target":["https:\/\/amsterdaminns.com\/fr\/rewards\/"]}]},{"@type":"ImageObject","inLanguage":"fr-FR","@id":"https:\/\/amsterdaminns.com\/fr\/rewards\/#primaryimage","url":"https:\/\/amsterdaminns.com\/wp-content\/uploads\/2025\/12\/mask-group-1-1-1.png","contentUrl":"https:\/\/amsterdaminns.com\/wp-content\/uploads\/2025\/12\/mask-group-1-1-1.png"},{"@type":"BreadcrumbList","@id":"https:\/\/amsterdaminns.com\/fr\/rewards\/#breadcrumb","itemListElement":[{"@type":"ListItem","position":1,"name":"Home","item":"https:\/\/amsterdaminns.com\/fr\/"},{"@type":"ListItem","position":2,"name":"R\u00c9COMPENSES"}]},{"@type":"WebSite","@id":"https:\/\/amsterdaminns.com\/#website","url":"https:\/\/amsterdaminns.com\/","name":"Amsterdam Inn","description":"","potentialAction":[{"@type":"SearchAction","target":{"@type":"EntryPoint","urlTemplate":"https:\/\/amsterdaminns.com\/?s={search_term_string}"},"query-input":{"@type":"PropertyValueSpecification","valueRequired":true,"valueName":"search_term_string"}}],"inLanguage":"fr-FR"}]}},"_links":{"self":[{"href":"https:\/\/amsterdaminns.com\/fr\/wp-json\/wp\/v2\/pages\/1426","targetHints":{"allow":["GET"]}}],"collection":[{"href":"https:\/\/amsterdaminns.com\/fr\/wp-json\/wp\/v2\/pages"}],"about":[{"href":"https:\/\/amsterdaminns.com\/fr\/wp-json\/wp\/v2\/types\/page"}],"author":[{"embeddable":true,"href":"https:\/\/amsterdaminns.com\/fr\/wp-json\/wp\/v2\/users\/1"}],"replies":[{"embeddable":true,"href":"https:\/\/amsterdaminns.com\/fr\/wp-json\/wp\/v2\/comments?post=1426"}],"version-history":[{"count":10,"href":"https:\/\/amsterdaminns.com\/fr\/wp-json\/wp\/v2\/pages\/1426\/revisions"}],"predecessor-version":[{"id":3231,"href":"https:\/\/amsterdaminns.com\/fr\/wp-json\/wp\/v2\/pages\/1426\/revisions\/3231"}],"wp:attachment":[{"href":"https:\/\/amsterdaminns.com\/fr\/wp-json\/wp\/v2\/media?parent=1426"}],"curies":[{"name":"wp","href":"https:\/\/api.w.org\/{rel}","templated":true}]}}