{"id":1431,"date":"2023-06-24T09:53:24","date_gmt":"2023-06-24T09:53:24","guid":{"rendered":"https:\/\/amsterdaminns.com\/special-events\/"},"modified":"2024-02-09T18:06:10","modified_gmt":"2024-02-09T18:06:10","slug":"special-events","status":"publish","type":"page","link":"https:\/\/amsterdaminns.com\/fr\/special-events\/","title":{"rendered":"\u00c9V\u00c9NEMENTS SP\u00c9CIAUX"},"content":{"rendered":"\n<h2>\n\t\tVENUES\n\t<\/h2>\n<h1>\n\t\t\u00c9v\u00e9nements sp\u00e9ciaux\n\t<\/h1>\n\tContactez-nous d\u00e8s aujourd&rsquo;hui pour commencer \u00e0 planifier et \u00e0 organiser votre \u00e9v\u00e9nement id\u00e9al !<br \/>\nChez Amsterdam Inn &amp; Suites, nous sommes tr\u00e8s fiers d&rsquo;\u00eatre vos h\u00f4tes de confiance,<br \/>\ntravaillant avec diligence \u00e0 vos c\u00f4t\u00e9s pour faire de votre \u00e9v\u00e9nement un succ\u00e8s ind\u00e9niable.\nNotre engagement envers la r\u00e9ussite de votre \u00e9v\u00e9nement va au-del\u00e0 du lieu.<br \/>\nNous sommes l\u00e0 pour vous offrir des conseils d&rsquo;experts et vous apporter le soutien<br \/>\ndont vous avez besoin pour que votre \u00e9v\u00e9nement soit vraiment exceptionnel.\n<h2>\n\t\t\u00c0 PROPOS DE NOS LIEUX\n\t<\/h2>\n\t\t\t<a href=\"https:\/\/amsterdaminns.com\/fr\/services-de-traiteur\/\" target=\"_self\" rel=\"noopener\">\n\t\t\t\t\t\t\tSERVICES DE TRAITEUR\n\t\t\t\t\t<\/a>\n\t\t\t<a href=\"https:\/\/amsterdaminns.com\/wp-content\/uploads\/2024\/01\/Conference-and-Meetings-and-Special-Events-Venue-Configurations.pdf\" target=\"_blank\" rel=\"noopener\">\n\t\t\t\t\t\t\tCONFIGURATIONS\n\t\t\t\t\t<\/a>\n\t\t\t<a href=\"https:\/\/amsterdaminns.com\/fr\/nous-contacter\/\" target=\"_self\" rel=\"noopener\">\n\t\t\t\t\t\t\tNOUS CONTACTER\n\t\t\t\t\t<\/a>\n<h2>\n\t\tTOLL FREE: 1-(800)-468-2828\n\t<\/h2>\n\t\t\t<a href=\"https:\/\/amsterdaminns.com\/fr\/nous-contacter\/\" target=\"_self\" rel=\"noopener\">\n\t\t\t\t\t\t\tCONTACTER POUR PLUS D&rsquo;INFORMATIONS\n\t\t\t\t\t<\/a>\n<ul>\t<li>\n\t\t\t<h3> R\u00e9servez t\u00f4t pour b\u00e9n\u00e9ficier d&#039;un tarif pr\u00e9f\u00e9rentiel<\/h3>\t\t\n\t<\/li>\n\t\t<li>\n\t\t\t<h3> Des options en mati\u00e8re de services de traiteur sont disponibles<\/h3>\t\t\n\t<\/li>\n\t\t<li>\n\t\t\t<h3> Nos installations et services exceptionnels et prim\u00e9s vous permettront de cr\u00e9er un lieu \u00e9l\u00e9gant pour votre \u00e9v\u00e9nement<\/h3>\t\t\n\t<\/li>\n\t\t<li>\n\t\t\t<h3> Notre personnel est l\u00e0 pour vous aider \u00e0 planifier et \u00e0 vous satisfaire tout au long de votre exp\u00e9rience chez Amsterdam Inn &amp; Suites<\/h3>\t\t\n\t<\/li>\n\t<\/ul><h2>\n\t\tSERVICES DE TRAITEUR\n\t<\/h2>\n\t<h1><strong>Faites l&rsquo;exp\u00e9rience de services de traiteur offerts par notre propre restaurant Exit 153, pr\u00e9sentement propos\u00e9s exclusivement dans notre \u00e9tablissement de Florenceville-Bristol.<\/strong><\/h1>\n\t\t\t<a href=\"https:\/\/amsterdaminns.com\/fr\/services-de-traiteur\/\" target=\"_self\" rel=\"noopener\">\n\t\t\t\t\t\t\tPOUR EN SAVOIR PLUS\n\t\t\t\t\t<\/a>\n<h2>\n\t\tVOIR DISPOSITION\n\t<\/h2>\n\t\t\t<a href=\"https:\/\/amsterdaminns.com\/wp-content\/uploads\/2024\/01\/Conference-and-Meetings-and-Special-Events-Venue-Configurations.pdf\" target=\"_blank\" rel=\"noopener\">\n\t\t\t\t\t\t\tConfigurations\n\t\t\t\t\t<\/a>\n\n","protected":false},"excerpt":{"rendered":"<p>VENUES \u00c9v\u00e9nements sp\u00e9ciaux Contactez-nous d\u00e8s aujourd&rsquo;hui pour commencer \u00e0 planifier et \u00e0 organiser votre \u00e9v\u00e9nement id\u00e9al ! Chez Amsterdam Inn &amp; Suites, nous sommes tr\u00e8s fiers d&rsquo;\u00eatre vos h\u00f4tes de confiance, travaillant avec diligence \u00e0 vos c\u00f4t\u00e9s pour faire de votre \u00e9v\u00e9nement un succ\u00e8s ind\u00e9niable. Notre engagement envers la r\u00e9ussite de votre \u00e9v\u00e9nement va au-del\u00e0&hellip;<\/p>\n","protected":false},"author":1,"featured_media":0,"parent":0,"menu_order":0,"comment_status":"closed","ping_status":"closed","template":"","meta":{"_acf_changed":false,"footnotes":""},"class_list":["post-1431","page","type-page","status-publish","hentry"],"acf":[],"yoast_head":"<!-- This site is optimized with the Yoast SEO plugin v27.4 - https:\/\/yoast.com\/product\/yoast-seo-wordpress\/ -->\n<title>\u00c9V\u00c9NEMENTS SP\u00c9CIAUX - Amsterdam Inn<\/title>\n<meta name=\"robots\" content=\"index, follow, max-snippet:-1, max-image-preview:large, max-video-preview:-1\" \/>\n<link rel=\"canonical\" href=\"https:\/\/amsterdaminns.com\/special-events\/\" \/>\n<meta property=\"og:locale\" content=\"fr_FR\" \/>\n<meta property=\"og:type\" content=\"article\" \/>\n<meta property=\"og:title\" content=\"\u00c9V\u00c9NEMENTS SP\u00c9CIAUX - Amsterdam Inn\" \/>\n<meta property=\"og:description\" content=\"VENUES \u00c9v\u00e9nements sp\u00e9ciaux Contactez-nous d\u00e8s aujourd&rsquo;hui pour commencer \u00e0 planifier et \u00e0 organiser votre \u00e9v\u00e9nement id\u00e9al ! Chez Amsterdam Inn &amp; Suites, nous sommes tr\u00e8s fiers d&rsquo;\u00eatre vos h\u00f4tes de confiance, travaillant avec diligence \u00e0 vos c\u00f4t\u00e9s pour faire de votre \u00e9v\u00e9nement un succ\u00e8s ind\u00e9niable. Notre engagement envers la r\u00e9ussite de votre \u00e9v\u00e9nement va au-del\u00e0&hellip;\" \/>\n<meta property=\"og:url\" content=\"https:\/\/amsterdaminns.com\/special-events\/\" \/>\n<meta property=\"og:site_name\" content=\"Amsterdam Inn\" \/>\n<meta property=\"article:modified_time\" content=\"2024-02-09T18:06:10+00:00\" \/>\n<meta name=\"twitter:card\" content=\"summary_large_image\" \/>\n<meta name=\"twitter:label1\" content=\"Dur\u00e9e de lecture estim\u00e9e\" \/>\n\t<meta name=\"twitter:data1\" content=\"1 minute\" \/>\n<script type=\"application\/ld+json\" class=\"yoast-schema-graph\">{\"@context\":\"https:\\\/\\\/schema.org\",\"@graph\":[{\"@type\":\"WebPage\",\"@id\":\"https:\\\/\\\/amsterdaminns.com\\\/special-events\\\/\",\"url\":\"https:\\\/\\\/amsterdaminns.com\\\/special-events\\\/\",\"name\":\"\u00c9V\u00c9NEMENTS SP\u00c9CIAUX - Amsterdam Inn\",\"isPartOf\":{\"@id\":\"https:\\\/\\\/amsterdaminns.com\\\/#website\"},\"datePublished\":\"2023-06-24T09:53:24+00:00\",\"dateModified\":\"2024-02-09T18:06:10+00:00\",\"breadcrumb\":{\"@id\":\"https:\\\/\\\/amsterdaminns.com\\\/special-events\\\/#breadcrumb\"},\"inLanguage\":\"fr-FR\",\"potentialAction\":[{\"@type\":\"ReadAction\",\"target\":[\"https:\\\/\\\/amsterdaminns.com\\\/special-events\\\/\"]}]},{\"@type\":\"BreadcrumbList\",\"@id\":\"https:\\\/\\\/amsterdaminns.com\\\/special-events\\\/#breadcrumb\",\"itemListElement\":[{\"@type\":\"ListItem\",\"position\":1,\"name\":\"Home\",\"item\":\"https:\\\/\\\/amsterdaminns.com\\\/fr\\\/\"},{\"@type\":\"ListItem\",\"position\":2,\"name\":\"\u00c9V\u00c9NEMENTS SP\u00c9CIAUX\"}]},{\"@type\":\"WebSite\",\"@id\":\"https:\\\/\\\/amsterdaminns.com\\\/#website\",\"url\":\"https:\\\/\\\/amsterdaminns.com\\\/\",\"name\":\"Amsterdam Inn\",\"description\":\"\",\"potentialAction\":[{\"@type\":\"SearchAction\",\"target\":{\"@type\":\"EntryPoint\",\"urlTemplate\":\"https:\\\/\\\/amsterdaminns.com\\\/?s={search_term_string}\"},\"query-input\":{\"@type\":\"PropertyValueSpecification\",\"valueRequired\":true,\"valueName\":\"search_term_string\"}}],\"inLanguage\":\"fr-FR\"}]}<\/script>\n<!-- \/ Yoast SEO plugin. -->","yoast_head_json":{"title":"\u00c9V\u00c9NEMENTS SP\u00c9CIAUX - Amsterdam Inn","robots":{"index":"index","follow":"follow","max-snippet":"max-snippet:-1","max-image-preview":"max-image-preview:large","max-video-preview":"max-video-preview:-1"},"canonical":"https:\/\/amsterdaminns.com\/special-events\/","og_locale":"fr_FR","og_type":"article","og_title":"\u00c9V\u00c9NEMENTS SP\u00c9CIAUX - Amsterdam Inn","og_description":"VENUES \u00c9v\u00e9nements sp\u00e9ciaux Contactez-nous d\u00e8s aujourd&rsquo;hui pour commencer \u00e0 planifier et \u00e0 organiser votre \u00e9v\u00e9nement id\u00e9al ! Chez Amsterdam Inn &amp; Suites, nous sommes tr\u00e8s fiers d&rsquo;\u00eatre vos h\u00f4tes de confiance, travaillant avec diligence \u00e0 vos c\u00f4t\u00e9s pour faire de votre \u00e9v\u00e9nement un succ\u00e8s ind\u00e9niable. Notre engagement envers la r\u00e9ussite de votre \u00e9v\u00e9nement va au-del\u00e0&hellip;","og_url":"https:\/\/amsterdaminns.com\/special-events\/","og_site_name":"Amsterdam Inn","article_modified_time":"2024-02-09T18:06:10+00:00","twitter_card":"summary_large_image","twitter_misc":{"Dur\u00e9e de lecture estim\u00e9e":"1 minute"},"schema":{"@context":"https:\/\/schema.org","@graph":[{"@type":"WebPage","@id":"https:\/\/amsterdaminns.com\/special-events\/","url":"https:\/\/amsterdaminns.com\/special-events\/","name":"\u00c9V\u00c9NEMENTS SP\u00c9CIAUX - Amsterdam Inn","isPartOf":{"@id":"https:\/\/amsterdaminns.com\/#website"},"datePublished":"2023-06-24T09:53:24+00:00","dateModified":"2024-02-09T18:06:10+00:00","breadcrumb":{"@id":"https:\/\/amsterdaminns.com\/special-events\/#breadcrumb"},"inLanguage":"fr-FR","potentialAction":[{"@type":"ReadAction","target":["https:\/\/amsterdaminns.com\/special-events\/"]}]},{"@type":"BreadcrumbList","@id":"https:\/\/amsterdaminns.com\/special-events\/#breadcrumb","itemListElement":[{"@type":"ListItem","position":1,"name":"Home","item":"https:\/\/amsterdaminns.com\/fr\/"},{"@type":"ListItem","position":2,"name":"\u00c9V\u00c9NEMENTS SP\u00c9CIAUX"}]},{"@type":"WebSite","@id":"https:\/\/amsterdaminns.com\/#website","url":"https:\/\/amsterdaminns.com\/","name":"Amsterdam Inn","description":"","potentialAction":[{"@type":"SearchAction","target":{"@type":"EntryPoint","urlTemplate":"https:\/\/amsterdaminns.com\/?s={search_term_string}"},"query-input":{"@type":"PropertyValueSpecification","valueRequired":true,"valueName":"search_term_string"}}],"inLanguage":"fr-FR"}]}},"_links":{"self":[{"href":"https:\/\/amsterdaminns.com\/fr\/wp-json\/wp\/v2\/pages\/1431","targetHints":{"allow":["GET"]}}],"collection":[{"href":"https:\/\/amsterdaminns.com\/fr\/wp-json\/wp\/v2\/pages"}],"about":[{"href":"https:\/\/amsterdaminns.com\/fr\/wp-json\/wp\/v2\/types\/page"}],"author":[{"embeddable":true,"href":"https:\/\/amsterdaminns.com\/fr\/wp-json\/wp\/v2\/users\/1"}],"replies":[{"embeddable":true,"href":"https:\/\/amsterdaminns.com\/fr\/wp-json\/wp\/v2\/comments?post=1431"}],"version-history":[{"count":26,"href":"https:\/\/amsterdaminns.com\/fr\/wp-json\/wp\/v2\/pages\/1431\/revisions"}],"predecessor-version":[{"id":2891,"href":"https:\/\/amsterdaminns.com\/fr\/wp-json\/wp\/v2\/pages\/1431\/revisions\/2891"}],"wp:attachment":[{"href":"https:\/\/amsterdaminns.com\/fr\/wp-json\/wp\/v2\/media?parent=1431"}],"curies":[{"name":"wp","href":"https:\/\/api.w.org\/{rel}","templated":true}]}}