{"id":1433,"date":"2023-06-20T05:09:03","date_gmt":"2023-06-20T05:09:03","guid":{"rendered":"https:\/\/amsterdaminns.com\/weddings\/"},"modified":"2025-02-27T17:49:22","modified_gmt":"2025-02-27T17:49:22","slug":"mariages-et-banquets","status":"publish","type":"page","link":"https:\/\/amsterdaminns.com\/fr\/mariages-et-banquets\/","title":{"rendered":"MARIAGES ET BANQUETS"},"content":{"rendered":"\n<h2>\n\t\tVENUES\n\t<\/h2>\n<h1>\n\t\tMARIAGES ET C\u00c9L\u00c9BRATIONS\n\t<\/h1>\n\tNous comprenons l&rsquo;importance de cette occasion et nous serions honor\u00e9s de faire partie de votre aventure.<br \/>\nNous disposons \u00e9galement d&rsquo;une gamme d&rsquo;espaces \u00e9l\u00e9gants pour r\u00e9pondre \u00e0 tous vos besoins,<br \/>\nqu&rsquo;il s&rsquo;agisse de r\u00e9unions intimes ou de grandes c\u00e9l\u00e9brations.\n<h2>\n\t\tsalle de mariage\n\t<\/h2>\n<h2>\n\t\tFlorenceville-Bristol seulement | R\u00e9servez t\u00f4t pour b\u00e9n\u00e9ficier d&rsquo;un tarif pr\u00e9f\u00e9rentiel\n\t<\/h2>\n\t\t\t<a href=\"https:\/\/amsterdaminns.com\/fr\/services-de-traiteur\/\" target=\"_self\">\n\t\t\t\t\t\t\tSERVICES DE TRAITEUR\n\t\t\t\t\t<\/a>\n\t\t\t<a href=\"https:\/\/amsterdaminns.com\/wp-content\/uploads\/2024\/01\/Wedding-Venue-Configurations.pdf\" target=\"_blank\" rel=\"noopener\">\n\t\t\t\t\t\t\tCONFIGURATIONS\n\t\t\t\t\t<\/a>\n\t\t\t<a href=\"https:\/\/amsterdaminns.com\/fr\/nous-contacter\/\" target=\"_self\">\n\t\t\t\t\t\t\tNOUS CONTACTER\n\t\t\t\t\t<\/a>\n\n<h2>\n\t\tToll Free: 1-(800)-468-2828\n\t<\/h2>\n\n\t<p>Laissez-nous faire de votre journ\u00e9e de mariage tout ce que vous esp\u00e9riez et l&rsquo;adapter \u00e0 vos pr\u00e9f\u00e9rences.<\/p>\n<p>Contactez notre \u00e9quipe exp\u00e9riment\u00e9e pour organiser le mariage de vos r\u00eaves.<\/p>\n<ul>\t<li>\n\t\t\t<h3> R\u00e9servez t\u00f4t pour b\u00e9n\u00e9ficier d&#039;un tarif pr\u00e9f\u00e9rentiel<\/h3>\t\t\n\t<\/li>\n\t\t<li>\n\t\t\t<h3> Des options en mati\u00e8re de services de traiteur sont disponibles<\/h3>\t\t\n\t<\/li>\n\t\t<li>\n\t\t\t<h3> Nos installations et services exceptionnels et prim\u00e9s vous permettront de cr\u00e9er un lieu \u00e9l\u00e9gant pour votre \u00e9v\u00e9nement<\/h3>\t\t\n\t<\/li>\n\t\t<li>\n\t\t\t<h3> Notre personnel est l\u00e0 pour vous aider \u00e0 planifier et \u00e0 vous satisfaire tout au long de votre exp\u00e9rience chez Amsterdam Inn &amp; Suites<\/h3>\t\t\n\t<\/li>\n\t<\/ul><h2>\n\t\tFlorenceville\/Bristol\n\t<\/h2>\n\t<p>Rendez votre mariage inoubliable dans notre toute nouvelle propri\u00e9t\u00e9!<\/p>\n<p>&nbsp;<\/p>\n<ul>\t<li>\n\t\t\t<h3> Choisissez l&rsquo;un ou l&rsquo;autre de nos trois centres de banquet \u00e9l\u00e9gants<\/h3>\t\t\n\t<\/li>\n\t\t<li>\n\t\t\t<h3> Accueillez des r\u00e9ceptions de mariage d&#039;une capacit\u00e9 maximale de 190 invit\u00e9s<\/h3>\t\t\n\t<\/li>\n\t\t<li>\n\t\t\t<h3> D\u00e9tendez-vous dans notre \u00e9l\u00e9gante suite nuptiale<\/h3>\t\t\n\t<\/li>\n\t\t<li>\n\t\t\t<h3> Profitez de notre service de bar complet<\/h3>\t\t\n\t<\/li>\n\t\t<li>\n\t\t\t<h3> Des r\u00e9servations de groupe sont disponibles pour votre confort<\/h3>\t\t\n\t<\/li>\n\t\t<li>\n\t\t\t<h3> Faites l&#039;exp\u00e9rience de services de traiteur offerts par notre propre restaurant Exit 153, pr\u00e9sentement propos\u00e9s exclusivement dans notre \u00e9tablissement de Florenceville-Bristol<\/h3>\t\t\n\t<\/li>\n\t<\/ul><h2>\n\t\tSERVICES DE TRAITEUR\n\t<\/h2>\n\t<p><strong>Faites exp\u00e9rience de services de traiteur offerts par notre propre restaurant Exit 153, pr\u00e9sentement propos\u00e9s exclusivement dans notre \u00e9tablissement de Florenceville-Bristol.<\/strong><\/p>\n\t\t\t<a href=\"https:\/\/amsterdaminns.com\/fr\/services-de-traiteur\/\" target=\"_self\">\n\t\t\t\t\t\t\tPOUR EN SAVOIR PLUS\n\t\t\t\t\t<\/a>\n<h2>\n\t\tVOIR DISPOSITION\n\t<\/h2>\n\t\t\t<a href=\"https:\/\/amsterdaminns.com\/wp-content\/uploads\/2024\/01\/Wedding-Venue-Configurations.pdf\" target=\"_blank\" rel=\"noopener\">\n\t\t\t\t\t\t\tCONFIGURATIONS\n\t\t\t\t\t<\/a>\n\t<iframe\n      id=\"JotFormIFrame-240144350973251\"\n      title=\"Amsterdam - Weddings French\"\n      allowtransparency=\"true\"\n      allowfullscreen=\"true\"\n      allow=\"geolocation; microphone; camera\"\n      src=\"https:\/\/form.jotform.com\/240144350973251\"\n      frameborder=\"0\"\n      scrolling=\"no\">\n    <\/iframe>\n\n","protected":false},"excerpt":{"rendered":"<p>VENUES MARIAGES ET C\u00c9L\u00c9BRATIONS Nous comprenons l&rsquo;importance de cette occasion et nous serions honor\u00e9s de faire partie de votre aventure. Nous disposons \u00e9galement d&rsquo;une gamme d&rsquo;espaces \u00e9l\u00e9gants pour r\u00e9pondre \u00e0 tous vos besoins, qu&rsquo;il s&rsquo;agisse de r\u00e9unions intimes ou de grandes c\u00e9l\u00e9brations. salle de mariage Florenceville-Bristol seulement | R\u00e9servez t\u00f4t pour b\u00e9n\u00e9ficier d&rsquo;un tarif pr\u00e9f\u00e9rentiel&hellip;<\/p>\n","protected":false},"author":1,"featured_media":0,"parent":0,"menu_order":0,"comment_status":"closed","ping_status":"closed","template":"","meta":{"_acf_changed":false,"footnotes":""},"class_list":["post-1433","page","type-page","status-publish","hentry"],"acf":[],"yoast_head":"<!-- This site is optimized with the Yoast SEO plugin v27.4 - https:\/\/yoast.com\/product\/yoast-seo-wordpress\/ -->\n<title>MARIAGES ET BANQUETS - Amsterdam Inn<\/title>\n<meta name=\"robots\" content=\"index, follow, max-snippet:-1, max-image-preview:large, max-video-preview:-1\" \/>\n<link rel=\"canonical\" href=\"https:\/\/amsterdaminns.com\/fr\/mariages-et-banquets\/\" \/>\n<meta property=\"og:locale\" content=\"fr_FR\" \/>\n<meta property=\"og:type\" content=\"article\" \/>\n<meta property=\"og:title\" content=\"MARIAGES ET BANQUETS - Amsterdam Inn\" \/>\n<meta property=\"og:description\" content=\"VENUES MARIAGES ET C\u00c9L\u00c9BRATIONS Nous comprenons l&rsquo;importance de cette occasion et nous serions honor\u00e9s de faire partie de votre aventure. Nous disposons \u00e9galement d&rsquo;une gamme d&rsquo;espaces \u00e9l\u00e9gants pour r\u00e9pondre \u00e0 tous vos besoins, qu&rsquo;il s&rsquo;agisse de r\u00e9unions intimes ou de grandes c\u00e9l\u00e9brations. salle de mariage Florenceville-Bristol seulement | R\u00e9servez t\u00f4t pour b\u00e9n\u00e9ficier d&rsquo;un tarif pr\u00e9f\u00e9rentiel&hellip;\" \/>\n<meta property=\"og:url\" content=\"https:\/\/amsterdaminns.com\/fr\/mariages-et-banquets\/\" \/>\n<meta property=\"og:site_name\" content=\"Amsterdam Inn\" \/>\n<meta property=\"article:modified_time\" content=\"2025-02-27T17:49:22+00:00\" \/>\n<meta name=\"twitter:card\" content=\"summary_large_image\" \/>\n<meta name=\"twitter:label1\" content=\"Dur\u00e9e de lecture estim\u00e9e\" \/>\n\t<meta name=\"twitter:data1\" content=\"2 minutes\" \/>\n<script type=\"application\/ld+json\" class=\"yoast-schema-graph\">{\"@context\":\"https:\\\/\\\/schema.org\",\"@graph\":[{\"@type\":\"WebPage\",\"@id\":\"https:\\\/\\\/amsterdaminns.com\\\/fr\\\/mariages-et-banquets\\\/\",\"url\":\"https:\\\/\\\/amsterdaminns.com\\\/fr\\\/mariages-et-banquets\\\/\",\"name\":\"MARIAGES ET BANQUETS - Amsterdam Inn\",\"isPartOf\":{\"@id\":\"https:\\\/\\\/amsterdaminns.com\\\/#website\"},\"datePublished\":\"2023-06-20T05:09:03+00:00\",\"dateModified\":\"2025-02-27T17:49:22+00:00\",\"breadcrumb\":{\"@id\":\"https:\\\/\\\/amsterdaminns.com\\\/fr\\\/mariages-et-banquets\\\/#breadcrumb\"},\"inLanguage\":\"fr-FR\",\"potentialAction\":[{\"@type\":\"ReadAction\",\"target\":[\"https:\\\/\\\/amsterdaminns.com\\\/fr\\\/mariages-et-banquets\\\/\"]}]},{\"@type\":\"BreadcrumbList\",\"@id\":\"https:\\\/\\\/amsterdaminns.com\\\/fr\\\/mariages-et-banquets\\\/#breadcrumb\",\"itemListElement\":[{\"@type\":\"ListItem\",\"position\":1,\"name\":\"Home\",\"item\":\"https:\\\/\\\/amsterdaminns.com\\\/fr\\\/\"},{\"@type\":\"ListItem\",\"position\":2,\"name\":\"MARIAGES ET BANQUETS\"}]},{\"@type\":\"WebSite\",\"@id\":\"https:\\\/\\\/amsterdaminns.com\\\/#website\",\"url\":\"https:\\\/\\\/amsterdaminns.com\\\/\",\"name\":\"Amsterdam Inn\",\"description\":\"\",\"potentialAction\":[{\"@type\":\"SearchAction\",\"target\":{\"@type\":\"EntryPoint\",\"urlTemplate\":\"https:\\\/\\\/amsterdaminns.com\\\/?s={search_term_string}\"},\"query-input\":{\"@type\":\"PropertyValueSpecification\",\"valueRequired\":true,\"valueName\":\"search_term_string\"}}],\"inLanguage\":\"fr-FR\"}]}<\/script>\n<!-- \/ Yoast SEO plugin. -->","yoast_head_json":{"title":"MARIAGES ET BANQUETS - Amsterdam Inn","robots":{"index":"index","follow":"follow","max-snippet":"max-snippet:-1","max-image-preview":"max-image-preview:large","max-video-preview":"max-video-preview:-1"},"canonical":"https:\/\/amsterdaminns.com\/fr\/mariages-et-banquets\/","og_locale":"fr_FR","og_type":"article","og_title":"MARIAGES ET BANQUETS - Amsterdam Inn","og_description":"VENUES MARIAGES ET C\u00c9L\u00c9BRATIONS Nous comprenons l&rsquo;importance de cette occasion et nous serions honor\u00e9s de faire partie de votre aventure. Nous disposons \u00e9galement d&rsquo;une gamme d&rsquo;espaces \u00e9l\u00e9gants pour r\u00e9pondre \u00e0 tous vos besoins, qu&rsquo;il s&rsquo;agisse de r\u00e9unions intimes ou de grandes c\u00e9l\u00e9brations. salle de mariage Florenceville-Bristol seulement | R\u00e9servez t\u00f4t pour b\u00e9n\u00e9ficier d&rsquo;un tarif pr\u00e9f\u00e9rentiel&hellip;","og_url":"https:\/\/amsterdaminns.com\/fr\/mariages-et-banquets\/","og_site_name":"Amsterdam Inn","article_modified_time":"2025-02-27T17:49:22+00:00","twitter_card":"summary_large_image","twitter_misc":{"Dur\u00e9e de lecture estim\u00e9e":"2 minutes"},"schema":{"@context":"https:\/\/schema.org","@graph":[{"@type":"WebPage","@id":"https:\/\/amsterdaminns.com\/fr\/mariages-et-banquets\/","url":"https:\/\/amsterdaminns.com\/fr\/mariages-et-banquets\/","name":"MARIAGES ET BANQUETS - Amsterdam Inn","isPartOf":{"@id":"https:\/\/amsterdaminns.com\/#website"},"datePublished":"2023-06-20T05:09:03+00:00","dateModified":"2025-02-27T17:49:22+00:00","breadcrumb":{"@id":"https:\/\/amsterdaminns.com\/fr\/mariages-et-banquets\/#breadcrumb"},"inLanguage":"fr-FR","potentialAction":[{"@type":"ReadAction","target":["https:\/\/amsterdaminns.com\/fr\/mariages-et-banquets\/"]}]},{"@type":"BreadcrumbList","@id":"https:\/\/amsterdaminns.com\/fr\/mariages-et-banquets\/#breadcrumb","itemListElement":[{"@type":"ListItem","position":1,"name":"Home","item":"https:\/\/amsterdaminns.com\/fr\/"},{"@type":"ListItem","position":2,"name":"MARIAGES ET BANQUETS"}]},{"@type":"WebSite","@id":"https:\/\/amsterdaminns.com\/#website","url":"https:\/\/amsterdaminns.com\/","name":"Amsterdam Inn","description":"","potentialAction":[{"@type":"SearchAction","target":{"@type":"EntryPoint","urlTemplate":"https:\/\/amsterdaminns.com\/?s={search_term_string}"},"query-input":{"@type":"PropertyValueSpecification","valueRequired":true,"valueName":"search_term_string"}}],"inLanguage":"fr-FR"}]}},"_links":{"self":[{"href":"https:\/\/amsterdaminns.com\/fr\/wp-json\/wp\/v2\/pages\/1433","targetHints":{"allow":["GET"]}}],"collection":[{"href":"https:\/\/amsterdaminns.com\/fr\/wp-json\/wp\/v2\/pages"}],"about":[{"href":"https:\/\/amsterdaminns.com\/fr\/wp-json\/wp\/v2\/types\/page"}],"author":[{"embeddable":true,"href":"https:\/\/amsterdaminns.com\/fr\/wp-json\/wp\/v2\/users\/1"}],"replies":[{"embeddable":true,"href":"https:\/\/amsterdaminns.com\/fr\/wp-json\/wp\/v2\/comments?post=1433"}],"version-history":[{"count":24,"href":"https:\/\/amsterdaminns.com\/fr\/wp-json\/wp\/v2\/pages\/1433\/revisions"}],"predecessor-version":[{"id":3077,"href":"https:\/\/amsterdaminns.com\/fr\/wp-json\/wp\/v2\/pages\/1433\/revisions\/3077"}],"wp:attachment":[{"href":"https:\/\/amsterdaminns.com\/fr\/wp-json\/wp\/v2\/media?parent=1433"}],"curies":[{"name":"wp","href":"https:\/\/api.w.org\/{rel}","templated":true}]}}