{"id":1458,"date":"2023-07-19T04:53:30","date_gmt":"2023-07-19T04:53:30","guid":{"rendered":"https:\/\/amsterdaminns.com\/careers\/"},"modified":"2024-02-16T13:28:31","modified_gmt":"2024-02-16T13:28:31","slug":"carrieres","status":"publish","type":"page","link":"https:\/\/amsterdaminns.com\/fr\/carrieres\/","title":{"rendered":"CARRI\u00c8RES"},"content":{"rendered":"\n<h2>\n\t\tCARRI\u00c8RES\n\t<\/h2>\n<h2>\n\t\tDEVENEZ MEMBRE DE LA GRANDE FAMILE AMSTERDAM INN DES AUJOURD&rsquo;HUI !\n\t<\/h2>\n<h2>\n\t\tEntamez votre carri\u00e8re avec nous d\u00e8s aujourd&rsquo;hui !\n\t<\/h2>\n\t<p>Nos collaborateurs sont importants pour nous et nous voulons que chacun d&rsquo;entre nous excelle dans ce qu&rsquo;il fait. C&rsquo;est la raison pour laquelle nous nous concentrons sur les valeurs fondamentales de notre entreprise et faisons de notre mieux pour cr\u00e9er un environnement positif pour tous. Nous sommes \u00e0 la recherche d&rsquo;une personne comme vous pour vous joindre \u00e0 notre \u00e9quipe et nous aider \u00e0 nous d\u00e9velopper \u00e0 l&rsquo;interne et \u00e0 saisir de nouvelles opportunit\u00e9s.<\/p>\n\t\t\t\t<img decoding=\"async\" src=\"https:\/\/amsterdaminns.com\/wp-content\/uploads\/2024\/01\/Front-desk-on-phone.jpg\" alt=\"Front desk on phone\" itemprop=\"image\" height=\"920\" width=\"1380\" title=\"Front desk on phone\" onerror=\"this.style.display='none'\"  \/>\n<h2>\n\t\tD\u00e9couvrez nos opportunit\u00e9s\n\t<\/h2>\n\n","protected":false},"excerpt":{"rendered":"<p>CARRI\u00c8RES DEVENEZ MEMBRE DE LA GRANDE FAMILE AMSTERDAM INN DES AUJOURD&rsquo;HUI ! Entamez votre carri\u00e8re avec nous d\u00e8s aujourd&rsquo;hui ! Nos collaborateurs sont importants pour nous et nous voulons que chacun d&rsquo;entre nous excelle dans ce qu&rsquo;il fait. C&rsquo;est la raison pour laquelle nous nous concentrons sur les valeurs fondamentales de notre entreprise et faisons&hellip;<\/p>\n","protected":false},"author":1,"featured_media":0,"parent":0,"menu_order":0,"comment_status":"closed","ping_status":"closed","template":"","meta":{"_acf_changed":false,"footnotes":""},"class_list":["post-1458","page","type-page","status-publish","hentry"],"acf":[],"yoast_head":"<!-- This site is optimized with the Yoast SEO plugin v27.4 - https:\/\/yoast.com\/product\/yoast-seo-wordpress\/ -->\n<title>CARRI\u00c8RES - Amsterdam Inn<\/title>\n<meta name=\"robots\" content=\"index, follow, max-snippet:-1, max-image-preview:large, max-video-preview:-1\" \/>\n<link rel=\"canonical\" href=\"https:\/\/amsterdaminns.com\/fr\/carrieres\/\" \/>\n<meta property=\"og:locale\" content=\"fr_FR\" \/>\n<meta property=\"og:type\" content=\"article\" \/>\n<meta property=\"og:title\" content=\"CARRI\u00c8RES - Amsterdam Inn\" \/>\n<meta property=\"og:description\" content=\"CARRI\u00c8RES DEVENEZ MEMBRE DE LA GRANDE FAMILE AMSTERDAM INN DES AUJOURD&rsquo;HUI ! Entamez votre carri\u00e8re avec nous d\u00e8s aujourd&rsquo;hui ! Nos collaborateurs sont importants pour nous et nous voulons que chacun d&rsquo;entre nous excelle dans ce qu&rsquo;il fait. C&rsquo;est la raison pour laquelle nous nous concentrons sur les valeurs fondamentales de notre entreprise et faisons&hellip;\" \/>\n<meta property=\"og:url\" content=\"https:\/\/amsterdaminns.com\/fr\/carrieres\/\" \/>\n<meta property=\"og:site_name\" content=\"Amsterdam Inn\" \/>\n<meta property=\"article:modified_time\" content=\"2024-02-16T13:28:31+00:00\" \/>\n<meta property=\"og:image\" content=\"https:\/\/amsterdaminns.com\/wp-content\/uploads\/2024\/01\/Front-desk-on-phone.jpg\" \/>\n<meta name=\"twitter:card\" content=\"summary_large_image\" \/>\n<script type=\"application\/ld+json\" class=\"yoast-schema-graph\">{\"@context\":\"https:\\\/\\\/schema.org\",\"@graph\":[{\"@type\":\"WebPage\",\"@id\":\"https:\\\/\\\/amsterdaminns.com\\\/fr\\\/carrieres\\\/\",\"url\":\"https:\\\/\\\/amsterdaminns.com\\\/fr\\\/carrieres\\\/\",\"name\":\"CARRI\u00c8RES - Amsterdam Inn\",\"isPartOf\":{\"@id\":\"https:\\\/\\\/amsterdaminns.com\\\/#website\"},\"primaryImageOfPage\":{\"@id\":\"https:\\\/\\\/amsterdaminns.com\\\/fr\\\/carrieres\\\/#primaryimage\"},\"image\":{\"@id\":\"https:\\\/\\\/amsterdaminns.com\\\/fr\\\/carrieres\\\/#primaryimage\"},\"thumbnailUrl\":\"https:\\\/\\\/amsterdaminns.com\\\/wp-content\\\/uploads\\\/2024\\\/01\\\/Front-desk-on-phone.jpg\",\"datePublished\":\"2023-07-19T04:53:30+00:00\",\"dateModified\":\"2024-02-16T13:28:31+00:00\",\"breadcrumb\":{\"@id\":\"https:\\\/\\\/amsterdaminns.com\\\/fr\\\/carrieres\\\/#breadcrumb\"},\"inLanguage\":\"fr-FR\",\"potentialAction\":[{\"@type\":\"ReadAction\",\"target\":[\"https:\\\/\\\/amsterdaminns.com\\\/fr\\\/carrieres\\\/\"]}]},{\"@type\":\"ImageObject\",\"inLanguage\":\"fr-FR\",\"@id\":\"https:\\\/\\\/amsterdaminns.com\\\/fr\\\/carrieres\\\/#primaryimage\",\"url\":\"https:\\\/\\\/amsterdaminns.com\\\/wp-content\\\/uploads\\\/2024\\\/01\\\/Front-desk-on-phone.jpg\",\"contentUrl\":\"https:\\\/\\\/amsterdaminns.com\\\/wp-content\\\/uploads\\\/2024\\\/01\\\/Front-desk-on-phone.jpg\"},{\"@type\":\"BreadcrumbList\",\"@id\":\"https:\\\/\\\/amsterdaminns.com\\\/fr\\\/carrieres\\\/#breadcrumb\",\"itemListElement\":[{\"@type\":\"ListItem\",\"position\":1,\"name\":\"Home\",\"item\":\"https:\\\/\\\/amsterdaminns.com\\\/fr\\\/\"},{\"@type\":\"ListItem\",\"position\":2,\"name\":\"CARRI\u00c8RES\"}]},{\"@type\":\"WebSite\",\"@id\":\"https:\\\/\\\/amsterdaminns.com\\\/#website\",\"url\":\"https:\\\/\\\/amsterdaminns.com\\\/\",\"name\":\"Amsterdam Inn\",\"description\":\"\",\"potentialAction\":[{\"@type\":\"SearchAction\",\"target\":{\"@type\":\"EntryPoint\",\"urlTemplate\":\"https:\\\/\\\/amsterdaminns.com\\\/?s={search_term_string}\"},\"query-input\":{\"@type\":\"PropertyValueSpecification\",\"valueRequired\":true,\"valueName\":\"search_term_string\"}}],\"inLanguage\":\"fr-FR\"}]}<\/script>\n<!-- \/ Yoast SEO plugin. -->","yoast_head_json":{"title":"CARRI\u00c8RES - Amsterdam Inn","robots":{"index":"index","follow":"follow","max-snippet":"max-snippet:-1","max-image-preview":"max-image-preview:large","max-video-preview":"max-video-preview:-1"},"canonical":"https:\/\/amsterdaminns.com\/fr\/carrieres\/","og_locale":"fr_FR","og_type":"article","og_title":"CARRI\u00c8RES - Amsterdam Inn","og_description":"CARRI\u00c8RES DEVENEZ MEMBRE DE LA GRANDE FAMILE AMSTERDAM INN DES AUJOURD&rsquo;HUI ! Entamez votre carri\u00e8re avec nous d\u00e8s aujourd&rsquo;hui ! Nos collaborateurs sont importants pour nous et nous voulons que chacun d&rsquo;entre nous excelle dans ce qu&rsquo;il fait. C&rsquo;est la raison pour laquelle nous nous concentrons sur les valeurs fondamentales de notre entreprise et faisons&hellip;","og_url":"https:\/\/amsterdaminns.com\/fr\/carrieres\/","og_site_name":"Amsterdam Inn","article_modified_time":"2024-02-16T13:28:31+00:00","og_image":[{"url":"https:\/\/amsterdaminns.com\/wp-content\/uploads\/2024\/01\/Front-desk-on-phone.jpg","type":"","width":"","height":""}],"twitter_card":"summary_large_image","schema":{"@context":"https:\/\/schema.org","@graph":[{"@type":"WebPage","@id":"https:\/\/amsterdaminns.com\/fr\/carrieres\/","url":"https:\/\/amsterdaminns.com\/fr\/carrieres\/","name":"CARRI\u00c8RES - Amsterdam Inn","isPartOf":{"@id":"https:\/\/amsterdaminns.com\/#website"},"primaryImageOfPage":{"@id":"https:\/\/amsterdaminns.com\/fr\/carrieres\/#primaryimage"},"image":{"@id":"https:\/\/amsterdaminns.com\/fr\/carrieres\/#primaryimage"},"thumbnailUrl":"https:\/\/amsterdaminns.com\/wp-content\/uploads\/2024\/01\/Front-desk-on-phone.jpg","datePublished":"2023-07-19T04:53:30+00:00","dateModified":"2024-02-16T13:28:31+00:00","breadcrumb":{"@id":"https:\/\/amsterdaminns.com\/fr\/carrieres\/#breadcrumb"},"inLanguage":"fr-FR","potentialAction":[{"@type":"ReadAction","target":["https:\/\/amsterdaminns.com\/fr\/carrieres\/"]}]},{"@type":"ImageObject","inLanguage":"fr-FR","@id":"https:\/\/amsterdaminns.com\/fr\/carrieres\/#primaryimage","url":"https:\/\/amsterdaminns.com\/wp-content\/uploads\/2024\/01\/Front-desk-on-phone.jpg","contentUrl":"https:\/\/amsterdaminns.com\/wp-content\/uploads\/2024\/01\/Front-desk-on-phone.jpg"},{"@type":"BreadcrumbList","@id":"https:\/\/amsterdaminns.com\/fr\/carrieres\/#breadcrumb","itemListElement":[{"@type":"ListItem","position":1,"name":"Home","item":"https:\/\/amsterdaminns.com\/fr\/"},{"@type":"ListItem","position":2,"name":"CARRI\u00c8RES"}]},{"@type":"WebSite","@id":"https:\/\/amsterdaminns.com\/#website","url":"https:\/\/amsterdaminns.com\/","name":"Amsterdam Inn","description":"","potentialAction":[{"@type":"SearchAction","target":{"@type":"EntryPoint","urlTemplate":"https:\/\/amsterdaminns.com\/?s={search_term_string}"},"query-input":{"@type":"PropertyValueSpecification","valueRequired":true,"valueName":"search_term_string"}}],"inLanguage":"fr-FR"}]}},"_links":{"self":[{"href":"https:\/\/amsterdaminns.com\/fr\/wp-json\/wp\/v2\/pages\/1458","targetHints":{"allow":["GET"]}}],"collection":[{"href":"https:\/\/amsterdaminns.com\/fr\/wp-json\/wp\/v2\/pages"}],"about":[{"href":"https:\/\/amsterdaminns.com\/fr\/wp-json\/wp\/v2\/types\/page"}],"author":[{"embeddable":true,"href":"https:\/\/amsterdaminns.com\/fr\/wp-json\/wp\/v2\/users\/1"}],"replies":[{"embeddable":true,"href":"https:\/\/amsterdaminns.com\/fr\/wp-json\/wp\/v2\/comments?post=1458"}],"version-history":[{"count":7,"href":"https:\/\/amsterdaminns.com\/fr\/wp-json\/wp\/v2\/pages\/1458\/revisions"}],"predecessor-version":[{"id":2919,"href":"https:\/\/amsterdaminns.com\/fr\/wp-json\/wp\/v2\/pages\/1458\/revisions\/2919"}],"wp:attachment":[{"href":"https:\/\/amsterdaminns.com\/fr\/wp-json\/wp\/v2\/media?parent=1458"}],"curies":[{"name":"wp","href":"https:\/\/api.w.org\/{rel}","templated":true}]}}