{"id":1460,"date":"2023-06-05T05:36:44","date_gmt":"2023-06-05T05:36:44","guid":{"rendered":"https:\/\/amsterdaminns.com\/properties-listing\/"},"modified":"2025-02-27T17:40:32","modified_gmt":"2025-02-27T17:40:32","slug":"properties-listing","status":"publish","type":"page","link":"https:\/\/amsterdaminns.com\/fr\/properties-listing\/","title":{"rendered":"PROPRI\u00c9T\u00c9S"},"content":{"rendered":"\n<h2>\n\t\tPROPRI\u00c9T\u00c9S\n\t<\/h2>\n\t<p>Vous passez par le Nouveau-Brunswick, au Canada, et vous cherchez un h\u00f4tel moderne, abordable et dot\u00e9 d&rsquo;une vari\u00e9t\u00e9 d&rsquo;installations ? R\u00e9servez directement aupr\u00e8s du Amsterdam Inn &amp; Suites pour obtenir le meilleur prix, c&rsquo;est garanti !<\/p>\n\t\t\t<a href=\"#sussex\" target=\"_self\">\n\t\t\t\t\t\t\tSUSSEX\n\t\t\t\t\t<\/a>\n\t\t\t<a href=\"#moncton\" target=\"_self\">\n\t\t\t\t\t\t\tMONCTON\n\t\t\t\t\t<\/a>\n\t\t\t<a href=\"#fredericton\" target=\"_self\">\n\t\t\t\t\t\t\tFREDERICTON\n\t\t\t\t\t<\/a>\n\t\t\t<a href=\"#florenceville-bristol\" target=\"_self\">\n\t\t\t\t\t\t\tFLORENCEVILLE-BRISTOL\n\t\t\t\t\t<\/a>\n\n","protected":false},"excerpt":{"rendered":"<p>PROPRI\u00c9T\u00c9S Vous passez par le Nouveau-Brunswick, au Canada, et vous cherchez un h\u00f4tel moderne, abordable et dot\u00e9 d&rsquo;une vari\u00e9t\u00e9 d&rsquo;installations ? R\u00e9servez directement aupr\u00e8s du Amsterdam Inn &amp; Suites pour obtenir le meilleur prix, c&rsquo;est garanti ! SUSSEX MONCTON FREDERICTON FLORENCEVILLE-BRISTOL<\/p>\n","protected":false},"author":1,"featured_media":0,"parent":0,"menu_order":0,"comment_status":"closed","ping_status":"closed","template":"","meta":{"_acf_changed":false,"footnotes":""},"class_list":["post-1460","page","type-page","status-publish","hentry"],"acf":[],"yoast_head":"<!-- This site is optimized with the Yoast SEO plugin v27.4 - https:\/\/yoast.com\/product\/yoast-seo-wordpress\/ -->\n<title>PROPRI\u00c9T\u00c9S - Amsterdam Inn<\/title>\n<meta name=\"robots\" content=\"index, follow, max-snippet:-1, max-image-preview:large, max-video-preview:-1\" \/>\n<link rel=\"canonical\" href=\"https:\/\/amsterdaminns.com\/fr\/properties-listing\/\" \/>\n<meta property=\"og:locale\" content=\"fr_FR\" \/>\n<meta property=\"og:type\" content=\"article\" \/>\n<meta property=\"og:title\" content=\"PROPRI\u00c9T\u00c9S - Amsterdam Inn\" \/>\n<meta property=\"og:description\" content=\"PROPRI\u00c9T\u00c9S Vous passez par le Nouveau-Brunswick, au Canada, et vous cherchez un h\u00f4tel moderne, abordable et dot\u00e9 d&rsquo;une vari\u00e9t\u00e9 d&rsquo;installations ? R\u00e9servez directement aupr\u00e8s du Amsterdam Inn &amp; Suites pour obtenir le meilleur prix, c&rsquo;est garanti ! SUSSEX MONCTON FREDERICTON FLORENCEVILLE-BRISTOL\" \/>\n<meta property=\"og:url\" content=\"https:\/\/amsterdaminns.com\/fr\/properties-listing\/\" \/>\n<meta property=\"og:site_name\" content=\"Amsterdam Inn\" \/>\n<meta property=\"article:modified_time\" content=\"2025-02-27T17:40:32+00:00\" \/>\n<meta name=\"twitter:card\" content=\"summary_large_image\" \/>\n<script type=\"application\/ld+json\" class=\"yoast-schema-graph\">{\"@context\":\"https:\\\/\\\/schema.org\",\"@graph\":[{\"@type\":\"WebPage\",\"@id\":\"https:\\\/\\\/amsterdaminns.com\\\/fr\\\/properties-listing\\\/\",\"url\":\"https:\\\/\\\/amsterdaminns.com\\\/fr\\\/properties-listing\\\/\",\"name\":\"PROPRI\u00c9T\u00c9S - Amsterdam Inn\",\"isPartOf\":{\"@id\":\"https:\\\/\\\/amsterdaminns.com\\\/#website\"},\"datePublished\":\"2023-06-05T05:36:44+00:00\",\"dateModified\":\"2025-02-27T17:40:32+00:00\",\"breadcrumb\":{\"@id\":\"https:\\\/\\\/amsterdaminns.com\\\/fr\\\/properties-listing\\\/#breadcrumb\"},\"inLanguage\":\"fr-FR\",\"potentialAction\":[{\"@type\":\"ReadAction\",\"target\":[\"https:\\\/\\\/amsterdaminns.com\\\/fr\\\/properties-listing\\\/\"]}]},{\"@type\":\"BreadcrumbList\",\"@id\":\"https:\\\/\\\/amsterdaminns.com\\\/fr\\\/properties-listing\\\/#breadcrumb\",\"itemListElement\":[{\"@type\":\"ListItem\",\"position\":1,\"name\":\"Home\",\"item\":\"https:\\\/\\\/amsterdaminns.com\\\/fr\\\/\"},{\"@type\":\"ListItem\",\"position\":2,\"name\":\"PROPRI\u00c9T\u00c9S\"}]},{\"@type\":\"WebSite\",\"@id\":\"https:\\\/\\\/amsterdaminns.com\\\/#website\",\"url\":\"https:\\\/\\\/amsterdaminns.com\\\/\",\"name\":\"Amsterdam Inn\",\"description\":\"\",\"potentialAction\":[{\"@type\":\"SearchAction\",\"target\":{\"@type\":\"EntryPoint\",\"urlTemplate\":\"https:\\\/\\\/amsterdaminns.com\\\/?s={search_term_string}\"},\"query-input\":{\"@type\":\"PropertyValueSpecification\",\"valueRequired\":true,\"valueName\":\"search_term_string\"}}],\"inLanguage\":\"fr-FR\"}]}<\/script>\n<!-- \/ Yoast SEO plugin. -->","yoast_head_json":{"title":"PROPRI\u00c9T\u00c9S - Amsterdam Inn","robots":{"index":"index","follow":"follow","max-snippet":"max-snippet:-1","max-image-preview":"max-image-preview:large","max-video-preview":"max-video-preview:-1"},"canonical":"https:\/\/amsterdaminns.com\/fr\/properties-listing\/","og_locale":"fr_FR","og_type":"article","og_title":"PROPRI\u00c9T\u00c9S - Amsterdam Inn","og_description":"PROPRI\u00c9T\u00c9S Vous passez par le Nouveau-Brunswick, au Canada, et vous cherchez un h\u00f4tel moderne, abordable et dot\u00e9 d&rsquo;une vari\u00e9t\u00e9 d&rsquo;installations ? R\u00e9servez directement aupr\u00e8s du Amsterdam Inn &amp; Suites pour obtenir le meilleur prix, c&rsquo;est garanti ! SUSSEX MONCTON FREDERICTON FLORENCEVILLE-BRISTOL","og_url":"https:\/\/amsterdaminns.com\/fr\/properties-listing\/","og_site_name":"Amsterdam Inn","article_modified_time":"2025-02-27T17:40:32+00:00","twitter_card":"summary_large_image","schema":{"@context":"https:\/\/schema.org","@graph":[{"@type":"WebPage","@id":"https:\/\/amsterdaminns.com\/fr\/properties-listing\/","url":"https:\/\/amsterdaminns.com\/fr\/properties-listing\/","name":"PROPRI\u00c9T\u00c9S - Amsterdam Inn","isPartOf":{"@id":"https:\/\/amsterdaminns.com\/#website"},"datePublished":"2023-06-05T05:36:44+00:00","dateModified":"2025-02-27T17:40:32+00:00","breadcrumb":{"@id":"https:\/\/amsterdaminns.com\/fr\/properties-listing\/#breadcrumb"},"inLanguage":"fr-FR","potentialAction":[{"@type":"ReadAction","target":["https:\/\/amsterdaminns.com\/fr\/properties-listing\/"]}]},{"@type":"BreadcrumbList","@id":"https:\/\/amsterdaminns.com\/fr\/properties-listing\/#breadcrumb","itemListElement":[{"@type":"ListItem","position":1,"name":"Home","item":"https:\/\/amsterdaminns.com\/fr\/"},{"@type":"ListItem","position":2,"name":"PROPRI\u00c9T\u00c9S"}]},{"@type":"WebSite","@id":"https:\/\/amsterdaminns.com\/#website","url":"https:\/\/amsterdaminns.com\/","name":"Amsterdam Inn","description":"","potentialAction":[{"@type":"SearchAction","target":{"@type":"EntryPoint","urlTemplate":"https:\/\/amsterdaminns.com\/?s={search_term_string}"},"query-input":{"@type":"PropertyValueSpecification","valueRequired":true,"valueName":"search_term_string"}}],"inLanguage":"fr-FR"}]}},"_links":{"self":[{"href":"https:\/\/amsterdaminns.com\/fr\/wp-json\/wp\/v2\/pages\/1460","targetHints":{"allow":["GET"]}}],"collection":[{"href":"https:\/\/amsterdaminns.com\/fr\/wp-json\/wp\/v2\/pages"}],"about":[{"href":"https:\/\/amsterdaminns.com\/fr\/wp-json\/wp\/v2\/types\/page"}],"author":[{"embeddable":true,"href":"https:\/\/amsterdaminns.com\/fr\/wp-json\/wp\/v2\/users\/1"}],"replies":[{"embeddable":true,"href":"https:\/\/amsterdaminns.com\/fr\/wp-json\/wp\/v2\/comments?post=1460"}],"version-history":[{"count":9,"href":"https:\/\/amsterdaminns.com\/fr\/wp-json\/wp\/v2\/pages\/1460\/revisions"}],"predecessor-version":[{"id":3068,"href":"https:\/\/amsterdaminns.com\/fr\/wp-json\/wp\/v2\/pages\/1460\/revisions\/3068"}],"wp:attachment":[{"href":"https:\/\/amsterdaminns.com\/fr\/wp-json\/wp\/v2\/media?parent=1460"}],"curies":[{"name":"wp","href":"https:\/\/api.w.org\/{rel}","templated":true}]}}