{"id":171,"date":"2023-05-05T09:26:40","date_gmt":"2023-05-05T09:26:40","guid":{"rendered":"https:\/\/amsterdaminns.com\/home\/"},"modified":"2025-12-01T17:01:33","modified_gmt":"2025-12-01T17:01:33","slug":"home","status":"publish","type":"page","link":"https:\/\/amsterdaminns.com\/fr\/","title":{"rendered":"ACCUEIL"},"content":{"rendered":"\n<h2>\n\t\t\tOBTENEZ-EN PLUS LORSQUE VOUS R\u00c9SERVEZ DIRECTEMENT\t<\/h2>\n<h2>\n\t\t\tGarantie du Plus Bas Prix\t<\/h2>\n\t\t\t<a href=\"https:\/\/amsterdaminns.com\/fr\/lowest-price-guarantee\/\" target=\"_self\">\n\t\t\t\t\t\t\tVOYEZ-EN PLUS\n\t\t\t\t\t<\/a>\n<h2>\n\t\t\tGAGNEZ AVEC CHAQUE S\u00c9JOUR\t<\/h2>\n<h2>\n\t\t\tAmsterdam Inn Rewards\t<\/h2>\n\t<p>Obtenez des points de r\u00e9compense lorsque vous r\u00e9servez directement aupr\u00e8s de l&rsquo;h\u00f4tel. Inscrivez-vous maintenant et obtenez 20 $ de rabais applicable \u00e0 votre prochain s\u00e9jour.<\/p>\n\t\t\t<a href=\"https:\/\/amsterdaminns.com\/fr\/rewards\/\" target=\"_self\">\n\t\t\t\t\t\t\tInscrivez-vous\n\t\t\t\t\t<\/a>\n\t\t\t<a href=\"https:\/\/amsterdaminns.ackroo.net\/en\/sessions\" target=\"_blank\" rel=\"noopener\">\n\t\t\t\t\t\t\tV\u00e9rifiez le solde\n\t\t\t\t\t<\/a>\n<h2>\n\t\t\tPropri\u00e9t\u00e9s\t<\/h2>\n\t<p>Parcourez nos propri\u00e9t\u00e9s et trouvez une chambre pour votre prochain voyage !<\/p>\n\t\t\t<a href=\"https:\/\/amsterdaminns.com\/fr\/forfaits\/\" target=\"_self\">\n\t\t\t\t\t\t\tFORFAITS\n\t\t\t\t\t<\/a>\n\t\t\t<a href=\"https:\/\/amsterdaminns.com\/fr\/attractions\/\" target=\"_self\">\n\t\t\t\t\t\t\tATTRACTIONS\n\t\t\t\t\t<\/a>\n<h2>\n\t\t\t\u00c9v\u00e9nements remarquables\t<\/h2>\n\t<p>Amsterdam Inn &amp; Suites est l\u00e0 pour vous aider \u00e0 cr\u00e9er des exp\u00e9riences inoubliables. Nous sommes tr\u00e8s fiers d&rsquo;offrir un lieu polyvalent et des services de restauration exceptionnels pour transformer votre occasion sp\u00e9ciale en un souvenir inoubliable.<\/p>\n<p>Chaque \u00e9tablissement dispose d&rsquo;installations uniques, qu&rsquo;il s&rsquo;agisse d&rsquo;une salle de r\u00e9ception spacieuse, d&rsquo;un centre de banquet ultramoderne ou d&rsquo;un cadre intime.<\/p>\n\t\t\t<a href=\"https:\/\/amsterdaminns.com\/fr\/special-events\/\" target=\"_self\">\n\t\t\t\t\t\t\tPour en savoir plus\n\t\t\t\t\t<\/a>\n\t\t\t\t<img decoding=\"async\" src=\"https:\/\/amsterdaminns.com\/wp-content\/uploads\/2024\/01\/AdobeStock_575955649.jpeg\" alt=\"Empty seminar or business meeting room in the hotel. Plastic water bottles, Drinking glasses with pencils and paper notes set up on the table prepared for conferences or meetings.\" itemprop=\"image\" height=\"812\" width=\"1920\" title=\"Empty seminar or business meeting room in the hotel. Plastic water bottles, Drinking glasses with pencils and paper notes set up on the table prepared for conferences or meetings.\" onerror=\"this.style.display='none'\" loading=\"lazy\" \/>\n\t\t\t\t<img decoding=\"async\" src=\"https:\/\/amsterdaminns.com\/wp-content\/uploads\/2024\/01\/Photo-2-banquet-3.jpg\" alt=\"Photo 2-banquet 3\" itemprop=\"image\" height=\"1600\" width=\"2400\" title=\"Photo 2-banquet 3\" onerror=\"this.style.display='none'\" loading=\"lazy\" \/>\n\t\t\t\t<img decoding=\"async\" src=\"https:\/\/amsterdaminns.com\/wp-content\/uploads\/2023\/05\/2e2d550b6ca146842ffb1a5140946ff9.png\" alt=\"2e2d550b6ca146842ffb1a5140946ff9\" itemprop=\"image\" height=\"194\" width=\"285\" title=\"2e2d550b6ca146842ffb1a5140946ff9\" onerror=\"this.style.display='none'\" loading=\"lazy\" \/>\n\t\t\t\t<img decoding=\"async\" src=\"https:\/\/amsterdaminns.com\/wp-content\/uploads\/2023\/05\/247792f4f904640e906931ab43b5d98e.png\" alt=\"247792f4f904640e906931ab43b5d98e\" itemprop=\"image\" height=\"326\" width=\"285\" title=\"247792f4f904640e906931ab43b5d98e\" onerror=\"this.style.display='none'\" loading=\"lazy\" \/>\n<h2>\n\t\t\tPackages\t<\/h2>\n\t<p>Pour voir tous nos forfaits, s\u00e9lectionnez la page de propri\u00e9t\u00e9 de votre destination et parcourez leurs forfaits \u00e0 th\u00e8me local.<\/p>\n\t\n\t<div class=\"Packages_filter\">\n\t\t<select class=\"form-control\">\n\t\t\t<option value=\"none\">Aller \u00e0...<\/option>\n\t\t\t\t\t\t\n\t\t\t\t<option value=\"https:\/\/amsterdaminns.com\/fr\/properties\/sussex\/\">Sussex<\/option>\n\n\t\t\t\n\t\t\t\t<option value=\"https:\/\/amsterdaminns.com\/fr\/properties\/moncton\/\">Moncton<\/option>\n\n\t\t\t\n\t\t\t\t<option value=\"https:\/\/amsterdaminns.com\/fr\/properties\/fredericton\/\">Fredericton<\/option>\n\n\t\t\t\n\t\t\t\t<option value=\"https:\/\/amsterdaminns.com\/fr\/properties\/florenceville-bristol\/\">Florenceville-Bristol<\/option>\n\n\t\t\t\n\t\t<\/select>\n\n\t\t<a href=\"javascript:void(0)\" class=\"orange-btn\" type=\"submit\">VOIR LA PROPRI\u00c9T\u00c9<\/a>\n\t<\/div>\n\n\n<h2>\n\t\t\tCarri\u00e8res \u00e0 Amsterdam Inn &#038; Suites\t<\/h2>\n\t<p>Entamez votre carri\u00e8re avec nous d\u00e8s aujourd&rsquo;hui !<\/p>\n<p>Faites partie d&rsquo;une \u00e9quipe passionn\u00e9e qui se consacre \u00e0 l&rsquo;hospitalit\u00e9 et \u00e0 la satisfaction des clients.<\/p>\n\t\t\t<a href=\"https:\/\/amsterdaminns.com\/fr\/carrieres\/\" target=\"_self\">\n\t\t\t\t\t\t\tVOIR LES OFFRES D&rsquo;EMPLOI\n\t\t\t\t\t<\/a>\n<h2>\n\t\t\tBULLETIN D&rsquo;INFORMATION\t<\/h2>\n\t<p>Notre Bulletin d&rsquo;information contient des promotions, des nouvelles et des mises \u00e0 jour d&rsquo;Amsterdam Inn &amp; Suites.<\/p>\n <iframe\n      id=\"JotFormIFrame-240023724941449\"\n      title=\"Amsterdam Newsletter  Form French\"\n      onload=\"window.parent.scrollTo(0,0)\"\n      allowtransparency=\"true\"\n      allowfullscreen=\"true\"\n      allow=\"geolocation; microphone; camera\"\n      src=\"https:\/\/form.jotform.com\/240023724941449\"\n      frameborder=\"0\"\n      scrolling=\"no\">\n    <\/iframe>\n\n","protected":false},"excerpt":{"rendered":"<p>PROPERTIES florenceville bristol CONTACT 383 Centreville Road, Florenceville-Bristol, NB, E7L 3K5 Phone 506-432-5050 FAX 506-432-5069 FORFAITS ATTRACTIONS LOCALES \u2028\u00c0 propos de Rendez-nous visite dans la capitale mondiale de la frite. L&rsquo;Amsterdam Inn &amp; Suites est id\u00e9alement situ\u00e9 pour un acc\u00e8s facile \u00e0 l&rsquo;autoroute transcanadienne et un acc\u00e8s rapide au centre-ville de Florenceville-Bristol. D\u00e9couvrez l&rsquo;histoire, l&rsquo;art,&hellip;<\/p>\n","protected":false},"author":1,"featured_media":0,"parent":0,"menu_order":0,"comment_status":"closed","ping_status":"closed","template":"","meta":{"_acf_changed":false,"footnotes":""},"class_list":["post-171","page","type-page","status-publish","hentry"],"acf":[],"yoast_head":"<!-- This site is optimized with the Yoast SEO plugin v27.4 - https:\/\/yoast.com\/product\/yoast-seo-wordpress\/ -->\n<title>ACCUEIL - Amsterdam Inn<\/title>\n<meta name=\"robots\" content=\"index, follow, max-snippet:-1, max-image-preview:large, max-video-preview:-1\" \/>\n<link rel=\"canonical\" href=\"https:\/\/amsterdaminns.com\/fr\/\" \/>\n<meta property=\"og:locale\" content=\"fr_FR\" \/>\n<meta property=\"og:type\" content=\"article\" \/>\n<meta property=\"og:title\" content=\"ACCUEIL - Amsterdam Inn\" \/>\n<meta property=\"og:description\" content=\"OBTENEZ-EN PLUS LORSQUE VOUS R\u00c9SERVEZ DIRECTEMENT Garantie du Plus Bas Prix VOYEZ-EN PLUS GAGNEZ AVEC CHAQUE S\u00c9JOUR Amsterdam Inn Rewards Obtenez des points de r\u00e9compense lorsque vous r\u00e9servez directement aupr\u00e8s de l&rsquo;h\u00f4tel. Inscrivez-vous maintenant et obtenez 20 $ de rabais applicable \u00e0 votre prochain s\u00e9jour. Inscrivez-vous V\u00e9rifiez le solde Propri\u00e9t\u00e9s Parcourez nos propri\u00e9t\u00e9s et trouvez&hellip;\" \/>\n<meta property=\"og:url\" content=\"https:\/\/amsterdaminns.com\/fr\/\" \/>\n<meta property=\"og:site_name\" content=\"Amsterdam Inn\" \/>\n<meta property=\"article:modified_time\" content=\"2025-12-01T17:01:33+00:00\" \/>\n<meta property=\"og:image\" content=\"https:\/\/amsterdaminns.com\/wp-content\/uploads\/2024\/01\/AdobeStock_575955649.jpeg\" \/>\n<meta name=\"twitter:card\" content=\"summary_large_image\" \/>\n<meta name=\"twitter:label1\" content=\"Dur\u00e9e de lecture estim\u00e9e\" \/>\n\t<meta name=\"twitter:data1\" content=\"2 minutes\" \/>\n<script type=\"application\/ld+json\" class=\"yoast-schema-graph\">{\"@context\":\"https:\\\/\\\/schema.org\",\"@graph\":[{\"@type\":\"WebPage\",\"@id\":\"https:\\\/\\\/amsterdaminns.com\\\/fr\\\/\",\"url\":\"https:\\\/\\\/amsterdaminns.com\\\/fr\\\/\",\"name\":\"ACCUEIL - Amsterdam Inn\",\"isPartOf\":{\"@id\":\"https:\\\/\\\/amsterdaminns.com\\\/#website\"},\"primaryImageOfPage\":{\"@id\":\"https:\\\/\\\/amsterdaminns.com\\\/fr\\\/#primaryimage\"},\"image\":{\"@id\":\"https:\\\/\\\/amsterdaminns.com\\\/fr\\\/#primaryimage\"},\"thumbnailUrl\":\"https:\\\/\\\/amsterdaminns.com\\\/wp-content\\\/uploads\\\/2024\\\/01\\\/AdobeStock_575955649.jpeg\",\"datePublished\":\"2023-05-05T09:26:40+00:00\",\"dateModified\":\"2025-12-01T17:01:33+00:00\",\"breadcrumb\":{\"@id\":\"https:\\\/\\\/amsterdaminns.com\\\/fr\\\/#breadcrumb\"},\"inLanguage\":\"fr-FR\",\"potentialAction\":[{\"@type\":\"ReadAction\",\"target\":[\"https:\\\/\\\/amsterdaminns.com\\\/fr\\\/\"]}]},{\"@type\":\"ImageObject\",\"inLanguage\":\"fr-FR\",\"@id\":\"https:\\\/\\\/amsterdaminns.com\\\/fr\\\/#primaryimage\",\"url\":\"https:\\\/\\\/amsterdaminns.com\\\/wp-content\\\/uploads\\\/2024\\\/01\\\/AdobeStock_575955649.jpeg\",\"contentUrl\":\"https:\\\/\\\/amsterdaminns.com\\\/wp-content\\\/uploads\\\/2024\\\/01\\\/AdobeStock_575955649.jpeg\"},{\"@type\":\"BreadcrumbList\",\"@id\":\"https:\\\/\\\/amsterdaminns.com\\\/fr\\\/#breadcrumb\",\"itemListElement\":[{\"@type\":\"ListItem\",\"position\":1,\"name\":\"Home\",\"item\":\"https:\\\/\\\/amsterdaminns.com\\\/fr\\\/\"},{\"@type\":\"ListItem\",\"position\":2,\"name\":\"ACCUEIL\"}]},{\"@type\":\"WebSite\",\"@id\":\"https:\\\/\\\/amsterdaminns.com\\\/#website\",\"url\":\"https:\\\/\\\/amsterdaminns.com\\\/\",\"name\":\"Amsterdam Inn\",\"description\":\"\",\"potentialAction\":[{\"@type\":\"SearchAction\",\"target\":{\"@type\":\"EntryPoint\",\"urlTemplate\":\"https:\\\/\\\/amsterdaminns.com\\\/?s={search_term_string}\"},\"query-input\":{\"@type\":\"PropertyValueSpecification\",\"valueRequired\":true,\"valueName\":\"search_term_string\"}}],\"inLanguage\":\"fr-FR\"}]}<\/script>\n<!-- \/ Yoast SEO plugin. -->","yoast_head_json":{"title":"ACCUEIL - Amsterdam Inn","robots":{"index":"index","follow":"follow","max-snippet":"max-snippet:-1","max-image-preview":"max-image-preview:large","max-video-preview":"max-video-preview:-1"},"canonical":"https:\/\/amsterdaminns.com\/fr\/","og_locale":"fr_FR","og_type":"article","og_title":"ACCUEIL - Amsterdam Inn","og_description":"OBTENEZ-EN PLUS LORSQUE VOUS R\u00c9SERVEZ DIRECTEMENT Garantie du Plus Bas Prix VOYEZ-EN PLUS GAGNEZ AVEC CHAQUE S\u00c9JOUR Amsterdam Inn Rewards Obtenez des points de r\u00e9compense lorsque vous r\u00e9servez directement aupr\u00e8s de l&rsquo;h\u00f4tel. Inscrivez-vous maintenant et obtenez 20 $ de rabais applicable \u00e0 votre prochain s\u00e9jour. Inscrivez-vous V\u00e9rifiez le solde Propri\u00e9t\u00e9s Parcourez nos propri\u00e9t\u00e9s et trouvez&hellip;","og_url":"https:\/\/amsterdaminns.com\/fr\/","og_site_name":"Amsterdam Inn","article_modified_time":"2025-12-01T17:01:33+00:00","og_image":[{"url":"https:\/\/amsterdaminns.com\/wp-content\/uploads\/2024\/01\/AdobeStock_575955649.jpeg","type":"","width":"","height":""}],"twitter_card":"summary_large_image","twitter_misc":{"Dur\u00e9e de lecture estim\u00e9e":"2 minutes"},"schema":{"@context":"https:\/\/schema.org","@graph":[{"@type":"WebPage","@id":"https:\/\/amsterdaminns.com\/fr\/","url":"https:\/\/amsterdaminns.com\/fr\/","name":"ACCUEIL - Amsterdam Inn","isPartOf":{"@id":"https:\/\/amsterdaminns.com\/#website"},"primaryImageOfPage":{"@id":"https:\/\/amsterdaminns.com\/fr\/#primaryimage"},"image":{"@id":"https:\/\/amsterdaminns.com\/fr\/#primaryimage"},"thumbnailUrl":"https:\/\/amsterdaminns.com\/wp-content\/uploads\/2024\/01\/AdobeStock_575955649.jpeg","datePublished":"2023-05-05T09:26:40+00:00","dateModified":"2025-12-01T17:01:33+00:00","breadcrumb":{"@id":"https:\/\/amsterdaminns.com\/fr\/#breadcrumb"},"inLanguage":"fr-FR","potentialAction":[{"@type":"ReadAction","target":["https:\/\/amsterdaminns.com\/fr\/"]}]},{"@type":"ImageObject","inLanguage":"fr-FR","@id":"https:\/\/amsterdaminns.com\/fr\/#primaryimage","url":"https:\/\/amsterdaminns.com\/wp-content\/uploads\/2024\/01\/AdobeStock_575955649.jpeg","contentUrl":"https:\/\/amsterdaminns.com\/wp-content\/uploads\/2024\/01\/AdobeStock_575955649.jpeg"},{"@type":"BreadcrumbList","@id":"https:\/\/amsterdaminns.com\/fr\/#breadcrumb","itemListElement":[{"@type":"ListItem","position":1,"name":"Home","item":"https:\/\/amsterdaminns.com\/fr\/"},{"@type":"ListItem","position":2,"name":"ACCUEIL"}]},{"@type":"WebSite","@id":"https:\/\/amsterdaminns.com\/#website","url":"https:\/\/amsterdaminns.com\/","name":"Amsterdam Inn","description":"","potentialAction":[{"@type":"SearchAction","target":{"@type":"EntryPoint","urlTemplate":"https:\/\/amsterdaminns.com\/?s={search_term_string}"},"query-input":{"@type":"PropertyValueSpecification","valueRequired":true,"valueName":"search_term_string"}}],"inLanguage":"fr-FR"}]}},"_links":{"self":[{"href":"https:\/\/amsterdaminns.com\/fr\/wp-json\/wp\/v2\/pages\/171","targetHints":{"allow":["GET"]}}],"collection":[{"href":"https:\/\/amsterdaminns.com\/fr\/wp-json\/wp\/v2\/pages"}],"about":[{"href":"https:\/\/amsterdaminns.com\/fr\/wp-json\/wp\/v2\/types\/page"}],"author":[{"embeddable":true,"href":"https:\/\/amsterdaminns.com\/fr\/wp-json\/wp\/v2\/users\/1"}],"replies":[{"embeddable":true,"href":"https:\/\/amsterdaminns.com\/fr\/wp-json\/wp\/v2\/comments?post=171"}],"version-history":[{"count":11,"href":"https:\/\/amsterdaminns.com\/fr\/wp-json\/wp\/v2\/pages\/171\/revisions"}],"predecessor-version":[{"id":3223,"href":"https:\/\/amsterdaminns.com\/fr\/wp-json\/wp\/v2\/pages\/171\/revisions\/3223"}],"wp:attachment":[{"href":"https:\/\/amsterdaminns.com\/fr\/wp-json\/wp\/v2\/media?parent=171"}],"curies":[{"name":"wp","href":"https:\/\/api.w.org\/{rel}","templated":true}]}}