{"id":1782,"date":"2023-06-25T10:19:53","date_gmt":"2023-06-25T10:19:53","guid":{"rendered":"https:\/\/amsterdaminns.com\/package\/"},"modified":"2024-02-01T18:44:03","modified_gmt":"2024-02-01T18:44:03","slug":"forfaits","status":"publish","type":"page","link":"https:\/\/amsterdaminns.com\/fr\/forfaits\/","title":{"rendered":"FORFAITS"},"content":{"rendered":"\n<h1>\n\t\tFORFAITS\n\t<\/h1>\n\t<p>Explorez et profitez de tout ce que notre belle province a \u00e0 offrir en r\u00e9servant d\u00e8s aujourd&rsquo;hui l&rsquo;un de nos formidables forfaits!<\/p>\n\t\t<div class=\"location_filter\">\n\t\t<div class=\"location_filter_inner\">\n\t\t\t<div class=\"\">\n\t\t\t\t<h2>\n\t\t\t\tFILTRE D'EMPLACEMENT\t\t\t\t<\/h2>\n\t\t\t<\/div>\n\t\t\t<div class=\"custom-select\">\n\t\t\t\t<span class=\"select-head\"> <i>TOUS LES EMPLACEMENTS<\/i> <svg xmlns=\"http:\/\/www.w3.org\/2000\/svg\" width=\"16\" height=\"14\" viewBox=\"0 0 16 14\">\n\t\t\t\t\t\t<path id=\"Polygon_46\" data-name=\"Polygon 46\" d=\"M8,0l8,14H0Z\" transform=\"translate(16 14) rotate(180)\" fill=\"#003c7e\"><\/path>\n\t\t\t\t\t<\/svg>\n\n\n\n\n\t\t\t\t\t<ul style=\"display: none;\">\n\n\t\t\t\t\t\t\t\t\t\t\t\t\t<li><a href=\"https:\/\/amsterdaminns.com\/fr\/\/location\/sussex-fr\">Sussex<\/a><\/li>\n\t\t\t\t\t\t\t\t\t\t\t\t\t<li><a href=\"https:\/\/amsterdaminns.com\/fr\/\/location\/quispamsis-saint-john-fr\">Quispamsis\/Saint John<\/a><\/li>\n\t\t\t\t\t\t\t\t\t\t\t\t\t<li><a href=\"https:\/\/amsterdaminns.com\/fr\/\/location\/moncton-fr\">Moncton<\/a><\/li>\n\t\t\t\t\t\t\t\t\t\t\t\t\t<li><a href=\"https:\/\/amsterdaminns.com\/fr\/\/location\/fredericton-fr\">Fredericton<\/a><\/li>\n\t\t\t\t\t\t\t\t\t\t\t\t\t<li><a href=\"https:\/\/amsterdaminns.com\/fr\/\/location\/florenceville-fr\">Florenceville<\/a><\/li>\n\t\t\t\t\t\t\n\t\t\t\t\t<\/ul>\n\t\t\t\t<\/span>\n\n\t\t\t<\/div>\n\t\t<\/div>\n\t<\/div>\n\n<h2>\n\t\tAVENTURE\n\t<\/h2>\n<h2>\n\t\tFORFAITS\n\t<\/h2>\n<h2>\n\t\tS\u00c9JOUR ET JEU\n\t<\/h2>\n<h2>\n\t\tFORFAITS\n\t<\/h2>\n<h2>\n\t\tPARKING GRATUIT PENDANT VOTRE VOL\n\t<\/h2>\n<h2>\n\t\tFORFAITS \u00c0 VALEUR AJOUT\u00c9E\n\t<\/h2>\n\n","protected":false},"excerpt":{"rendered":"<p>FORFAITS Explorez et profitez de tout ce que notre belle province a \u00e0 offrir en r\u00e9servant d\u00e8s aujourd&rsquo;hui l&rsquo;un de nos formidables forfaits! AVENTURE FORFAITS S\u00c9JOUR ET JEU FORFAITS PARKING GRATUIT PENDANT VOTRE VOL FORFAITS \u00c0 VALEUR AJOUT\u00c9E<\/p>\n","protected":false},"author":1,"featured_media":0,"parent":0,"menu_order":0,"comment_status":"closed","ping_status":"closed","template":"","meta":{"_acf_changed":false,"footnotes":""},"class_list":["post-1782","page","type-page","status-publish","hentry"],"acf":[],"yoast_head":"<!-- This site is optimized with the Yoast SEO plugin v27.4 - https:\/\/yoast.com\/product\/yoast-seo-wordpress\/ -->\n<title>FORFAITS - Amsterdam Inn<\/title>\n<meta name=\"robots\" content=\"index, follow, max-snippet:-1, max-image-preview:large, max-video-preview:-1\" \/>\n<link rel=\"canonical\" href=\"https:\/\/amsterdaminns.com\/package\/\" \/>\n<meta property=\"og:locale\" content=\"fr_FR\" \/>\n<meta property=\"og:type\" content=\"article\" \/>\n<meta property=\"og:title\" content=\"FORFAITS - Amsterdam Inn\" \/>\n<meta property=\"og:description\" content=\"FORFAITS Explorez et profitez de tout ce que notre belle province a \u00e0 offrir en r\u00e9servant d\u00e8s aujourd&rsquo;hui l&rsquo;un de nos formidables forfaits! AVENTURE FORFAITS S\u00c9JOUR ET JEU FORFAITS PARKING GRATUIT PENDANT VOTRE VOL FORFAITS \u00c0 VALEUR AJOUT\u00c9E\" \/>\n<meta property=\"og:url\" content=\"https:\/\/amsterdaminns.com\/package\/\" \/>\n<meta property=\"og:site_name\" content=\"Amsterdam Inn\" \/>\n<meta property=\"article:modified_time\" content=\"2024-02-01T18:44:03+00:00\" \/>\n<meta name=\"twitter:card\" content=\"summary_large_image\" \/>\n<script type=\"application\/ld+json\" class=\"yoast-schema-graph\">{\"@context\":\"https:\\\/\\\/schema.org\",\"@graph\":[{\"@type\":\"WebPage\",\"@id\":\"https:\\\/\\\/amsterdaminns.com\\\/package\\\/\",\"url\":\"https:\\\/\\\/amsterdaminns.com\\\/package\\\/\",\"name\":\"FORFAITS - Amsterdam Inn\",\"isPartOf\":{\"@id\":\"https:\\\/\\\/amsterdaminns.com\\\/#website\"},\"datePublished\":\"2023-06-25T10:19:53+00:00\",\"dateModified\":\"2024-02-01T18:44:03+00:00\",\"breadcrumb\":{\"@id\":\"https:\\\/\\\/amsterdaminns.com\\\/package\\\/#breadcrumb\"},\"inLanguage\":\"fr-FR\",\"potentialAction\":[{\"@type\":\"ReadAction\",\"target\":[\"https:\\\/\\\/amsterdaminns.com\\\/package\\\/\"]}]},{\"@type\":\"BreadcrumbList\",\"@id\":\"https:\\\/\\\/amsterdaminns.com\\\/package\\\/#breadcrumb\",\"itemListElement\":[{\"@type\":\"ListItem\",\"position\":1,\"name\":\"Home\",\"item\":\"https:\\\/\\\/amsterdaminns.com\\\/fr\\\/\"},{\"@type\":\"ListItem\",\"position\":2,\"name\":\"FORFAITS\"}]},{\"@type\":\"WebSite\",\"@id\":\"https:\\\/\\\/amsterdaminns.com\\\/#website\",\"url\":\"https:\\\/\\\/amsterdaminns.com\\\/\",\"name\":\"Amsterdam Inn\",\"description\":\"\",\"potentialAction\":[{\"@type\":\"SearchAction\",\"target\":{\"@type\":\"EntryPoint\",\"urlTemplate\":\"https:\\\/\\\/amsterdaminns.com\\\/?s={search_term_string}\"},\"query-input\":{\"@type\":\"PropertyValueSpecification\",\"valueRequired\":true,\"valueName\":\"search_term_string\"}}],\"inLanguage\":\"fr-FR\"}]}<\/script>\n<!-- \/ Yoast SEO plugin. -->","yoast_head_json":{"title":"FORFAITS - Amsterdam Inn","robots":{"index":"index","follow":"follow","max-snippet":"max-snippet:-1","max-image-preview":"max-image-preview:large","max-video-preview":"max-video-preview:-1"},"canonical":"https:\/\/amsterdaminns.com\/package\/","og_locale":"fr_FR","og_type":"article","og_title":"FORFAITS - Amsterdam Inn","og_description":"FORFAITS Explorez et profitez de tout ce que notre belle province a \u00e0 offrir en r\u00e9servant d\u00e8s aujourd&rsquo;hui l&rsquo;un de nos formidables forfaits! AVENTURE FORFAITS S\u00c9JOUR ET JEU FORFAITS PARKING GRATUIT PENDANT VOTRE VOL FORFAITS \u00c0 VALEUR AJOUT\u00c9E","og_url":"https:\/\/amsterdaminns.com\/package\/","og_site_name":"Amsterdam Inn","article_modified_time":"2024-02-01T18:44:03+00:00","twitter_card":"summary_large_image","schema":{"@context":"https:\/\/schema.org","@graph":[{"@type":"WebPage","@id":"https:\/\/amsterdaminns.com\/package\/","url":"https:\/\/amsterdaminns.com\/package\/","name":"FORFAITS - Amsterdam Inn","isPartOf":{"@id":"https:\/\/amsterdaminns.com\/#website"},"datePublished":"2023-06-25T10:19:53+00:00","dateModified":"2024-02-01T18:44:03+00:00","breadcrumb":{"@id":"https:\/\/amsterdaminns.com\/package\/#breadcrumb"},"inLanguage":"fr-FR","potentialAction":[{"@type":"ReadAction","target":["https:\/\/amsterdaminns.com\/package\/"]}]},{"@type":"BreadcrumbList","@id":"https:\/\/amsterdaminns.com\/package\/#breadcrumb","itemListElement":[{"@type":"ListItem","position":1,"name":"Home","item":"https:\/\/amsterdaminns.com\/fr\/"},{"@type":"ListItem","position":2,"name":"FORFAITS"}]},{"@type":"WebSite","@id":"https:\/\/amsterdaminns.com\/#website","url":"https:\/\/amsterdaminns.com\/","name":"Amsterdam Inn","description":"","potentialAction":[{"@type":"SearchAction","target":{"@type":"EntryPoint","urlTemplate":"https:\/\/amsterdaminns.com\/?s={search_term_string}"},"query-input":{"@type":"PropertyValueSpecification","valueRequired":true,"valueName":"search_term_string"}}],"inLanguage":"fr-FR"}]}},"_links":{"self":[{"href":"https:\/\/amsterdaminns.com\/fr\/wp-json\/wp\/v2\/pages\/1782","targetHints":{"allow":["GET"]}}],"collection":[{"href":"https:\/\/amsterdaminns.com\/fr\/wp-json\/wp\/v2\/pages"}],"about":[{"href":"https:\/\/amsterdaminns.com\/fr\/wp-json\/wp\/v2\/types\/page"}],"author":[{"embeddable":true,"href":"https:\/\/amsterdaminns.com\/fr\/wp-json\/wp\/v2\/users\/1"}],"replies":[{"embeddable":true,"href":"https:\/\/amsterdaminns.com\/fr\/wp-json\/wp\/v2\/comments?post=1782"}],"version-history":[{"count":6,"href":"https:\/\/amsterdaminns.com\/fr\/wp-json\/wp\/v2\/pages\/1782\/revisions"}],"predecessor-version":[{"id":2755,"href":"https:\/\/amsterdaminns.com\/fr\/wp-json\/wp\/v2\/pages\/1782\/revisions\/2755"}],"wp:attachment":[{"href":"https:\/\/amsterdaminns.com\/fr\/wp-json\/wp\/v2\/media?parent=1782"}],"curies":[{"name":"wp","href":"https:\/\/api.w.org\/{rel}","templated":true}]}}