{"id":2079,"date":"2023-09-07T17:17:19","date_gmt":"2023-09-07T17:17:19","guid":{"rendered":"https:\/\/amsterdaminns.com\/lowest-price-guarantee\/"},"modified":"2024-01-15T13:14:18","modified_gmt":"2024-01-15T13:14:18","slug":"lowest-price-guarantee","status":"publish","type":"page","link":"https:\/\/amsterdaminns.com\/fr\/lowest-price-guarantee\/","title":{"rendered":"Lowest Price Guarantee"},"content":{"rendered":"\n<h2>\n\t\tGarantie du prix le plus bas\n\t<\/h2>\n\t<p>Chez Amsterdam Inns &amp; Suites, nous voulons nous assurer que vous \u00eates satisfait et recevez le meilleur rapport qualit\u00e9-prix.<\/p>\n<p><strong>R\u00e9servez directement aujourd&rsquo;hui<\/strong> et <strong>b\u00e9n\u00e9ficiez des meilleurs tarifs<\/strong> et conditions <strong>d&rsquo;annulation disponibles<\/strong>.<\/p>\n<p>Si vous trouvez un tarif inf\u00e9rieur sur un autre site Web apr\u00e8s avoir effectu\u00e9 votre r\u00e9servation pour le m\u00eame h\u00f4tel de la marque Amsterdam Inn, nous aimerions en savoir plus. Vous devez nous fournir des d\u00e9tails et un lien vers le tarif inf\u00e9rieur dans les 24 heures suivant votre r\u00e9servation sur www.amsterdaminns.com.<\/p>\n<p><strong>Veuillez noter:<\/strong><\/p>\n<p>&#8211; Les tarifs doivent \u00eatre pour les m\u00eames dates de r\u00e9servation et le m\u00eame type de chambre<\/p>\n<p>Si votre demande est valable et que des preuves suffisantes sont fournies dans le formulaire ci-dessous, votre tarif sera ajust\u00e9 \u00e0 la fin de votre s\u00e9jour de <strong>15 % sur le prix le plus bas trouv\u00e9.<\/strong><\/p>\n\t<iframe\n      id=\"JotFormIFrame-240143549464457\"\n      title=\"Amsterdam Inn Low Rate Guarantee Claim Form French\"\n      allowtransparency=\"true\"\n      allowfullscreen=\"true\"\n      allow=\"geolocation; microphone; camera\"\n      src=\"https:\/\/form.jotform.com\/240143549464457\"\n      frameborder=\"0\"\n      scrolling=\"no\">\n    <\/iframe>\n\n","protected":false},"excerpt":{"rendered":"<p>Garantie du prix le plus bas Chez Amsterdam Inns &amp; Suites, nous voulons nous assurer que vous \u00eates satisfait et recevez le meilleur rapport qualit\u00e9-prix. R\u00e9servez directement aujourd&rsquo;hui et b\u00e9n\u00e9ficiez des meilleurs tarifs et conditions d&rsquo;annulation disponibles. Si vous trouvez un tarif inf\u00e9rieur sur un autre site Web apr\u00e8s avoir effectu\u00e9 votre r\u00e9servation pour le&hellip;<\/p>\n","protected":false},"author":1,"featured_media":0,"parent":0,"menu_order":0,"comment_status":"closed","ping_status":"closed","template":"","meta":{"_acf_changed":false,"footnotes":""},"class_list":["post-2079","page","type-page","status-publish","hentry"],"acf":[],"yoast_head":"<!-- This site is optimized with the Yoast SEO plugin v27.3 - https:\/\/yoast.com\/product\/yoast-seo-wordpress\/ -->\n<title>Lowest Price Guarantee - Amsterdam Inn<\/title>\n<meta name=\"robots\" content=\"index, follow, max-snippet:-1, max-image-preview:large, max-video-preview:-1\" \/>\n<link rel=\"canonical\" href=\"https:\/\/amsterdaminns.com\/lowest-price-guarantee\/\" \/>\n<meta property=\"og:locale\" content=\"fr_FR\" \/>\n<meta property=\"og:type\" content=\"article\" \/>\n<meta property=\"og:title\" content=\"Lowest Price Guarantee - Amsterdam Inn\" \/>\n<meta property=\"og:description\" content=\"Garantie du prix le plus bas Chez Amsterdam Inns &amp; Suites, nous voulons nous assurer que vous \u00eates satisfait et recevez le meilleur rapport qualit\u00e9-prix. R\u00e9servez directement aujourd&rsquo;hui et b\u00e9n\u00e9ficiez des meilleurs tarifs et conditions d&rsquo;annulation disponibles. Si vous trouvez un tarif inf\u00e9rieur sur un autre site Web apr\u00e8s avoir effectu\u00e9 votre r\u00e9servation pour le&hellip;\" \/>\n<meta property=\"og:url\" content=\"https:\/\/amsterdaminns.com\/lowest-price-guarantee\/\" \/>\n<meta property=\"og:site_name\" content=\"Amsterdam Inn\" \/>\n<meta property=\"article:modified_time\" content=\"2024-01-15T13:14:18+00:00\" \/>\n<meta name=\"twitter:card\" content=\"summary_large_image\" \/>\n<meta name=\"twitter:label1\" content=\"Dur\u00e9e de lecture estim\u00e9e\" \/>\n\t<meta name=\"twitter:data1\" content=\"1 minute\" \/>\n<script type=\"application\/ld+json\" class=\"yoast-schema-graph\">{\"@context\":\"https:\\\/\\\/schema.org\",\"@graph\":[{\"@type\":\"WebPage\",\"@id\":\"https:\\\/\\\/amsterdaminns.com\\\/lowest-price-guarantee\\\/\",\"url\":\"https:\\\/\\\/amsterdaminns.com\\\/lowest-price-guarantee\\\/\",\"name\":\"Lowest Price Guarantee - Amsterdam Inn\",\"isPartOf\":{\"@id\":\"https:\\\/\\\/amsterdaminns.com\\\/#website\"},\"datePublished\":\"2023-09-07T17:17:19+00:00\",\"dateModified\":\"2024-01-15T13:14:18+00:00\",\"breadcrumb\":{\"@id\":\"https:\\\/\\\/amsterdaminns.com\\\/lowest-price-guarantee\\\/#breadcrumb\"},\"inLanguage\":\"fr-FR\",\"potentialAction\":[{\"@type\":\"ReadAction\",\"target\":[\"https:\\\/\\\/amsterdaminns.com\\\/lowest-price-guarantee\\\/\"]}]},{\"@type\":\"BreadcrumbList\",\"@id\":\"https:\\\/\\\/amsterdaminns.com\\\/lowest-price-guarantee\\\/#breadcrumb\",\"itemListElement\":[{\"@type\":\"ListItem\",\"position\":1,\"name\":\"Home\",\"item\":\"https:\\\/\\\/amsterdaminns.com\\\/fr\\\/\"},{\"@type\":\"ListItem\",\"position\":2,\"name\":\"Lowest Price Guarantee\"}]},{\"@type\":\"WebSite\",\"@id\":\"https:\\\/\\\/amsterdaminns.com\\\/#website\",\"url\":\"https:\\\/\\\/amsterdaminns.com\\\/\",\"name\":\"Amsterdam Inn\",\"description\":\"\",\"potentialAction\":[{\"@type\":\"SearchAction\",\"target\":{\"@type\":\"EntryPoint\",\"urlTemplate\":\"https:\\\/\\\/amsterdaminns.com\\\/?s={search_term_string}\"},\"query-input\":{\"@type\":\"PropertyValueSpecification\",\"valueRequired\":true,\"valueName\":\"search_term_string\"}}],\"inLanguage\":\"fr-FR\"}]}<\/script>\n<!-- \/ Yoast SEO plugin. -->","yoast_head_json":{"title":"Lowest Price Guarantee - Amsterdam Inn","robots":{"index":"index","follow":"follow","max-snippet":"max-snippet:-1","max-image-preview":"max-image-preview:large","max-video-preview":"max-video-preview:-1"},"canonical":"https:\/\/amsterdaminns.com\/lowest-price-guarantee\/","og_locale":"fr_FR","og_type":"article","og_title":"Lowest Price Guarantee - Amsterdam Inn","og_description":"Garantie du prix le plus bas Chez Amsterdam Inns &amp; Suites, nous voulons nous assurer que vous \u00eates satisfait et recevez le meilleur rapport qualit\u00e9-prix. R\u00e9servez directement aujourd&rsquo;hui et b\u00e9n\u00e9ficiez des meilleurs tarifs et conditions d&rsquo;annulation disponibles. Si vous trouvez un tarif inf\u00e9rieur sur un autre site Web apr\u00e8s avoir effectu\u00e9 votre r\u00e9servation pour le&hellip;","og_url":"https:\/\/amsterdaminns.com\/lowest-price-guarantee\/","og_site_name":"Amsterdam Inn","article_modified_time":"2024-01-15T13:14:18+00:00","twitter_card":"summary_large_image","twitter_misc":{"Dur\u00e9e de lecture estim\u00e9e":"1 minute"},"schema":{"@context":"https:\/\/schema.org","@graph":[{"@type":"WebPage","@id":"https:\/\/amsterdaminns.com\/lowest-price-guarantee\/","url":"https:\/\/amsterdaminns.com\/lowest-price-guarantee\/","name":"Lowest Price Guarantee - Amsterdam Inn","isPartOf":{"@id":"https:\/\/amsterdaminns.com\/#website"},"datePublished":"2023-09-07T17:17:19+00:00","dateModified":"2024-01-15T13:14:18+00:00","breadcrumb":{"@id":"https:\/\/amsterdaminns.com\/lowest-price-guarantee\/#breadcrumb"},"inLanguage":"fr-FR","potentialAction":[{"@type":"ReadAction","target":["https:\/\/amsterdaminns.com\/lowest-price-guarantee\/"]}]},{"@type":"BreadcrumbList","@id":"https:\/\/amsterdaminns.com\/lowest-price-guarantee\/#breadcrumb","itemListElement":[{"@type":"ListItem","position":1,"name":"Home","item":"https:\/\/amsterdaminns.com\/fr\/"},{"@type":"ListItem","position":2,"name":"Lowest Price Guarantee"}]},{"@type":"WebSite","@id":"https:\/\/amsterdaminns.com\/#website","url":"https:\/\/amsterdaminns.com\/","name":"Amsterdam Inn","description":"","potentialAction":[{"@type":"SearchAction","target":{"@type":"EntryPoint","urlTemplate":"https:\/\/amsterdaminns.com\/?s={search_term_string}"},"query-input":{"@type":"PropertyValueSpecification","valueRequired":true,"valueName":"search_term_string"}}],"inLanguage":"fr-FR"}]}},"_links":{"self":[{"href":"https:\/\/amsterdaminns.com\/fr\/wp-json\/wp\/v2\/pages\/2079","targetHints":{"allow":["GET"]}}],"collection":[{"href":"https:\/\/amsterdaminns.com\/fr\/wp-json\/wp\/v2\/pages"}],"about":[{"href":"https:\/\/amsterdaminns.com\/fr\/wp-json\/wp\/v2\/types\/page"}],"author":[{"embeddable":true,"href":"https:\/\/amsterdaminns.com\/fr\/wp-json\/wp\/v2\/users\/1"}],"replies":[{"embeddable":true,"href":"https:\/\/amsterdaminns.com\/fr\/wp-json\/wp\/v2\/comments?post=2079"}],"version-history":[{"count":3,"href":"https:\/\/amsterdaminns.com\/fr\/wp-json\/wp\/v2\/pages\/2079\/revisions"}],"predecessor-version":[{"id":2232,"href":"https:\/\/amsterdaminns.com\/fr\/wp-json\/wp\/v2\/pages\/2079\/revisions\/2232"}],"wp:attachment":[{"href":"https:\/\/amsterdaminns.com\/fr\/wp-json\/wp\/v2\/media?parent=2079"}],"curies":[{"name":"wp","href":"https:\/\/api.w.org\/{rel}","templated":true}]}}