{"id":2328,"date":"2023-07-19T04:33:19","date_gmt":"2023-07-19T04:33:19","guid":{"rendered":"https:\/\/amsterdaminns.com\/developments\/"},"modified":"2024-01-31T18:49:02","modified_gmt":"2024-01-31T18:49:02","slug":"developpements","status":"publish","type":"page","link":"https:\/\/amsterdaminns.com\/fr\/developpements\/","title":{"rendered":"D\u00c9VELOPPEMENTS"},"content":{"rendered":"\n<h2>\n\t\tD\u00c9VELOPPEMENTS\n\t<\/h2>\n<h2>\n\t\t\u2028Un nouveau d\u00e9part, une porte \u00e0 la fois\n\t<\/h2>\n\t<p>Chez Amsterdam Inn &amp; Suites, nous sommes tr\u00e8s fiers de pouvoir offrir le refuge parfait pour un week-end de d\u00e9tente ou de cr\u00e9er l&rsquo;environnement id\u00e9al pour une semaine d&rsquo;affaires productive. Ce qui nous distingue, c&rsquo;est notre approche innovante, combinant harmonieusement les opportunit\u00e9s d&rsquo;investissement immobilier avec des pratiques de construction rationalis\u00e9es et un grand nombre de strat\u00e9gies de gestion h\u00f4teli\u00e8re.<\/p>\nNotre soci\u00e9t\u00e9 introduit un concept r\u00e9volutionnaire qui englobe les quatre piliers fondamentaux de l&rsquo;exp\u00e9rience h\u00f4teli\u00e8re :<br \/>\n<strong>CONCEPTION<\/strong> &#8211; <strong>CONSTRUCTION<\/strong> &#8211; <strong>GESTION<\/strong> &#8211; <strong>MARQUE<\/strong>.\n\t\t\t\t<img decoding=\"async\" src=\"https:\/\/amsterdaminns.com\/wp-content\/uploads\/2023\/07\/c05c002bf96e5fa26a226046e220516d.png\" alt=\"c05c002bf96e5fa26a226046e220516d\" itemprop=\"image\" height=\"361\" width=\"595\" title=\"c05c002bf96e5fa26a226046e220516d\" onerror=\"this.style.display='none'\"  \/>\n\t\t\t\t<img decoding=\"async\" src=\"https:\/\/amsterdaminns.com\/wp-content\/uploads\/2023\/07\/Component-26---1-e1689741996639.png\" alt=\"Component 26 - 1\" itemprop=\"image\" height=\"435\" width=\"1408\" title=\"Component 26 - 1\" onerror=\"this.style.display='none'\"  \/>\n<h2>\n\t\tLes experts <br \/>en construction et gestion d&rsquo;h\u00f4tels\n\t<\/h2>\n\t<b>CONCEPTION<br \/>\n<\/b><br \/>\nQu&rsquo;il s&rsquo;agisse de convertir une propri\u00e9t\u00e9 existante ou de lancer un tout nouvel emplacement, notre \u00e9quipe d\u00e9vou\u00e9e s&rsquo;assure que le bien immobilier s&rsquo;harmonise parfaitement avec la marque Amsterdam Inn &amp; Suites, garantissant ainsi une exp\u00e9rience transparente et de grande qualit\u00e9 pour nos clients. Soyez assur\u00e9s que nous serons vos partenaires de confiance, \u00e0 partir de la conception de votre projet jusqu&rsquo;\u00e0 sa r\u00e9alisation compl\u00e8te.\n<b>CONSTRUCTION<br \/>\n<\/b><br \/>\nNous sommes soutenus par une \u00e9quipe d&rsquo;experts en construction qui s&rsquo;appuient sur les technologies modernes afin de cr\u00e9er des h\u00f4tels sur mesure de mani\u00e8re tr\u00e8s rentable. En collaborant avec des entrepreneurs g\u00e9n\u00e9raux de confiance, des architectes et des marques renomm\u00e9es, nous mettons l&rsquo;accent sur les techniques de construction modulaire qui minimisent les besoins en main-d&rsquo;\u0153uvre sur le site et r\u00e9duisent la dur\u00e9e totale du projet. Nous employons des entrepreneurs et des mat\u00e9riaux de construction durables qui m\u00e9nagent la plan\u00e8te. \u00c9tant un pionnier de l&rsquo;h\u00f4tellerie \u00e9cologique, nous ne nous contentons pas simplement de construire des structures, nous jetons les bases d&rsquo;un avenir plus vert.\n\n<p>La r\u00e9duction de l&rsquo;impact carbone de nos constructions s&rsquo;inscrit dans notre objectif de croissance durable. Cela garantit que nous fa\u00e7onnons des espaces qui non seulement offrent du confort, mais qui minimisent \u00e9galement notre empreinte environnementale.<\/p>\n<b>GESTION<br \/>\n<\/b><br \/>\nEn outre, nous \u00e9tendons notre expertise pour offrir des conseils et un soutien complets en mati\u00e8re de gestion op\u00e9rationnelle, d&rsquo;utilisation des technologies de pointe, de strat\u00e9gies d&rsquo;assistance \u00e0 la client\u00e8le, et plus encore. Notre engagement \u00e0 l&rsquo;\u00e9gard de l&rsquo;excellence englobe tous les aspects de la gestion h\u00f4teli\u00e8re, y compris une formation compl\u00e8te de 2 \u00e0 4 semaines au Nouveau-Brunswick qui couvre toutes les facettes de l&rsquo;entreprise, allant du lancement jusqu&rsquo;\u00e0 l&rsquo;exploitation quotidienne et \u00e0 la viabilit\u00e9 \u00e0 long terme.\n<p><strong>MARQUE<\/strong><\/p>\n<p>En votre qualit\u00e9 de membre de la famille Amsterdam Inn &amp; Suites, vous pouvez \u00e9galement compter sur nous pour d\u00e9velopper des outils de support marketing qui s&rsquo;harmonisent parfaitement avec la marque, en veillant \u00e0 ce que l&rsquo;essence de nos services soit efficacement transmise \u00e0 nos pr\u00e9cieux clients. Votre \u00e9tablissement sera \u00e9galement repr\u00e9sent\u00e9 sur le site Internet d la cha\u00eene Amsterdam Inn &amp; Suites. Tout le mat\u00e9riel de marketing sera \u00e9galement facilement disponible et accessible sur notre serveur en nuage.<\/p>\n<p>Chez Amsterdam Inn &amp; Suites, nous ne nous contentons pas simplement de fournir un lieu d&rsquo;h\u00e9bergement; nous nous effor\u00e7ons de cr\u00e9er des exp\u00e9riences et de fa\u00e7onner l&rsquo;avenir de l&rsquo;hospitalit\u00e9 durable. Gr\u00e2ce \u00e0 notre approche holistique, nous red\u00e9finissons les normes de l&rsquo;industrie. Notre engagement \u00e0 l&rsquo;\u00e9gard d&rsquo;un service de qualit\u00e9, de l&rsquo;excellence, de la gestion de l&rsquo;environnement et d&rsquo;un soutien complet \u00e0 votre entreprise garantit que lorsque vous vous associez \u00e0 nous, vous n&rsquo;investissez pas seulement dans une entreprise, mais vous rejoignez un h\u00e9ritage d&rsquo;innovation qui a fait ses preuves dans le monde de l&rsquo;h\u00f4tellerie et de l&rsquo;accueil. Venez faire partie de ce voyage extraordinaire chez Amsterdam Inn &amp; Suites !<\/p>\n\t\t\t\t<img decoding=\"async\" src=\"https:\/\/amsterdaminns.com\/wp-content\/uploads\/2024\/01\/AdobeStock_53123971.jpeg\" alt=\"Apartments construction site with yellow crane\" itemprop=\"image\" height=\"1280\" width=\"1920\" title=\"Apartments construction site with yellow crane\" onerror=\"this.style.display='none'\"  \/>\n<h2>\n\t\tCONTACTEZ-NOUS ET PARTENAIRE AVEC NOUS\n\t<\/h2>\n\n","protected":false},"excerpt":{"rendered":"<p>D\u00c9VELOPPEMENTS \u2028Un nouveau d\u00e9part, une porte \u00e0 la fois Chez Amsterdam Inn &amp; Suites, nous sommes tr\u00e8s fiers de pouvoir offrir le refuge parfait pour un week-end de d\u00e9tente ou de cr\u00e9er l&rsquo;environnement id\u00e9al pour une semaine d&rsquo;affaires productive. Ce qui nous distingue, c&rsquo;est notre approche innovante, combinant harmonieusement les opportunit\u00e9s d&rsquo;investissement immobilier avec des&hellip;<\/p>\n","protected":false},"author":1,"featured_media":0,"parent":0,"menu_order":0,"comment_status":"closed","ping_status":"closed","template":"","meta":{"_acf_changed":false,"footnotes":""},"class_list":["post-2328","page","type-page","status-publish","hentry"],"acf":[],"yoast_head":"<!-- This site is optimized with the Yoast SEO plugin v27.4 - https:\/\/yoast.com\/product\/yoast-seo-wordpress\/ -->\n<title>D\u00c9VELOPPEMENTS - Amsterdam Inn<\/title>\n<meta name=\"robots\" content=\"index, follow, max-snippet:-1, max-image-preview:large, max-video-preview:-1\" \/>\n<link rel=\"canonical\" href=\"https:\/\/amsterdaminns.com\/developments\/\" \/>\n<meta property=\"og:locale\" content=\"fr_FR\" \/>\n<meta property=\"og:type\" content=\"article\" \/>\n<meta property=\"og:title\" content=\"D\u00c9VELOPPEMENTS - Amsterdam Inn\" \/>\n<meta property=\"og:description\" content=\"D\u00c9VELOPPEMENTS \u2028Un nouveau d\u00e9part, une porte \u00e0 la fois Chez Amsterdam Inn &amp; Suites, nous sommes tr\u00e8s fiers de pouvoir offrir le refuge parfait pour un week-end de d\u00e9tente ou de cr\u00e9er l&rsquo;environnement id\u00e9al pour une semaine d&rsquo;affaires productive. Ce qui nous distingue, c&rsquo;est notre approche innovante, combinant harmonieusement les opportunit\u00e9s d&rsquo;investissement immobilier avec des&hellip;\" \/>\n<meta property=\"og:url\" content=\"https:\/\/amsterdaminns.com\/developments\/\" \/>\n<meta property=\"og:site_name\" content=\"Amsterdam Inn\" \/>\n<meta property=\"article:modified_time\" content=\"2024-01-31T18:49:02+00:00\" \/>\n<meta property=\"og:image\" content=\"https:\/\/amsterdaminns.com\/wp-content\/uploads\/2023\/07\/c05c002bf96e5fa26a226046e220516d.png\" \/>\n<meta name=\"twitter:card\" content=\"summary_large_image\" \/>\n<meta name=\"twitter:label1\" content=\"Dur\u00e9e de lecture estim\u00e9e\" \/>\n\t<meta name=\"twitter:data1\" content=\"3 minutes\" \/>\n<script type=\"application\/ld+json\" class=\"yoast-schema-graph\">{\"@context\":\"https:\\\/\\\/schema.org\",\"@graph\":[{\"@type\":\"WebPage\",\"@id\":\"https:\\\/\\\/amsterdaminns.com\\\/developments\\\/\",\"url\":\"https:\\\/\\\/amsterdaminns.com\\\/developments\\\/\",\"name\":\"D\u00c9VELOPPEMENTS - Amsterdam Inn\",\"isPartOf\":{\"@id\":\"https:\\\/\\\/amsterdaminns.com\\\/#website\"},\"primaryImageOfPage\":{\"@id\":\"https:\\\/\\\/amsterdaminns.com\\\/developments\\\/#primaryimage\"},\"image\":{\"@id\":\"https:\\\/\\\/amsterdaminns.com\\\/developments\\\/#primaryimage\"},\"thumbnailUrl\":\"https:\\\/\\\/amsterdaminns.com\\\/wp-content\\\/uploads\\\/2023\\\/07\\\/c05c002bf96e5fa26a226046e220516d.png\",\"datePublished\":\"2023-07-19T04:33:19+00:00\",\"dateModified\":\"2024-01-31T18:49:02+00:00\",\"breadcrumb\":{\"@id\":\"https:\\\/\\\/amsterdaminns.com\\\/developments\\\/#breadcrumb\"},\"inLanguage\":\"fr-FR\",\"potentialAction\":[{\"@type\":\"ReadAction\",\"target\":[\"https:\\\/\\\/amsterdaminns.com\\\/developments\\\/\"]}]},{\"@type\":\"ImageObject\",\"inLanguage\":\"fr-FR\",\"@id\":\"https:\\\/\\\/amsterdaminns.com\\\/developments\\\/#primaryimage\",\"url\":\"https:\\\/\\\/amsterdaminns.com\\\/wp-content\\\/uploads\\\/2023\\\/07\\\/c05c002bf96e5fa26a226046e220516d.png\",\"contentUrl\":\"https:\\\/\\\/amsterdaminns.com\\\/wp-content\\\/uploads\\\/2023\\\/07\\\/c05c002bf96e5fa26a226046e220516d.png\"},{\"@type\":\"BreadcrumbList\",\"@id\":\"https:\\\/\\\/amsterdaminns.com\\\/developments\\\/#breadcrumb\",\"itemListElement\":[{\"@type\":\"ListItem\",\"position\":1,\"name\":\"Home\",\"item\":\"https:\\\/\\\/amsterdaminns.com\\\/fr\\\/\"},{\"@type\":\"ListItem\",\"position\":2,\"name\":\"D\u00c9VELOPPEMENTS\"}]},{\"@type\":\"WebSite\",\"@id\":\"https:\\\/\\\/amsterdaminns.com\\\/#website\",\"url\":\"https:\\\/\\\/amsterdaminns.com\\\/\",\"name\":\"Amsterdam Inn\",\"description\":\"\",\"potentialAction\":[{\"@type\":\"SearchAction\",\"target\":{\"@type\":\"EntryPoint\",\"urlTemplate\":\"https:\\\/\\\/amsterdaminns.com\\\/?s={search_term_string}\"},\"query-input\":{\"@type\":\"PropertyValueSpecification\",\"valueRequired\":true,\"valueName\":\"search_term_string\"}}],\"inLanguage\":\"fr-FR\"}]}<\/script>\n<!-- \/ Yoast SEO plugin. -->","yoast_head_json":{"title":"D\u00c9VELOPPEMENTS - Amsterdam Inn","robots":{"index":"index","follow":"follow","max-snippet":"max-snippet:-1","max-image-preview":"max-image-preview:large","max-video-preview":"max-video-preview:-1"},"canonical":"https:\/\/amsterdaminns.com\/developments\/","og_locale":"fr_FR","og_type":"article","og_title":"D\u00c9VELOPPEMENTS - Amsterdam Inn","og_description":"D\u00c9VELOPPEMENTS \u2028Un nouveau d\u00e9part, une porte \u00e0 la fois Chez Amsterdam Inn &amp; Suites, nous sommes tr\u00e8s fiers de pouvoir offrir le refuge parfait pour un week-end de d\u00e9tente ou de cr\u00e9er l&rsquo;environnement id\u00e9al pour une semaine d&rsquo;affaires productive. Ce qui nous distingue, c&rsquo;est notre approche innovante, combinant harmonieusement les opportunit\u00e9s d&rsquo;investissement immobilier avec des&hellip;","og_url":"https:\/\/amsterdaminns.com\/developments\/","og_site_name":"Amsterdam Inn","article_modified_time":"2024-01-31T18:49:02+00:00","og_image":[{"url":"https:\/\/amsterdaminns.com\/wp-content\/uploads\/2023\/07\/c05c002bf96e5fa26a226046e220516d.png","type":"","width":"","height":""}],"twitter_card":"summary_large_image","twitter_misc":{"Dur\u00e9e de lecture estim\u00e9e":"3 minutes"},"schema":{"@context":"https:\/\/schema.org","@graph":[{"@type":"WebPage","@id":"https:\/\/amsterdaminns.com\/developments\/","url":"https:\/\/amsterdaminns.com\/developments\/","name":"D\u00c9VELOPPEMENTS - Amsterdam Inn","isPartOf":{"@id":"https:\/\/amsterdaminns.com\/#website"},"primaryImageOfPage":{"@id":"https:\/\/amsterdaminns.com\/developments\/#primaryimage"},"image":{"@id":"https:\/\/amsterdaminns.com\/developments\/#primaryimage"},"thumbnailUrl":"https:\/\/amsterdaminns.com\/wp-content\/uploads\/2023\/07\/c05c002bf96e5fa26a226046e220516d.png","datePublished":"2023-07-19T04:33:19+00:00","dateModified":"2024-01-31T18:49:02+00:00","breadcrumb":{"@id":"https:\/\/amsterdaminns.com\/developments\/#breadcrumb"},"inLanguage":"fr-FR","potentialAction":[{"@type":"ReadAction","target":["https:\/\/amsterdaminns.com\/developments\/"]}]},{"@type":"ImageObject","inLanguage":"fr-FR","@id":"https:\/\/amsterdaminns.com\/developments\/#primaryimage","url":"https:\/\/amsterdaminns.com\/wp-content\/uploads\/2023\/07\/c05c002bf96e5fa26a226046e220516d.png","contentUrl":"https:\/\/amsterdaminns.com\/wp-content\/uploads\/2023\/07\/c05c002bf96e5fa26a226046e220516d.png"},{"@type":"BreadcrumbList","@id":"https:\/\/amsterdaminns.com\/developments\/#breadcrumb","itemListElement":[{"@type":"ListItem","position":1,"name":"Home","item":"https:\/\/amsterdaminns.com\/fr\/"},{"@type":"ListItem","position":2,"name":"D\u00c9VELOPPEMENTS"}]},{"@type":"WebSite","@id":"https:\/\/amsterdaminns.com\/#website","url":"https:\/\/amsterdaminns.com\/","name":"Amsterdam Inn","description":"","potentialAction":[{"@type":"SearchAction","target":{"@type":"EntryPoint","urlTemplate":"https:\/\/amsterdaminns.com\/?s={search_term_string}"},"query-input":{"@type":"PropertyValueSpecification","valueRequired":true,"valueName":"search_term_string"}}],"inLanguage":"fr-FR"}]}},"_links":{"self":[{"href":"https:\/\/amsterdaminns.com\/fr\/wp-json\/wp\/v2\/pages\/2328","targetHints":{"allow":["GET"]}}],"collection":[{"href":"https:\/\/amsterdaminns.com\/fr\/wp-json\/wp\/v2\/pages"}],"about":[{"href":"https:\/\/amsterdaminns.com\/fr\/wp-json\/wp\/v2\/types\/page"}],"author":[{"embeddable":true,"href":"https:\/\/amsterdaminns.com\/fr\/wp-json\/wp\/v2\/users\/1"}],"replies":[{"embeddable":true,"href":"https:\/\/amsterdaminns.com\/fr\/wp-json\/wp\/v2\/comments?post=2328"}],"version-history":[{"count":5,"href":"https:\/\/amsterdaminns.com\/fr\/wp-json\/wp\/v2\/pages\/2328\/revisions"}],"predecessor-version":[{"id":2726,"href":"https:\/\/amsterdaminns.com\/fr\/wp-json\/wp\/v2\/pages\/2328\/revisions\/2726"}],"wp:attachment":[{"href":"https:\/\/amsterdaminns.com\/fr\/wp-json\/wp\/v2\/media?parent=2328"}],"curies":[{"name":"wp","href":"https:\/\/api.w.org\/{rel}","templated":true}]}}