{"id":2340,"date":"2024-01-19T18:13:03","date_gmt":"2024-01-19T18:13:03","guid":{"rendered":"https:\/\/amsterdaminns.com\/our-history\/"},"modified":"2025-02-27T17:41:39","modified_gmt":"2025-02-27T17:41:39","slug":"notre-histoire","status":"publish","type":"page","link":"https:\/\/amsterdaminns.com\/fr\/notre-histoire\/","title":{"rendered":"Notre histoire"},"content":{"rendered":"\n<h2>\n\t\tNotre histoire \n\t<\/h2>\n<h2>\n\t\tUn h\u00e9ritage de famille et d&rsquo;hospitalit\u00e9\n\t<\/h2>\n\t<p>L&rsquo;Amsterdam Inn &amp; Suites n&rsquo;est pas seulement un h\u00f4tel; c&rsquo;est le t\u00e9moignage du parcours remarquable de la famille de Winter, qui a commenc\u00e9 en 1952 lorsque John de Winter Senior et sa famille ont \u00e9migr\u00e9 des Pays-Bas \u00e0 Strathroy, en Ontario, au Canada. Douze ans plus tard, ils se sont retrouv\u00e9s dans la ville pittoresque de Sussex, au Nouveau-Brunswick.<\/p>\n<p>Sussex est rapidement devenu le terrain propice \u00e0 la premi\u00e8re entreprise familiale, sp\u00e9cialis\u00e9e dans la fabrication de maisons modulaires. Au fil des ans, l&rsquo;aide et le soutien inestimables de la communaut\u00e9 ont jou\u00e9 un r\u00f4le essentiel dans les entreprises florissantes de la famille.<\/p>\n<p>Depuis 30 ans, la famille de Winter s&rsquo;efforce d&rsquo;apporter une satisfaction exceptionnelle \u00e0 ses clients et une touche personnelle \u00e0 chacun d&rsquo;entre eux. La prestation de services distincts est devenue un t\u00e9moignage de l&rsquo;h\u00e9ritage hollandais de John S\u00e9nior et de son \u00e9thique commerciale estim\u00e9e.<\/p>\nDe nombreuses ann\u00e9es plus tard, la vision de John Sr a \u00e9t\u00e9 transmise \u00e0 ses enfants et petits- enfants, garantissant que les prochaines g\u00e9n\u00e9rations de la famille de Winter poursuivront le d\u00e9veloppement du Amsterdam Inn &amp; Suites.<br \/>\n\n<p>L&rsquo;Amsterdam Inn &amp; Suites en est maintenant \u00e0 sa troisi\u00e8me g\u00e9n\u00e9ration. En tant que famille d&rsquo;entrepreneurs ayant des int\u00e9r\u00eats dans l&rsquo;h\u00f4tellerie, l&rsquo;immobilier et la construction, les deuxi\u00e8me et troisi\u00e8me g\u00e9n\u00e9rations de Winter sont pr\u00eates \u00e0 suivre la m\u00eame voie dans l&rsquo;industrie h\u00f4teli\u00e8re<\/p>\n\t\t\t\t<img decoding=\"async\" src=\"https:\/\/amsterdaminns.com\/wp-content\/uploads\/2024\/01\/HistoricalBrandingSolutions-067-2-1-1024x683-1.jpg\" alt=\"HistoricalBrandingSolutions-067-2-1-1024x683\" itemprop=\"image\" height=\"683\" width=\"1024\" title=\"HistoricalBrandingSolutions-067-2-1-1024x683\" onerror=\"this.style.display='none'\"  \/>\n<h2>\n\t\tSUSSEX\n\t<\/h2>\n\t<p>En 1994, la vision de John Sr a donn\u00e9 lieu \u00e0 l&rsquo;ouverture du Amsterdam Inn &amp; Suites \u00e0 Sussex, au Nouveau-Brunswick. Cette propri\u00e9t\u00e9 compte 30 chambres, offrant divers types d&rsquo;h\u00e9bergement, des chambres pratiques avec acc\u00e8s en voiture jusqu&rsquo;aux suites nuptiales, en passant par les chambres doubles et les chambres accessibles aux personnes \u00e0 mobilit\u00e9 r\u00e9duite.<\/p>\n<p>L&#8217;emplacement central de Sussex, entre Saint John, Moncton et Fredericton, ainsi que la proximit\u00e9 d&rsquo;attractions telles que Poley Mountain et le Parc national de Fundy, en font une destination id\u00e9ale.<\/p>\n<p>Depuis son ouverture, le Amsterdam Inn &amp; Suites s&rsquo;efforce de maintenir des normes \u00e9lev\u00e9es en mati\u00e8re de service et de qualit\u00e9 des produits, en r\u00e9novant continuellement les chambres et en am\u00e9liorant les installations. Afin que l&rsquo;h\u00f4tel demeure frais et neuf, Amsterdam Inn &amp; Suites a investi dans la modernisation des chambres, l&rsquo;ajout d&rsquo;un centre de remise en forme, d&rsquo;une nouvelle r\u00e9ception et d&rsquo;une salle de petit-d\u00e9jeuner lumineuse et spacieuse offrant gratuitement aux clients un petit-d\u00e9jeuner style buffet chaud.<\/p>\n<h2>\n\t\tMONCTON\n\t<\/h2>\n\t<p>En 2000, le deuxi\u00e8me \u00e9tablissement, situ\u00e9 \u00e0 Moncton, au Nouveau-Brunswick, a ouvert ses portes, offrant 48 chambres avec une gamme d&rsquo;h\u00e9bergements allant des chambres avec acc\u00e8s en voiture, chambres doubles et chambres accessibles aux personnes \u00e0 mobilit\u00e9 r\u00e9duite jusqu&rsquo;aux suites nuptiales.<\/p>\n<p>Id\u00e9alement situ\u00e9 \u00e0 proximit\u00e9 de nombreuses attractions, notamment le Parc national de Fundy, les Rochers Hopewell et la C\u00f4te magn\u00e9tique, cet \u00e9tablissement est rapidement devenu une destination tr\u00e8s pris\u00e9e.<\/p>\n<h2>\n\t\tFREDERICTON\n\t<\/h2>\n\t<p>Amsterdam Inn &amp; Suites a poursuivi son expansion en ouvrant son troisi\u00e8me \u00e9tablissement \u00e0 Fredericton, la capitale du Nouveau-Brunswick, en 2004. Proposant initialement 50 chambres, un agrandissement de 18 chambres en 2019 a port\u00e9 le nombre de chambres \u00e0 68, avec des installations uniques comme des douches de plain-pied et des lits tr\u00e8s grands.<\/p>\n<p>Fredericton, connue pour ses excursions en voilier, ses festivals de musique et ses attractions culturelles, offrait un cadre parfait pour le d\u00e9vouement de la famille \u00e0 la qualit\u00e9, \u00e0 l&rsquo;hospitalit\u00e9 et au confort.<\/p>\n<h2>\n\t\tFlorenceville-Bristol\n\t<\/h2>\n\t<p>Guid\u00e9e par son engagement \u00e0 offrir un service exceptionnel, la famille de Winter a \u00e9largi son offre en cr\u00e9ant un h\u00f4tel et un restaurant \u00e0 service complet \u00e0 Florenceville-Bristol. Cet \u00e9tablissement ultramoderne a \u00e9t\u00e9 construit par la compagnie Iron Maple Construction, \u00e0 titre d&rsquo;entrepreneur g\u00e9n\u00e9ral, et par Alantra Leasing Inc., qui a fabriqu\u00e9 les suites modulaires.<\/p>\n<p>Ces deux entreprises sont affili\u00e9es \u00e0 la famille de Winter et sont r\u00e9put\u00e9es pour leur grande exp\u00e9rience dans le domaine de la construction. La propri\u00e9t\u00e9 comprend 78 suites, un centre de conf\u00e9rence et de banquet pouvant accueillir 190 personnes, des salles de r\u00e9union et des installations de gymnastique.<\/p>\n<p>Cette expansion a \u00e9galement marqu\u00e9 l&rsquo;entr\u00e9e d&rsquo;Amsterdam Inn &amp; Suites dans l&rsquo;industrie alimentaire avec l&rsquo;ouverture du restaurant Exit 153, un restaurant \u00e0 service complet comptant 94 places qui est id\u00e9alement situ\u00e9 dans l&rsquo;h\u00f4tel.<\/p>\n<h2>\n\t\tAllant de l&rsquo;avant\n\t<\/h2>\n\t<p>Alors que le Amsterdam Inn &amp; Suites poursuit sa croissance, le d\u00e9vouement de l&rsquo;organisation \u00e0 offrir un service de qualit\u00e9 exemplaire et son engagement envers ses racines, ses fondements et ses valeurs demeurent in\u00e9branlables. Ces \u00e9l\u00e9ments continueront d&rsquo;\u00eatre les pierres angulaires de leur hospitalit\u00e9 de premier ordre au Nouveau-Brunswick, au Canada, garantissant \u00e0 chaque client le m\u00eame niveau d&rsquo;hospitalit\u00e9 exceptionnelle pour les ann\u00e9es \u00e0 venir<\/p>\n\t\t\t\t<img decoding=\"async\" src=\"https:\/\/amsterdaminns.com\/wp-content\/uploads\/2023\/07\/Component-26---1-e1689741996639.png\" alt=\"Component 26 - 1\" itemprop=\"image\" height=\"435\" width=\"1408\" title=\"Component 26 - 1\" onerror=\"this.style.display='none'\"  \/>\n\n","protected":false},"excerpt":{"rendered":"<p>Notre histoire Un h\u00e9ritage de famille et d&rsquo;hospitalit\u00e9 L&rsquo;Amsterdam Inn &amp; Suites n&rsquo;est pas seulement un h\u00f4tel; c&rsquo;est le t\u00e9moignage du parcours remarquable de la famille de Winter, qui a commenc\u00e9 en 1952 lorsque John de Winter Senior et sa famille ont \u00e9migr\u00e9 des Pays-Bas \u00e0 Strathroy, en Ontario, au Canada. Douze ans plus tard,&hellip;<\/p>\n","protected":false},"author":1,"featured_media":0,"parent":0,"menu_order":0,"comment_status":"closed","ping_status":"closed","template":"","meta":{"_acf_changed":false,"footnotes":""},"class_list":["post-2340","page","type-page","status-publish","hentry"],"acf":[],"yoast_head":"<!-- This site is optimized with the Yoast SEO plugin v27.4 - https:\/\/yoast.com\/product\/yoast-seo-wordpress\/ -->\n<title>Notre histoire - Amsterdam Inn<\/title>\n<meta name=\"robots\" content=\"index, follow, max-snippet:-1, max-image-preview:large, max-video-preview:-1\" \/>\n<link rel=\"canonical\" href=\"https:\/\/amsterdaminns.com\/fr\/notre-histoire\/\" \/>\n<meta property=\"og:locale\" content=\"fr_FR\" \/>\n<meta property=\"og:type\" content=\"article\" \/>\n<meta property=\"og:title\" content=\"Notre histoire - Amsterdam Inn\" \/>\n<meta property=\"og:description\" content=\"Notre histoire Un h\u00e9ritage de famille et d&rsquo;hospitalit\u00e9 L&rsquo;Amsterdam Inn &amp; Suites n&rsquo;est pas seulement un h\u00f4tel; c&rsquo;est le t\u00e9moignage du parcours remarquable de la famille de Winter, qui a commenc\u00e9 en 1952 lorsque John de Winter Senior et sa famille ont \u00e9migr\u00e9 des Pays-Bas \u00e0 Strathroy, en Ontario, au Canada. Douze ans plus tard,&hellip;\" \/>\n<meta property=\"og:url\" content=\"https:\/\/amsterdaminns.com\/fr\/notre-histoire\/\" \/>\n<meta property=\"og:site_name\" content=\"Amsterdam Inn\" \/>\n<meta property=\"article:modified_time\" content=\"2025-02-27T17:41:39+00:00\" \/>\n<meta property=\"og:image\" content=\"https:\/\/amsterdaminns.com\/wp-content\/uploads\/2024\/01\/HistoricalBrandingSolutions-067-2-1-1024x683-1.jpg\" \/>\n<meta name=\"twitter:card\" content=\"summary_large_image\" \/>\n<meta name=\"twitter:label1\" content=\"Dur\u00e9e de lecture estim\u00e9e\" \/>\n\t<meta name=\"twitter:data1\" content=\"4 minutes\" \/>\n<script type=\"application\/ld+json\" class=\"yoast-schema-graph\">{\"@context\":\"https:\\\/\\\/schema.org\",\"@graph\":[{\"@type\":\"WebPage\",\"@id\":\"https:\\\/\\\/amsterdaminns.com\\\/fr\\\/notre-histoire\\\/\",\"url\":\"https:\\\/\\\/amsterdaminns.com\\\/fr\\\/notre-histoire\\\/\",\"name\":\"Notre histoire - Amsterdam Inn\",\"isPartOf\":{\"@id\":\"https:\\\/\\\/amsterdaminns.com\\\/#website\"},\"primaryImageOfPage\":{\"@id\":\"https:\\\/\\\/amsterdaminns.com\\\/fr\\\/notre-histoire\\\/#primaryimage\"},\"image\":{\"@id\":\"https:\\\/\\\/amsterdaminns.com\\\/fr\\\/notre-histoire\\\/#primaryimage\"},\"thumbnailUrl\":\"https:\\\/\\\/amsterdaminns.com\\\/wp-content\\\/uploads\\\/2024\\\/01\\\/HistoricalBrandingSolutions-067-2-1-1024x683-1.jpg\",\"datePublished\":\"2024-01-19T18:13:03+00:00\",\"dateModified\":\"2025-02-27T17:41:39+00:00\",\"breadcrumb\":{\"@id\":\"https:\\\/\\\/amsterdaminns.com\\\/fr\\\/notre-histoire\\\/#breadcrumb\"},\"inLanguage\":\"fr-FR\",\"potentialAction\":[{\"@type\":\"ReadAction\",\"target\":[\"https:\\\/\\\/amsterdaminns.com\\\/fr\\\/notre-histoire\\\/\"]}]},{\"@type\":\"ImageObject\",\"inLanguage\":\"fr-FR\",\"@id\":\"https:\\\/\\\/amsterdaminns.com\\\/fr\\\/notre-histoire\\\/#primaryimage\",\"url\":\"https:\\\/\\\/amsterdaminns.com\\\/wp-content\\\/uploads\\\/2024\\\/01\\\/HistoricalBrandingSolutions-067-2-1-1024x683-1.jpg\",\"contentUrl\":\"https:\\\/\\\/amsterdaminns.com\\\/wp-content\\\/uploads\\\/2024\\\/01\\\/HistoricalBrandingSolutions-067-2-1-1024x683-1.jpg\"},{\"@type\":\"BreadcrumbList\",\"@id\":\"https:\\\/\\\/amsterdaminns.com\\\/fr\\\/notre-histoire\\\/#breadcrumb\",\"itemListElement\":[{\"@type\":\"ListItem\",\"position\":1,\"name\":\"Home\",\"item\":\"https:\\\/\\\/amsterdaminns.com\\\/fr\\\/\"},{\"@type\":\"ListItem\",\"position\":2,\"name\":\"Notre histoire\"}]},{\"@type\":\"WebSite\",\"@id\":\"https:\\\/\\\/amsterdaminns.com\\\/#website\",\"url\":\"https:\\\/\\\/amsterdaminns.com\\\/\",\"name\":\"Amsterdam Inn\",\"description\":\"\",\"potentialAction\":[{\"@type\":\"SearchAction\",\"target\":{\"@type\":\"EntryPoint\",\"urlTemplate\":\"https:\\\/\\\/amsterdaminns.com\\\/?s={search_term_string}\"},\"query-input\":{\"@type\":\"PropertyValueSpecification\",\"valueRequired\":true,\"valueName\":\"search_term_string\"}}],\"inLanguage\":\"fr-FR\"}]}<\/script>\n<!-- \/ Yoast SEO plugin. -->","yoast_head_json":{"title":"Notre histoire - Amsterdam Inn","robots":{"index":"index","follow":"follow","max-snippet":"max-snippet:-1","max-image-preview":"max-image-preview:large","max-video-preview":"max-video-preview:-1"},"canonical":"https:\/\/amsterdaminns.com\/fr\/notre-histoire\/","og_locale":"fr_FR","og_type":"article","og_title":"Notre histoire - Amsterdam Inn","og_description":"Notre histoire Un h\u00e9ritage de famille et d&rsquo;hospitalit\u00e9 L&rsquo;Amsterdam Inn &amp; Suites n&rsquo;est pas seulement un h\u00f4tel; c&rsquo;est le t\u00e9moignage du parcours remarquable de la famille de Winter, qui a commenc\u00e9 en 1952 lorsque John de Winter Senior et sa famille ont \u00e9migr\u00e9 des Pays-Bas \u00e0 Strathroy, en Ontario, au Canada. Douze ans plus tard,&hellip;","og_url":"https:\/\/amsterdaminns.com\/fr\/notre-histoire\/","og_site_name":"Amsterdam Inn","article_modified_time":"2025-02-27T17:41:39+00:00","og_image":[{"url":"https:\/\/amsterdaminns.com\/wp-content\/uploads\/2024\/01\/HistoricalBrandingSolutions-067-2-1-1024x683-1.jpg","type":"","width":"","height":""}],"twitter_card":"summary_large_image","twitter_misc":{"Dur\u00e9e de lecture estim\u00e9e":"4 minutes"},"schema":{"@context":"https:\/\/schema.org","@graph":[{"@type":"WebPage","@id":"https:\/\/amsterdaminns.com\/fr\/notre-histoire\/","url":"https:\/\/amsterdaminns.com\/fr\/notre-histoire\/","name":"Notre histoire - Amsterdam Inn","isPartOf":{"@id":"https:\/\/amsterdaminns.com\/#website"},"primaryImageOfPage":{"@id":"https:\/\/amsterdaminns.com\/fr\/notre-histoire\/#primaryimage"},"image":{"@id":"https:\/\/amsterdaminns.com\/fr\/notre-histoire\/#primaryimage"},"thumbnailUrl":"https:\/\/amsterdaminns.com\/wp-content\/uploads\/2024\/01\/HistoricalBrandingSolutions-067-2-1-1024x683-1.jpg","datePublished":"2024-01-19T18:13:03+00:00","dateModified":"2025-02-27T17:41:39+00:00","breadcrumb":{"@id":"https:\/\/amsterdaminns.com\/fr\/notre-histoire\/#breadcrumb"},"inLanguage":"fr-FR","potentialAction":[{"@type":"ReadAction","target":["https:\/\/amsterdaminns.com\/fr\/notre-histoire\/"]}]},{"@type":"ImageObject","inLanguage":"fr-FR","@id":"https:\/\/amsterdaminns.com\/fr\/notre-histoire\/#primaryimage","url":"https:\/\/amsterdaminns.com\/wp-content\/uploads\/2024\/01\/HistoricalBrandingSolutions-067-2-1-1024x683-1.jpg","contentUrl":"https:\/\/amsterdaminns.com\/wp-content\/uploads\/2024\/01\/HistoricalBrandingSolutions-067-2-1-1024x683-1.jpg"},{"@type":"BreadcrumbList","@id":"https:\/\/amsterdaminns.com\/fr\/notre-histoire\/#breadcrumb","itemListElement":[{"@type":"ListItem","position":1,"name":"Home","item":"https:\/\/amsterdaminns.com\/fr\/"},{"@type":"ListItem","position":2,"name":"Notre histoire"}]},{"@type":"WebSite","@id":"https:\/\/amsterdaminns.com\/#website","url":"https:\/\/amsterdaminns.com\/","name":"Amsterdam Inn","description":"","potentialAction":[{"@type":"SearchAction","target":{"@type":"EntryPoint","urlTemplate":"https:\/\/amsterdaminns.com\/?s={search_term_string}"},"query-input":{"@type":"PropertyValueSpecification","valueRequired":true,"valueName":"search_term_string"}}],"inLanguage":"fr-FR"}]}},"_links":{"self":[{"href":"https:\/\/amsterdaminns.com\/fr\/wp-json\/wp\/v2\/pages\/2340","targetHints":{"allow":["GET"]}}],"collection":[{"href":"https:\/\/amsterdaminns.com\/fr\/wp-json\/wp\/v2\/pages"}],"about":[{"href":"https:\/\/amsterdaminns.com\/fr\/wp-json\/wp\/v2\/types\/page"}],"author":[{"embeddable":true,"href":"https:\/\/amsterdaminns.com\/fr\/wp-json\/wp\/v2\/users\/1"}],"replies":[{"embeddable":true,"href":"https:\/\/amsterdaminns.com\/fr\/wp-json\/wp\/v2\/comments?post=2340"}],"version-history":[{"count":6,"href":"https:\/\/amsterdaminns.com\/fr\/wp-json\/wp\/v2\/pages\/2340\/revisions"}],"predecessor-version":[{"id":3070,"href":"https:\/\/amsterdaminns.com\/fr\/wp-json\/wp\/v2\/pages\/2340\/revisions\/3070"}],"wp:attachment":[{"href":"https:\/\/amsterdaminns.com\/fr\/wp-json\/wp\/v2\/media?parent=2340"}],"curies":[{"name":"wp","href":"https:\/\/api.w.org\/{rel}","templated":true}]}}